{"id":1034,"date":"2021-08-11T07:06:57","date_gmt":"2021-08-11T07:06:57","guid":{"rendered":"https:\/\/toppackingmachine.com\/?page_id=1034"},"modified":"2024-05-22T10:50:28","modified_gmt":"2024-05-22T02:50:28","slug":"be-agent","status":"publish","type":"page","link":"https:\/\/toppackingmachine.com\/es\/be-agent\/","title":{"rendered":"ser agente"},"content":{"rendered":"<style>.kb-row-layout-id1034_da777f-73 > .kt-row-column-wrap{align-content:start;}:where(.kb-row-layout-id1034_da777f-73 > .kt-row-column-wrap) > .wp-block-kadence-column{justify-content:start;}.kb-row-layout-id1034_da777f-73 > .kt-row-column-wrap{column-gap:var(--global-kb-gap-md, 2rem);row-gap:var(--global-kb-gap-md, 2rem);max-width:var( --global-content-width, 1290px );padding-left:var(--global-content-edge-padding);padding-right:var(--global-content-edge-padding);padding-top:var(--global-kb-spacing-sm, 1.5rem);padding-bottom:var(--global-kb-spacing-sm, 1.5rem);grid-template-columns:minmax(0, 1fr);}.kb-row-layout-id1034_da777f-73 > .kt-row-layout-overlay{opacity:0.30;}@media all and (max-width: 1024px){.kb-row-layout-id1034_da777f-73 > .kt-row-column-wrap{grid-template-columns:minmax(0, 1fr);}}@media all and (max-width: 767px){.kb-row-layout-id1034_da777f-73 > .kt-row-column-wrap{grid-template-columns:minmax(0, 1fr);}}<\/style><div class=\"kb-row-layout-wrap kb-row-layout-id1034_da777f-73 alignnone wp-block-kadence-rowlayout\"><div class=\"kt-row-column-wrap kt-has-1-columns kt-row-layout-equal kt-tab-layout-inherit kt-mobile-layout-row kt-row-valign-top kb-theme-content-width\"> <style>.kadence-column1034_ee9d09-3b > .kt-inside-inner-col,.kadence-column1034_ee9d09-3b > .kt-inside-inner-col:before{border-top-left-radius:0px;border-top-right-radius:0px;border-bottom-right-radius:0px;border-bottom-left-radius:0px;}.kadence-column1034_ee9d09-3b > .kt-inside-inner-col{column-gap:var(--global-kb-gap-sm, 1rem);}.kadence-column1034_ee9d09-3b > .kt-inside-inner-col{flex-direction:column;}.kadence-column1034_ee9d09-3b > .kt-inside-inner-col > .aligncenter{width:100%;}.kadence-column1034_ee9d09-3b > .kt-inside-inner-col:before{opacity:0.3;}.kadence-column1034_ee9d09-3b{position:relative;}@media all and (max-width: 1024px){.kadence-column1034_ee9d09-3b > .kt-inside-inner-col{flex-direction:column;justify-content:center;}}@media all and (max-width: 767px){.kadence-column1034_ee9d09-3b > .kt-inside-inner-col{flex-direction:column;justify-content:center;}}<\/style> <div class=\"wp-block-kadence-column kadence-column1034_ee9d09-3b\"><div class=\"kt-inside-inner-col\"> <h2 class=\"wp-block-heading has-palette-color-4-color has-text-color\">Quienes somos<\/h2>    <p>Fundada en 1992, somos uno de los principales fabricantes de m\u00e1quinas envasadoras profesionales en China. Con una amplia experiencia en el dise\u00f1o, investigaci\u00f3n, fabricaci\u00f3n y comercializaci\u00f3n de equipos de embalaje, las m\u00e1quinas de embalaje Henan Top se han exportado a m\u00e1s de 80 pa\u00edses y regiones de todo el mundo. Ahora, buscamos distribuidores como nuestros socios estrat\u00e9gicos globales para una situaci\u00f3n en la que todos ganen.<\/p>    <h2 class=\"wp-block-heading\">Lo que suministramos<\/h2>    <p class=\"translation-block\">Somos un fabricante profesional de m\u00e1quinas de embalaje. Nuestros productos cubren m\u00e1quinas de embalaje de polvo, m\u00e1quinas de embalaje de gr\u00e1nulos, m\u00e1quinas de embalaje de l\u00edquidos, m\u00e1quinas de embalaje de pasta. En cuanto a la estructura de la m\u00e1quina, existen m\u00e1quinas de embalaje verticales y m\u00e1quinas de embalaje tipo almohada. En otras palabras, proporcionamos varios tipos de equipos de embalaje para materiales alimenticios y no alimenticios, como t\u00e9, caf\u00e9, patatas fritas, aperitivos, chocolate, arroz, verduras, palomitas de ma\u00edz, caramelos, az\u00facar, pastillas, aceite, leche, zumo, panader\u00eda, galletas, etc.<\/p>    <h2 class=\"wp-block-heading\">Lo que apoyamos<\/h2>    <ul class=\"wp-block-list\"> <li>Sistema de cadena de suministro continuo y estable.<\/li>    <li>Sistema de precios completo y competitivo.<\/li>    <li>Promoci\u00f3n totalmente compatible: exposiciones mundiales, sitios web oficiales, redes sociales, publicidad mundial<\/li>    <li>Log\u00edstica: Log\u00edstica mundial y log\u00edstica designada por el cliente.<\/li>    <li>Estrategia y construcci\u00f3n de marca: marketing de marca basado en nuestra propia marca u OEM\/ODM.<\/li> <\/ul>    <h2 class=\"wp-block-heading\">C\u00f3mo empezar<\/h2>    <ol class=\"wp-block-list\" style=\"list-style-type:1\"> <li>Informaci\u00f3n del solicitante e intenci\u00f3n enviada.<\/li>    <li>Evaluaci\u00f3n y revisi\u00f3n<\/li>    <li>Propuesta y plan de negocio.<\/li>    <li>Ejecuci\u00f3n y procesamiento de \u00f3rdenes<\/li> <\/ol>    <hr class=\"wp-block-separator has-text-color has-css-opacity has-background is-style-wide\" style=\"background-color:#ff5200;color:#ff5200\"\/>    <p class=\"translation-block\"><strong>HENAN TOP PACKING MACHINERY CO., LTD<\/strong><\/p>    <p class=\"translation-block\">Sitio web: <a href=\"https:\/\/toppackingmachine.com\/es\/\">https:\/\/toppackingmachine.com\/<\/a><\/p>    <p>Correo electr\u00f3nico: info@toppackingmachine.com<\/p>    <p>Tel\u00e9fono\/WhatsApp: +86 17329326135<\/p>    <p class=\"has-text-align-center has-palette-color-6-background-color has-background translation-block\"><strong>\u00bfNecesita m\u00e1s informaci\u00f3n? Por favor, d\u00e9jenos un mensaje<\/strong>.<\/p>    <p>De acuerdo a tu mensaje, \u00a1estaremos encantados de responder a todas tus consultas!<\/p> <\/div><\/div>  <\/div><\/div>","protected":false},"excerpt":{"rendered":"<p>Qui\u00e9nes somos Fundada en 1992, somos uno de los principales fabricantes profesionales de m\u00e1quinas envasadoras en China. Con una amplia experiencia en el dise\u00f1o, investigaci\u00f3n, fabricaci\u00f3n y comercializaci\u00f3n de equipos de embalaje, las m\u00e1quinas empacadoras Henan Top se han exportado a m\u00e1s de 80 pa\u00edses y regiones de todo el mundo. Ahora estamos buscando distribuidores como...<\/p>","protected":false},"author":1,"featured_media":0,"parent":0,"menu_order":0,"comment_status":"closed","ping_status":"closed","template":"","meta":{"_kad_blocks_custom_css":"","_kad_blocks_head_custom_js":"","_kad_blocks_body_custom_js":"","_kad_blocks_footer_custom_js":"","_kadence_starter_templates_imported_post":false,"_kad_post_transparent":"","_kad_post_title":"","_kad_post_layout":"","_kad_post_sidebar_id":"","_kad_post_content_style":"","_kad_post_vertical_padding":"","_kad_post_feature":"","_kad_post_feature_position":"","_kad_post_header":false,"_kad_post_footer":false,"_kad_post_classname":"","footnotes":""},"class_list":["post-1034","page","type-page","status-publish","hentry"],"taxonomy_info":[],"featured_image_src_large":false,"author_info":{"display_name":"Frank","author_link":"https:\/\/toppackingmachine.com\/es\/author\/admin\/"},"comment_info":0,"_links":{"self":[{"href":"https:\/\/toppackingmachine.com\/es\/wp-json\/wp\/v2\/pages\/1034","targetHints":{"allow":["GET"]}}],"collection":[{"href":"https:\/\/toppackingmachine.com\/es\/wp-json\/wp\/v2\/pages"}],"about":[{"href":"https:\/\/toppackingmachine.com\/es\/wp-json\/wp\/v2\/types\/page"}],"author":[{"embeddable":true,"href":"https:\/\/toppackingmachine.com\/es\/wp-json\/wp\/v2\/users\/1"}],"replies":[{"embeddable":true,"href":"https:\/\/toppackingmachine.com\/es\/wp-json\/wp\/v2\/comments?post=1034"}],"version-history":[{"count":0,"href":"https:\/\/toppackingmachine.com\/es\/wp-json\/wp\/v2\/pages\/1034\/revisions"}],"wp:attachment":[{"href":"https:\/\/toppackingmachine.com\/es\/wp-json\/wp\/v2\/media?parent=1034"}],"curies":[{"name":"wp","href":"https:\/\/api.w.org\/{rel}","templated":true}]}}