{"id":1068,"date":"2021-08-11T04:27:45","date_gmt":"2021-08-11T04:27:45","guid":{"rendered":"https:\/\/toppackingmachine.com\/?page_id=1068"},"modified":"2024-05-22T17:20:08","modified_gmt":"2024-05-22T09:20:08","slug":"home-2","status":"publish","type":"page","link":"https:\/\/toppackingmachine.com\/es\/home-2\/","title":{"rendered":"Henan Top Packing Machinery Co., Ltd."},"content":{"rendered":"<h2 class=\"has-text-align-center has-palette-color-4-color has-text-color wp-block-heading\" id=\"featuerd-products\">Productos de tendencia<\/h2>    <p class=\"has-text-align-center\">Varios tipos de excelentes m\u00e1quinas envasadoras para productos alimentarios y no alimentarios. Peque\u00f1a m\u00e1quina llenadora y selladora vertical, m\u00e1quina empacadora pesadora multicabezal de s\u00faper eficiencia, m\u00e1quina empacadora de flujo, m\u00e1quina empacadora al vac\u00edo y l\u00ednea de llenado de botellas de agua disponibles. Adem\u00e1s, apoyamos s\u00f3lidos servicios OEM\/ODM de m\u00e1quinas empacadoras.<\/p>    <hr class=\"wp-block-separator has-text-color has-css-opacity has-background\" style=\"background-color:#ff5200;color:#ff5200\" \/>      <h2 class=\"has-text-align-center has-palette-color-4-color has-text-color wp-block-heading\" id=\"who-we-are\">Quienes somos<\/h2>    <hr class=\"wp-block-separator has-text-color has-css-opacity has-background\" style=\"background-color:#ff5200;color:#ff5200\" \/>    <div class=\"wp-block-columns is-layout-flex wp-container-core-columns-is-layout-9d6595d7 wp-block-columns-is-layout-flex\"> <div class=\"wp-block-column is-layout-flow wp-block-column-is-layout-flow\"> <figure class=\"wp-block-image size-full\"><img loading=\"lazy\" decoding=\"async\" width=\"750\" height=\"500\" src=\"https:\/\/toppackingmachine.com\/wp-content\/uploads\/2021\/08\/company-about-us-1.jpg\" alt=\"empresa y f\u00e1brica\" class=\"wp-image-1340\" title=\"\" srcset=\"https:\/\/toppackingmachine.com\/wp-content\/uploads\/2021\/08\/company-about-us-1.jpg 750w, https:\/\/toppackingmachine.com\/wp-content\/uploads\/2021\/08\/company-about-us-1-300x200.jpg 300w\" sizes=\"auto, (max-width: 750px) 100vw, 750px\" \/><\/figure> <\/div>    <div class=\"wp-block-column is-vertically-aligned-center is-layout-flow wp-block-column-is-layout-flow\"> <p>Henan Top Packing Machinery Co., Ltd, se estableci\u00f3 en 1993 y est\u00e1 ubicada en la ciudad de Zhengzhou, capital de la provincia de Henan, China. Con casi treinta a\u00f1os de desarrollo, hemos presentado un grupo de destacados expertos profesionales para dise\u00f1ar y estudiar en la industria de las m\u00e1quinas empacadoras. Siempre nos adherimos al principio de \"el cliente primero, la calidad primero\", tomamos como nuestra misi\u00f3n \"las m\u00e1quinas se globalizan, las m\u00e1quinas chinas pueden hacer un mundo mejor\", mejorar el valor para los clientes y proporcionar crecimiento a los empleados.<\/p>    <div class=\"wp-block-buttons is-layout-flex wp-block-buttons-is-layout-flex\"> <div class=\"wp-block-button\"><a class=\"wp-block-button__link has-background wp-element-button\" href=\"https:\/\/toppackingmachine.com\/es\/about-us\/\" style=\"background-color:#0177cf\" target=\"_blank\" rel=\"noreferrer noopener\">Saber m\u00e1s<\/a><\/div> <\/div> <\/div> <\/div>    <h2 class=\"has-text-align-center wp-block-heading\" id=\"partners\">Socios<\/h2>    <p><\/p>    <hr class=\"wp-block-separator has-text-color has-css-opacity has-background\" style=\"background-color:#ff5200;color:#ff5200\" \/>      <h2 class=\"has-text-align-center has-palette-color-4-color has-text-color wp-block-heading\" id=\"send-your-requirements\">Contacta ahora<\/h2>    <p class=\"has-text-align-center\">\u00bfTienes un plan para iniciar tu negocio? \u00bfEst\u00e1 interesado en nuestro equipo de embalaje? En caso afirmativo, deje sus requisitos a continuaci\u00f3n y le responderemos lo antes posible. Adem\u00e1s, somos agentes de contrataci\u00f3n y distribuidores en todo el mundo. \u00danase a nosotros y comience su viaje exitoso. <\/p>    <hr class=\"wp-block-separator has-text-color has-css-opacity has-background\" style=\"background-color:#ff5200;color:#ff5200\" \/>","protected":false},"excerpt":{"rendered":"<p>Productos de tendencia Varios tipos de excelentes m\u00e1quinas empacadoras para productos alimenticios y no alimenticios. Peque\u00f1a m\u00e1quina llenadora y selladora vertical, m\u00e1quina empacadora pesadora multicabezal de s\u00faper eficiencia, m\u00e1quina empacadora de flujo, m\u00e1quina empacadora al vac\u00edo y l\u00ednea de llenado de botellas de agua disponibles. Adem\u00e1s, apoyamos s\u00f3lidos servicios OEM\/ODM de m\u00e1quinas empacadoras. Qui\u00e9nes somos Henan Top Packing Machinery Co., Ltd, se estableci\u00f3 en\u2026<\/p>","protected":false},"author":1,"featured_media":1726,"parent":0,"menu_order":0,"comment_status":"closed","ping_status":"closed","template":"","meta":{"_kad_blocks_custom_css":"","_kad_blocks_head_custom_js":"","_kad_blocks_body_custom_js":"","_kad_blocks_footer_custom_js":"","_kadence_starter_templates_imported_post":false,"_kad_post_transparent":"","_kad_post_title":"","_kad_post_layout":"","_kad_post_sidebar_id":"","_kad_post_content_style":"","_kad_post_vertical_padding":"","_kad_post_feature":"","_kad_post_feature_position":"","_kad_post_header":false,"_kad_post_footer":false,"_kad_post_classname":"","footnotes":""},"class_list":["post-1068","page","type-page","status-publish","has-post-thumbnail","hentry"],"taxonomy_info":[],"featured_image_src_large":["https:\/\/toppackingmachine.com\/wp-content\/uploads\/2021\/08\/snacks-granule-packing-machine.jpg",600,450,false],"author_info":{"display_name":"Frank","author_link":"https:\/\/toppackingmachine.com\/es\/author\/admin\/"},"comment_info":0,"_links":{"self":[{"href":"https:\/\/toppackingmachine.com\/es\/wp-json\/wp\/v2\/pages\/1068","targetHints":{"allow":["GET"]}}],"collection":[{"href":"https:\/\/toppackingmachine.com\/es\/wp-json\/wp\/v2\/pages"}],"about":[{"href":"https:\/\/toppackingmachine.com\/es\/wp-json\/wp\/v2\/types\/page"}],"author":[{"embeddable":true,"href":"https:\/\/toppackingmachine.com\/es\/wp-json\/wp\/v2\/users\/1"}],"replies":[{"embeddable":true,"href":"https:\/\/toppackingmachine.com\/es\/wp-json\/wp\/v2\/comments?post=1068"}],"version-history":[{"count":0,"href":"https:\/\/toppackingmachine.com\/es\/wp-json\/wp\/v2\/pages\/1068\/revisions"}],"wp:featuredmedia":[{"embeddable":true,"href":"https:\/\/toppackingmachine.com\/es\/wp-json\/wp\/v2\/media\/1726"}],"wp:attachment":[{"href":"https:\/\/toppackingmachine.com\/es\/wp-json\/wp\/v2\/media?parent=1068"}],"curies":[{"name":"wp","href":"https:\/\/api.w.org\/{rel}","templated":true}]}}