{"id":962,"date":"2021-08-10T12:45:49","date_gmt":"2021-08-10T12:45:49","guid":{"rendered":"https:\/\/toppackingmachine.com\/?page_id=962"},"modified":"2024-05-22T17:20:09","modified_gmt":"2024-05-22T09:20:09","slug":"about-us","status":"publish","type":"page","link":"https:\/\/toppackingmachine.com\/es\/about-us\/","title":{"rendered":"Sobre nosotros"},"content":{"rendered":"<p>Henan Top Packing Machinery Co., Ltd, fundada en 1992 en Zhengzhou, se enfoca en m\u00e1quinas empacadoras de calidad global con la misi\u00f3n de mejorar el valor para el cliente, el crecimiento de los empleados y defender los valores de sinceridad, gratitud y trabajo en equipo.<\/p>    <div class=\"wp-block-columns is-layout-flex wp-container-core-columns-is-layout-9d6595d7 wp-block-columns-is-layout-flex\"> <div class=\"wp-block-column is-layout-flow wp-block-column-is-layout-flow\"> <figure class=\"wp-block-image size-full\"><img loading=\"lazy\" decoding=\"async\" width=\"750\" height=\"500\" src=\"https:\/\/toppackingmachine.com\/wp-content\/uploads\/2021\/08\/company-about-us-1.jpg\" alt=\"empresa y f\u00e1brica\" class=\"wp-image-1340\" title=\"\" srcset=\"https:\/\/toppackingmachine.com\/wp-content\/uploads\/2021\/08\/company-about-us-1.jpg 750w, https:\/\/toppackingmachine.com\/wp-content\/uploads\/2021\/08\/company-about-us-1-300x200.jpg 300w\" sizes=\"auto, (max-width: 750px) 100vw, 750px\" \/><\/figure> <\/div>    <div class=\"wp-block-column is-layout-flow wp-block-column-is-layout-flow\"> <figure class=\"wp-block-image size-full\"><img loading=\"lazy\" decoding=\"async\" width=\"750\" height=\"500\" src=\"https:\/\/toppackingmachine.com\/wp-content\/uploads\/2021\/08\/picture.jpg\" alt=\"imagen\" class=\"wp-image-1336\" title=\"\" srcset=\"https:\/\/toppackingmachine.com\/wp-content\/uploads\/2021\/08\/picture.jpg 750w, https:\/\/toppackingmachine.com\/wp-content\/uploads\/2021\/08\/picture-300x200.jpg 300w\" sizes=\"auto, (max-width: 750px) 100vw, 750px\" \/><\/figure> <\/div> <\/div>    <p>Nuestro negocio abarca todo tipo de m\u00e1quinas envasadoras, principalmente en la industria alimentaria. Seg\u00fan los materiales a envasar, se clasifica en m\u00e1quina envasadora de polvo, m\u00e1quina envasadora de gr\u00e1nulos y m\u00e1quina envasadora de l\u00edquidos. Seg\u00fan su funci\u00f3n, se divide en m\u00e1quina envasadora al vac\u00edo, m\u00e1quina envasadora de almohadas, m\u00e1quina envasadora autom\u00e1tica y m\u00e1quina envasadora semiautom\u00e1tica. Definitivamente, hay otras m\u00e1quinas, como etiquetadoras, selladoras y taponadoras, etc. Todas las m\u00e1quinas son compatibles con la personalizaci\u00f3n. Adem\u00e1s, se encuentran disponibles dispositivos opcionales como impresora de fecha, formador de bolsas, dispositivo de sellado y corte, dispositivo inflable y de escape, tiras de sellado de sellador al vac\u00edo. Adem\u00e1s, nuestras m\u00e1quinas cuentan con certificados CE, ISO. Su dise\u00f1o y proceso de fabricaci\u00f3n cumplen con los est\u00e1ndares internacionales.<\/p>    <div class=\"wp-block-columns is-layout-flex wp-container-core-columns-is-layout-9d6595d7 wp-block-columns-is-layout-flex\"> <div class=\"wp-block-column is-layout-flow wp-block-column-is-layout-flow\"> <figure class=\"wp-block-image size-full\"><a href=\"https:\/\/toppackingmachine.com\/es\/powder-packing-machine\/\"><img loading=\"lazy\" decoding=\"async\" width=\"600\" height=\"450\" src=\"https:\/\/toppackingmachine.com\/wp-content\/uploads\/2021\/08\/0-80-g-powder-packaging-machine-1.jpg\" alt=\"Es una m\u00e1quina envasadora que tiene una tolva oblicua.\" class=\"wp-image-1234\" title=\"\" srcset=\"https:\/\/toppackingmachine.com\/wp-content\/uploads\/2021\/08\/0-80-g-powder-packaging-machine-1.jpg 600w, https:\/\/toppackingmachine.com\/wp-content\/uploads\/2021\/08\/0-80-g-powder-packaging-machine-1-300x225.jpg 300w\" sizes=\"auto, (max-width: 600px) 100vw, 600px\" \/><\/a><figcaption class=\"wp-element-caption\">M\u00e1quina envasadora de polvo de 0-80 G<\/figcaption><\/figure> <\/div>    <div class=\"wp-block-column is-layout-flow wp-block-column-is-layout-flow\"> <figure class=\"wp-block-image size-full\"><a href=\"https:\/\/toppackingmachine.com\/es\/food-packaging-machine\/\"><img loading=\"lazy\" decoding=\"async\" width=\"600\" height=\"450\" src=\"https:\/\/toppackingmachine.com\/wp-content\/uploads\/2021\/08\/multi-head-weigher-granule-food-packing-machine.jpg\" alt=\"M\u00e1quina empacadora pesadora de cabezales m\u00faltiples para envasado de alimentos granulados variados\" class=\"wp-image-444\" title=\"\" srcset=\"https:\/\/toppackingmachine.com\/wp-content\/uploads\/2021\/08\/multi-head-weigher-granule-food-packing-machine.jpg 600w, https:\/\/toppackingmachine.com\/wp-content\/uploads\/2021\/08\/multi-head-weigher-granule-food-packing-machine-300x225.jpg 300w\" sizes=\"auto, (max-width: 600px) 100vw, 600px\" \/><\/a><figcaption class=\"wp-element-caption\">Equipo de envasado de alimentos con pesadora de cabezales m\u00faltiples<\/figcaption><\/figure> <\/div>    <div class=\"wp-block-column is-layout-flow wp-block-column-is-layout-flow\"> <figure class=\"wp-block-image size-full\"><a href=\"https:\/\/toppackingmachine.com\/es\/liquid-packing-machine\/\"><img loading=\"lazy\" decoding=\"async\" width=\"600\" height=\"450\" src=\"https:\/\/toppackingmachine.com\/wp-content\/uploads\/2021\/08\/TH-liquid-packaging-machine.jpg\" alt=\"La m\u00e1quina envasadora de l\u00edquidos sirve para envasar leche pura, leche de soja, etc.\" class=\"wp-image-1175\" title=\"\" srcset=\"https:\/\/toppackingmachine.com\/wp-content\/uploads\/2021\/08\/TH-liquid-packaging-machine.jpg 600w, https:\/\/toppackingmachine.com\/wp-content\/uploads\/2021\/08\/TH-liquid-packaging-machine-300x225.jpg 300w\" sizes=\"auto, (max-width: 600px) 100vw, 600px\" \/><\/a><figcaption class=\"wp-element-caption\">M\u00e1quina envasadora de l\u00edquidos<\/figcaption><\/figure> <\/div> <\/div>    <div class=\"wp-block-columns is-layout-flex wp-container-core-columns-is-layout-9d6595d7 wp-block-columns-is-layout-flex\"> <div class=\"wp-block-column is-layout-flow wp-block-column-is-layout-flow\"> <figure class=\"wp-block-image size-full\"><a href=\"https:\/\/toppackingmachine.com\/es\/pillow-packing-machine\/\"><img loading=\"lazy\" decoding=\"async\" width=\"600\" height=\"450\" src=\"https:\/\/toppackingmachine.com\/wp-content\/uploads\/2021\/08\/pillow-food-packaging-equipment.jpg\" alt=\"M\u00e1quina envasadora horizontal para envasado de alimentos, como verduras, pastel de luna, etc.\" class=\"wp-image-443\" title=\"\" srcset=\"https:\/\/toppackingmachine.com\/wp-content\/uploads\/2021\/08\/pillow-food-packaging-equipment.jpg 600w, https:\/\/toppackingmachine.com\/wp-content\/uploads\/2021\/08\/pillow-food-packaging-equipment-300x225.jpg 300w\" sizes=\"auto, (max-width: 600px) 100vw, 600px\" \/><\/a><figcaption class=\"wp-element-caption\">M\u00e1quina de envasado de alimentos en forma de almohada<\/figcaption><\/figure> <\/div>    <div class=\"wp-block-column is-layout-flow wp-block-column-is-layout-flow\"> <figure class=\"wp-block-image size-full\"><a href=\"https:\/\/toppackingmachine.com\/es\/granule-packing-machine\/\"><img loading=\"lazy\" decoding=\"async\" width=\"600\" height=\"450\" src=\"https:\/\/toppackingmachine.com\/wp-content\/uploads\/2021\/08\/TH-320-granule-packing-machine.jpg\" alt=\"La m\u00e1quina envasadora de gr\u00e1nulos se utiliza para envasar part\u00edculas, como el mijo.\" class=\"wp-image-1144\" title=\"\" srcset=\"https:\/\/toppackingmachine.com\/wp-content\/uploads\/2021\/08\/TH-320-granule-packing-machine.jpg 600w, https:\/\/toppackingmachine.com\/wp-content\/uploads\/2021\/08\/TH-320-granule-packing-machine-300x225.jpg 300w\" sizes=\"auto, (max-width: 600px) 100vw, 600px\" \/><\/a><figcaption class=\"wp-element-caption\">M\u00e1quina empacadora de gr\u00e1nulos Th-320<\/figcaption><\/figure> <\/div>    <div class=\"wp-block-column is-layout-flow wp-block-column-is-layout-flow\"> <figure class=\"wp-block-image size-full\"><a href=\"https:\/\/toppackingmachine.com\/es\/vacuum-packaging-machine\/\"><img loading=\"lazy\" decoding=\"async\" width=\"600\" height=\"450\" src=\"https:\/\/toppackingmachine.com\/wp-content\/uploads\/2021\/08\/vacuum-vetegable-packaging-machine.jpg\" alt=\"La m\u00e1quina empacadora de vegetales tiene dos c\u00e1maras.\" class=\"wp-image-594\" title=\"\" srcset=\"https:\/\/toppackingmachine.com\/wp-content\/uploads\/2021\/08\/vacuum-vetegable-packaging-machine.jpg 600w, https:\/\/toppackingmachine.com\/wp-content\/uploads\/2021\/08\/vacuum-vetegable-packaging-machine-300x225.jpg 300w\" sizes=\"auto, (max-width: 600px) 100vw, 600px\" \/><\/a><figcaption class=\"wp-element-caption\">M\u00e1quina de envasado de verduras al vac\u00edo<\/figcaption><\/figure> <\/div> <\/div>    <p>Somos un fabricante y proveedor de soluciones de embalaje integradas. Cuando usted proporciona sus requisitos espec\u00edficos, informamos directamente a nuestra f\u00e1brica para producir las m\u00e1quinas correspondientes sin perder tiempo ni costos. Nuestras m\u00e1quinas son de calidad superior, rendimiento estable y estructura razonable. Adem\u00e1s, obtendr\u00e1 la soluci\u00f3n perfecta para su m\u00e1quina envasadora solicitada por usted mismo, si la hubiera. Y nuestras m\u00e1quinas se exportan a m\u00e1s de 80 regiones y pa\u00edses, como EE. UU., Reino Unido, Canad\u00e1, Australia, Jap\u00f3n, Filipinas, Indonesia, Arabia Saudita, Emiratos \u00c1rabes Unidos, M\u00e9xico, Brasil, etc. Nuestras huellas han viajado por todas partes. el mundo. Henan Top Packing Machinery Co., Ltd se ha posicionado entre los primeros lugares en \u00e1reas de m\u00e1quinas empacadoras. \u00a1Bienvenido a contactarnos para una relaci\u00f3n de cooperaci\u00f3n larga y confiable!<\/p>   <div class=\"wp-block-image\"> <figure class=\"aligncenter size-full\"><img loading=\"lazy\" decoding=\"async\" width=\"1024\" height=\"486\" src=\"https:\/\/toppackingmachine.com\/wp-content\/uploads\/2021\/08\/global-market.jpg\" alt=\"mercado global \" class=\"wp-image-1684\" title=\"\" srcset=\"https:\/\/toppackingmachine.com\/wp-content\/uploads\/2021\/08\/global-market.jpg 1024w, https:\/\/toppackingmachine.com\/wp-content\/uploads\/2021\/08\/global-market-300x142.jpg 300w, https:\/\/toppackingmachine.com\/wp-content\/uploads\/2021\/08\/global-market-768x365.jpg 768w\" sizes=\"auto, (max-width: 1024px) 100vw, 1024px\" \/><figcaption class=\"wp-element-caption\">mercado global<\/figcaption><\/figure> <\/div>   <p>Seleccionar nuestra m\u00e1quina envasadora es una elecci\u00f3n de la que nunca se arrepentir\u00e1. Los componentes de las m\u00e1quinas de nuestra empresa son todos de marcas reconocidas, por lo que las m\u00e1quinas empacadoras que nos pertenecen son de alta colocaci\u00f3n, buena calidad y bajas p\u00e9rdidas. Lo que es m\u00e1s importante, tambi\u00e9n ofrecemos servicios personalizados. Produciremos las m\u00e1quinas que necesita en funci\u00f3n de sus necesidades espec\u00edficas. Si tiene alguna pregunta sobre esto, creo que la siguiente imagen es la mejor prueba. De esto se puede ver que nuestras m\u00e1quinas son ampliamente elogiadas y amadas por clientes de todo el mundo. \u00a1Ven y cont\u00e1ctanos de inmediato para facilitar tu negocio!<\/p>   <div class=\"wp-block-image\"> <figure class=\"aligncenter size-large\"><img loading=\"lazy\" decoding=\"async\" width=\"1024\" height=\"620\" src=\"https:\/\/toppackingmachine.com\/wp-content\/uploads\/2021\/08\/customer-worldwide-1024x620.jpg\" alt=\"\" class=\"wp-image-1678\" title=\"\" srcset=\"https:\/\/toppackingmachine.com\/wp-content\/uploads\/2021\/08\/customer-worldwide-1024x620.jpg 1024w, https:\/\/toppackingmachine.com\/wp-content\/uploads\/2021\/08\/customer-worldwide-300x182.jpg 300w, https:\/\/toppackingmachine.com\/wp-content\/uploads\/2021\/08\/customer-worldwide-768x465.jpg 768w, https:\/\/toppackingmachine.com\/wp-content\/uploads\/2021\/08\/customer-worldwide.jpg 1210w\" sizes=\"auto, (max-width: 1024px) 100vw, 1024px\" \/><\/figure> <\/div>","protected":false},"excerpt":{"rendered":"<p>Henan Top Packing Machinery Co., Ltd, fundada en 1992 en Zhengzhou, se enfoca en m\u00e1quinas empacadoras de calidad global con la misi\u00f3n de mejorar el valor para el cliente, el crecimiento de los empleados y defender los valores de sinceridad, gratitud y trabajo en equipo. Nuestro negocio abarca todo tipo de m\u00e1quinas envasadoras, principalmente en la industria alimentaria. Seg\u00fan los materiales a empaquetar, es\u2026<\/p>","protected":false},"author":1,"featured_media":0,"parent":0,"menu_order":0,"comment_status":"closed","ping_status":"closed","template":"","meta":{"_kad_blocks_custom_css":"","_kad_blocks_head_custom_js":"","_kad_blocks_body_custom_js":"","_kad_blocks_footer_custom_js":"","_kadence_starter_templates_imported_post":false,"_kad_post_transparent":"","_kad_post_title":"","_kad_post_layout":"","_kad_post_sidebar_id":"","_kad_post_content_style":"","_kad_post_vertical_padding":"","_kad_post_feature":"","_kad_post_feature_position":"","_kad_post_header":false,"_kad_post_footer":false,"_kad_post_classname":"","footnotes":""},"class_list":["post-962","page","type-page","status-publish","hentry"],"taxonomy_info":[],"featured_image_src_large":false,"author_info":{"display_name":"Frank","author_link":"https:\/\/toppackingmachine.com\/es\/author\/admin\/"},"comment_info":0,"_links":{"self":[{"href":"https:\/\/toppackingmachine.com\/es\/wp-json\/wp\/v2\/pages\/962","targetHints":{"allow":["GET"]}}],"collection":[{"href":"https:\/\/toppackingmachine.com\/es\/wp-json\/wp\/v2\/pages"}],"about":[{"href":"https:\/\/toppackingmachine.com\/es\/wp-json\/wp\/v2\/types\/page"}],"author":[{"embeddable":true,"href":"https:\/\/toppackingmachine.com\/es\/wp-json\/wp\/v2\/users\/1"}],"replies":[{"embeddable":true,"href":"https:\/\/toppackingmachine.com\/es\/wp-json\/wp\/v2\/comments?post=962"}],"version-history":[{"count":0,"href":"https:\/\/toppackingmachine.com\/es\/wp-json\/wp\/v2\/pages\/962\/revisions"}],"wp:attachment":[{"href":"https:\/\/toppackingmachine.com\/es\/wp-json\/wp\/v2\/media?parent=962"}],"curies":[{"name":"wp","href":"https:\/\/api.w.org\/{rel}","templated":true}]}}