{"id":964,"date":"2021-08-10T10:30:35","date_gmt":"2021-08-10T10:30:35","guid":{"rendered":"https:\/\/toppackingmachine.com\/?page_id=964"},"modified":"2024-05-21T17:30:42","modified_gmt":"2024-05-21T09:30:42","slug":"faq","status":"publish","type":"page","link":"https:\/\/toppackingmachine.com\/es\/faq\/","title":{"rendered":"Preguntas m\u00e1s frecuentes"},"content":{"rendered":"<style>.kb-row-layout-id964_c6e9e8-c0 > .kt-row-column-wrap{align-content:start;}:where(.kb-row-layout-id964_c6e9e8-c0 > .kt-row-column-wrap) > .wp-block-kadence-column{justify-content:start;}.kb-row-layout-id964_c6e9e8-c0 > .kt-row-column-wrap{column-gap:var(--global-kb-gap-md, 2rem);row-gap:var(--global-kb-gap-md, 2rem);max-width:var( --global-content-width, 1290px );padding-left:var(--global-content-edge-padding);padding-right:var(--global-content-edge-padding);padding-top:var(--global-kb-spacing-sm, 1.5rem);padding-bottom:var(--global-kb-spacing-sm, 1.5rem);grid-template-columns:minmax(0, 1fr);}.kb-row-layout-id964_c6e9e8-c0 > .kt-row-layout-overlay{opacity:0.30;}@media all and (max-width: 1024px){.kb-row-layout-id964_c6e9e8-c0 > .kt-row-column-wrap{grid-template-columns:minmax(0, 1fr);}}@media all and (max-width: 767px){.kb-row-layout-id964_c6e9e8-c0 > .kt-row-column-wrap{grid-template-columns:minmax(0, 1fr);}}<\/style><div class=\"kb-row-layout-wrap kb-row-layout-id964_c6e9e8-c0 alignnone wp-block-kadence-rowlayout\"><div class=\"kt-row-column-wrap kt-has-1-columns kt-row-layout-equal kt-tab-layout-inherit kt-mobile-layout-row kt-row-valign-top kb-theme-content-width\"> <style>.kadence-column964_57de39-3c > .kt-inside-inner-col,.kadence-column964_57de39-3c > .kt-inside-inner-col:before{border-top-left-radius:0px;border-top-right-radius:0px;border-bottom-right-radius:0px;border-bottom-left-radius:0px;}.kadence-column964_57de39-3c > .kt-inside-inner-col{column-gap:var(--global-kb-gap-sm, 1rem);}.kadence-column964_57de39-3c > .kt-inside-inner-col{flex-direction:column;}.kadence-column964_57de39-3c > .kt-inside-inner-col > .aligncenter{width:100%;}.kadence-column964_57de39-3c > .kt-inside-inner-col:before{opacity:0.3;}.kadence-column964_57de39-3c{position:relative;}@media all and (max-width: 1024px){.kadence-column964_57de39-3c > .kt-inside-inner-col{flex-direction:column;justify-content:center;}}@media all and (max-width: 767px){.kadence-column964_57de39-3c > .kt-inside-inner-col{flex-direction:column;justify-content:center;}}<\/style> <div class=\"wp-block-kadence-column kadence-column964_57de39-3c\"><div class=\"kt-inside-inner-col\"> <h5 class=\"wp-block-heading has-text-color\" style=\"color:#0177cf\">P1: \u00bfPuedo convertirme en su distribuidor en un \u00e1rea determinada?<\/h5>    <p>\u2014-Por supuesto, damos la bienvenida a los distribuidores, le ofreceremos precios y servicios m\u00e1s competitivos cuando compre una cantidad diferente.<\/p>    <h5 class=\"wp-block-heading has-text-color\" style=\"color:#0177cf\">P2:\u00a0\u00bfQu\u00e9 tipo de pel\u00edcula en rollo se puede utilizar para su m\u00e1quina?<\/h5>    <p>\u2014-Polipropileno\/polietileno, papel de aluminio\/polietileno, poli\u00e9ster\/aluminio\/polietileno, nailon\/polietileno reforzado, papel\/polietileno, papel de filtro, etc.<\/p>    <h5 class=\"wp-block-heading has-text-color\" style=\"color:#0177cf\">P3:\u00a0Para la m\u00e1quina empacadora de gr\u00e1nulos,\u00a0\u00bfcu\u00e1nto peso se reducir\u00e1\u00a0al quitar una taza medidora?<\/h5>    <p>\u2014-Los diferentes objetos son diferentes porque la densidad de los objetos es diferente. Le haremos sugerencias en funci\u00f3n de sus productos.<\/p>    <h5 class=\"wp-block-heading has-text-color\" style=\"color:#0177cf\">P4:\u00a0\u00bfPuede su m\u00e1quina envasadora imprimir la fecha?<\/h5>    <p>--S\u00ed. Podemos agregar un dispositivo para imprimir la fecha de producci\u00f3n\/n\u00famero de lote\/fecha de vencimiento.<\/p>    <h5 class=\"wp-block-heading has-text-color\" style=\"color:#0177cf\">P5: Mi rango de empaque es de 250 a 1500 gramos, \u00bfpuedo usar un paquete de m\u00e1quina?<\/h5>    <p>\u2014-Disponemos de diferentes modelos de m\u00e1quinas para diferentes gamas de embalaje. Apoyamos la personalizaci\u00f3n de diferentes soluciones para usted seg\u00fan su situaci\u00f3n espec\u00edfica.<\/p>    <h5 class=\"wp-block-heading has-text-color\" style=\"color:#0177cf\">P6:\u00a0Para la m\u00e1quina empacadora de almohadas,\u00a0\u00bfpuedo ajustar el ancho de la bolsa yo mismo?<\/h5>    <p>--Por supuesto. Puede ajustar el ancho en un rango determinado. Te daremos consejos.<\/p>    <h5 class=\"wp-block-heading has-text-color\" style=\"color:#0177cf\">P7:\u00a0A partir de la fecha de los pedidos, \u00bfcu\u00e1ntos d\u00edas puedo recibir las m\u00e1quinas?<\/h5>    <p>\u2014-Si la m\u00e1quina que necesita est\u00e1 disponible, podemos arreglarla de inmediato. Generalmente entre 7 y 15 d\u00edas la m\u00e1quina est\u00e1 lista. Lo siguiente a considerar es la forma de entrega. La hora de llegada var\u00eda seg\u00fan la empresa de transporte seleccionada. Depende de la situaci\u00f3n real.<\/p>    <h5 class=\"wp-block-heading has-text-color\" style=\"color:#0177cf\">P8:\u00a0\u00bfC\u00f3mo puedo garantizar que puedo obtener m\u00e1quinas de calidad superior o la misma m\u00e1quina que comentamos antes?<\/h5>    <p>--No te preocupes. Antes de producir, le confirmaremos cada detalle. Cuando llega la m\u00e1quina, grabamos el v\u00eddeo sobre la puesta en servicio para asegurarnos de que la m\u00e1quina est\u00e9 en buenas condiciones. Cualquier duda puedes contactar con nosotros en cualquier momento.<\/p>    <h5 class=\"wp-block-heading has-text-color\" style=\"color:#0177cf\">P9:\u00a0\u00bfQu\u00e9 servicio postventa ofrec\u00e9is?<\/h5>    <p>\u2014-En t\u00e9rminos generales, 24 meses de garant\u00eda y mantenimiento de por vida. Adem\u00e1s, hay gu\u00eda de instalaci\u00f3n, soporte por video y soporte en l\u00ednea.<\/p>    <h5 class=\"wp-block-heading has-text-color\" style=\"color:#0177cf\">P10: \u00bfCu\u00e1l es su m\u00e9todo de pago?<\/h5>    <p>\u2014-T\/T y tarjeta de cr\u00e9dito. El pago por adelantado del 50% debe realizarse antes de la entrega y el saldo del 50% se paga despu\u00e9s de recibir las m\u00e1quinas. Sin embargo, la peque\u00f1a cantidad debe pagarse en forma de 100%.<\/p> <\/div><\/div>  <\/div><\/div>","protected":false},"excerpt":{"rendered":"<p>P1: \u00bfPuedo convertirme en su distribuidor en un \u00e1rea determinada? \u2014-Por supuesto, damos la bienvenida a los distribuidores, le ofreceremos precios y servicios m\u00e1s competitivos cuando compre una cantidad diferente. P2:\u00a0\u00bfQu\u00e9 tipo de pel\u00edcula en rollo se puede utilizar para su m\u00e1quina? \u2014-Polipropileno\/polietileno, papel de aluminio\/polietileno, poli\u00e9ster\/aluminio\/polietileno, nailon\/polietileno reforzado, papel\/polietileno, papel de filtro, etc. P3: Para la m\u00e1quina empacadora de gr\u00e1nulos, \u00bfcu\u00e1nto peso tendr\u00e1...<\/p>","protected":false},"author":1,"featured_media":0,"parent":0,"menu_order":0,"comment_status":"closed","ping_status":"closed","template":"","meta":{"_kad_blocks_custom_css":"","_kad_blocks_head_custom_js":"","_kad_blocks_body_custom_js":"","_kad_blocks_footer_custom_js":"","_kadence_starter_templates_imported_post":false,"_kad_post_transparent":"","_kad_post_title":"","_kad_post_layout":"normal","_kad_post_sidebar_id":"","_kad_post_content_style":"","_kad_post_vertical_padding":"","_kad_post_feature":"","_kad_post_feature_position":"","_kad_post_header":false,"_kad_post_footer":false,"_kad_post_classname":"","footnotes":""},"class_list":["post-964","page","type-page","status-publish","hentry"],"taxonomy_info":[],"featured_image_src_large":false,"author_info":{"display_name":"Frank","author_link":"https:\/\/toppackingmachine.com\/es\/author\/admin\/"},"comment_info":0,"_links":{"self":[{"href":"https:\/\/toppackingmachine.com\/es\/wp-json\/wp\/v2\/pages\/964","targetHints":{"allow":["GET"]}}],"collection":[{"href":"https:\/\/toppackingmachine.com\/es\/wp-json\/wp\/v2\/pages"}],"about":[{"href":"https:\/\/toppackingmachine.com\/es\/wp-json\/wp\/v2\/types\/page"}],"author":[{"embeddable":true,"href":"https:\/\/toppackingmachine.com\/es\/wp-json\/wp\/v2\/users\/1"}],"replies":[{"embeddable":true,"href":"https:\/\/toppackingmachine.com\/es\/wp-json\/wp\/v2\/comments?post=964"}],"version-history":[{"count":0,"href":"https:\/\/toppackingmachine.com\/es\/wp-json\/wp\/v2\/pages\/964\/revisions"}],"wp:attachment":[{"href":"https:\/\/toppackingmachine.com\/es\/wp-json\/wp\/v2\/media?parent=964"}],"curies":[{"name":"wp","href":"https:\/\/api.w.org\/{rel}","templated":true}]}}