{"id":980,"date":"2021-08-10T12:49:50","date_gmt":"2021-08-10T12:49:50","guid":{"rendered":"https:\/\/toppackingmachine.com\/?page_id=980"},"modified":"2024-05-22T17:20:10","modified_gmt":"2024-05-22T09:20:10","slug":"contact-us","status":"publish","type":"page","link":"https:\/\/toppackingmachine.com\/es\/contact-us\/","title":{"rendered":"Cont\u00e1ctenos"},"content":{"rendered":"<h2 class=\"wp-block-heading has-text-align-center\">Informaci\u00f3n del contacto<\/h2>    <div class=\"wp-block-columns is-layout-flex wp-container-core-columns-is-layout-9d6595d7 wp-block-columns-is-layout-flex\"> <div class=\"wp-block-column is-layout-flow wp-block-column-is-layout-flow\"><div class=\"wp-block-image\"> <figure class=\"aligncenter size-full\"><img loading=\"lazy\" decoding=\"async\" width=\"115\" height=\"115\" src=\"https:\/\/toppackingmachine.com\/wp-content\/uploads\/2021\/08\/icon-three.png\" alt=\"\" class=\"wp-image-1384\" title=\"\"><figcaption class=\"wp-element-caption\">VIS\u00cdTANOS<\/figcaption><\/figure> <\/div>   <p class=\"has-text-align-center\">Carretera N\u00e1utica Este, Zona de Desarrollo Econ\u00f3mico de Zhengzhou.<\/p>    <h6 class=\"wp-block-heading has-text-align-center has-text-color\" style=\"color:#0177cf\">Ciudad de Zhengzhou, Henan, China<\/h6> <\/div>    <div class=\"wp-block-column is-layout-flow wp-block-column-is-layout-flow\"><div class=\"wp-block-image\"> <figure class=\"aligncenter size-full\"><img loading=\"lazy\" decoding=\"async\" width=\"135\" height=\"123\" src=\"https:\/\/toppackingmachine.com\/wp-content\/uploads\/2021\/08\/icon-two.png\" alt=\"\" class=\"wp-image-1383\" title=\"\"><figcaption class=\"wp-element-caption\">ENV\u00cdANOS UN CORREO ELECTR\u00d3NICO<\/figcaption><\/figure> <\/div>   <p class=\"has-text-align-center\">\u00bfNecesita un presupuesto gratuito o m\u00e1s perfiles de productos? Env\u00edenos un correo electr\u00f3nico hoy.<\/p>    <h6 class=\"wp-block-heading has-text-align-center has-text-color\" style=\"color:#0177cf\"><a href=\"mailto:sales@toppackingmachine.com\">sales@toppackingmachine.com<\/a><\/h6> <\/div>    <div class=\"wp-block-column is-layout-flow wp-block-column-is-layout-flow\"><div class=\"wp-block-image\"> <figure class=\"aligncenter size-full\"><img loading=\"lazy\" decoding=\"async\" width=\"123\" height=\"115\" src=\"https:\/\/toppackingmachine.com\/wp-content\/uploads\/2021\/08\/icon-one.png\" alt=\"\" class=\"wp-image-1382\" title=\"\"><figcaption class=\"wp-element-caption\">LL\u00c1MANOS<\/figcaption><\/figure> <\/div>   <p class=\"has-text-align-center\">\u00bfEst\u00e1 interesado en m\u00e1quinas envasadoras asequibles y de calidad? Ll\u00e1manos<\/p>    <h6 class=\"wp-block-heading has-text-align-center has-text-color\" style=\"color:#0177cf\"><a href=\"tel:8617329326135\">Tel\u00e9fono: 8617320158259<\/a><\/h6>    <p class=\"has-text-align-center\">WhatsApp: 8617329326135<\/p> <\/div> <\/div>      <p><\/p>","protected":false},"excerpt":{"rendered":"<p>Informaci\u00f3n de contacto Carretera N\u00e1utica Este, Zona de Desarrollo Econ\u00f3mico de Zhengzhou. Ciudad de Zhengzhou, Henan, China \u00bfNecesita un presupuesto gratuito o m\u00e1s perfiles de productos? Env\u00edenos un correo electr\u00f3nico hoy. sales@toppackingmachine.com \u00bfEst\u00e1 interesado en m\u00e1quinas empacadoras asequibles y de calidad? Ll\u00e1manos Tel: 8617320158259 WhatsApp: 8617329326135<\/p>","protected":false},"author":1,"featured_media":0,"parent":0,"menu_order":0,"comment_status":"closed","ping_status":"closed","template":"","meta":{"_kad_blocks_custom_css":"","_kad_blocks_head_custom_js":"","_kad_blocks_body_custom_js":"","_kad_blocks_footer_custom_js":"","_kadence_starter_templates_imported_post":false,"_kad_post_transparent":"","_kad_post_title":"","_kad_post_layout":"","_kad_post_sidebar_id":"","_kad_post_content_style":"","_kad_post_vertical_padding":"","_kad_post_feature":"","_kad_post_feature_position":"","_kad_post_header":false,"_kad_post_footer":false,"_kad_post_classname":"","footnotes":""},"class_list":["post-980","page","type-page","status-publish","hentry"],"taxonomy_info":[],"featured_image_src_large":false,"author_info":{"display_name":"Frank","author_link":"https:\/\/toppackingmachine.com\/es\/author\/admin\/"},"comment_info":0,"_links":{"self":[{"href":"https:\/\/toppackingmachine.com\/es\/wp-json\/wp\/v2\/pages\/980","targetHints":{"allow":["GET"]}}],"collection":[{"href":"https:\/\/toppackingmachine.com\/es\/wp-json\/wp\/v2\/pages"}],"about":[{"href":"https:\/\/toppackingmachine.com\/es\/wp-json\/wp\/v2\/types\/page"}],"author":[{"embeddable":true,"href":"https:\/\/toppackingmachine.com\/es\/wp-json\/wp\/v2\/users\/1"}],"replies":[{"embeddable":true,"href":"https:\/\/toppackingmachine.com\/es\/wp-json\/wp\/v2\/comments?post=980"}],"version-history":[{"count":0,"href":"https:\/\/toppackingmachine.com\/es\/wp-json\/wp\/v2\/pages\/980\/revisions"}],"wp:attachment":[{"href":"https:\/\/toppackingmachine.com\/es\/wp-json\/wp\/v2\/media?parent=980"}],"curies":[{"name":"wp","href":"https:\/\/api.w.org\/{rel}","templated":true}]}}