{"id":1034,"date":"2021-08-11T07:06:57","date_gmt":"2021-08-11T07:06:57","guid":{"rendered":"https:\/\/toppackingmachine.com\/?page_id=1034"},"modified":"2024-05-22T10:50:28","modified_gmt":"2024-05-22T02:50:28","slug":"be-agent","status":"publish","type":"page","link":"https:\/\/toppackingmachine.com\/fr\/be-agent\/","title":{"rendered":"Soyez agent"},"content":{"rendered":"<style>.kb-row-layout-id1034_da777f-73 > .kt-row-column-wrap{align-content:start;}:where(.kb-row-layout-id1034_da777f-73 > .kt-row-column-wrap) > .wp-block-kadence-column{justify-content:start;}.kb-row-layout-id1034_da777f-73 > .kt-row-column-wrap{column-gap:var(--global-kb-gap-md, 2rem);row-gap:var(--global-kb-gap-md, 2rem);max-width:var( --global-content-width, 1290px );padding-left:var(--global-content-edge-padding);padding-right:var(--global-content-edge-padding);padding-top:var(--global-kb-spacing-sm, 1.5rem);padding-bottom:var(--global-kb-spacing-sm, 1.5rem);grid-template-columns:minmax(0, 1fr);}.kb-row-layout-id1034_da777f-73 > .kt-row-layout-overlay{opacity:0.30;}@media all and (max-width: 1024px){.kb-row-layout-id1034_da777f-73 > .kt-row-column-wrap{grid-template-columns:minmax(0, 1fr);}}@media all and (max-width: 767px){.kb-row-layout-id1034_da777f-73 > .kt-row-column-wrap{grid-template-columns:minmax(0, 1fr);}}<\/style><div class=\"kb-row-layout-wrap kb-row-layout-id1034_da777f-73 alignnone wp-block-kadence-rowlayout\"><div class=\"kt-row-column-wrap kt-has-1-columns kt-row-layout-equal kt-tab-layout-inherit kt-mobile-layout-row kt-row-valign-top kb-theme-content-width\"> <style>.kadence-column1034_ee9d09-3b > .kt-inside-inner-col,.kadence-column1034_ee9d09-3b > .kt-inside-inner-col:before{border-top-left-radius:0px;border-top-right-radius:0px;border-bottom-right-radius:0px;border-bottom-left-radius:0px;}.kadence-column1034_ee9d09-3b > .kt-inside-inner-col{column-gap:var(--global-kb-gap-sm, 1rem);}.kadence-column1034_ee9d09-3b > .kt-inside-inner-col{flex-direction:column;}.kadence-column1034_ee9d09-3b > .kt-inside-inner-col > .aligncenter{width:100%;}.kadence-column1034_ee9d09-3b > .kt-inside-inner-col:before{opacity:0.3;}.kadence-column1034_ee9d09-3b{position:relative;}@media all and (max-width: 1024px){.kadence-column1034_ee9d09-3b > .kt-inside-inner-col{flex-direction:column;justify-content:center;}}@media all and (max-width: 767px){.kadence-column1034_ee9d09-3b > .kt-inside-inner-col{flex-direction:column;justify-content:center;}}<\/style> <div class=\"wp-block-kadence-column kadence-column1034_ee9d09-3b\"><div class=\"kt-inside-inner-col\"> <h2 class=\"wp-block-heading has-palette-color-4-color has-text-color\">Qui nous sommes<\/h2>    <p>Fond\u00e9 en 1992, nous sommes l'un des principaux fabricants de machines d'emballage professionnelles en Chine. Fortes d'une riche exp\u00e9rience dans la conception, la recherche, la fabrication et la commercialisation d'\u00e9quipements d'emballage, les machines d'emballage Henan Top ont \u00e9t\u00e9 export\u00e9es dans plus de 80 pays et r\u00e9gions du monde. Nous recherchons d\u00e9sormais des distributeurs comme partenaires strat\u00e9giques mondiaux pour une situation gagnant-gagnant.<\/p>    <h2 class=\"wp-block-heading\">Ce que nous fournissons<\/h2>    <p class=\"translation-block\">Nous sommes un fabricant professionnel de machines d\u2019emballage. Nos produits couvrent les <a href=\"https:\/\/toppackingmachine.com\/fr\/powder-packing-machine\/\" target=\"_blank\" rel=\"noreferrer noopener\">machines d\u2019emballage de poudre<\/a>, les <a href=\"https:\/\/toppackingmachine.com\/fr\/granule-packing-machine\/\" target=\"_blank\" rel=\"noreferrer noopener\">machines d\u2019emballage de granul\u00e9s<\/a>, les <a href=\"https:\/\/toppackingmachine.com\/fr\/liquid-packing-machine\/\" target=\"_blank\" rel=\"noreferrer noopener\">machines d\u2019emballage de liquide<\/a>, les machines d\u2019emballage de p\u00e2te. En ce qui concerne la structure des machines, il existe des machines d\u2019emballage verticales et des <a href=\"https:\/\/toppackingmachine.com\/fr\/pillow-packing-machine\/\" target=\"_blank\" rel=\"noreferrer noopener\">machines d\u2019emballage coussin<\/a>. En d\u2019autres termes, nous fournissons divers types d\u2019\u00e9quipements d\u2019emballage pour les mat\u00e9riaux alimentaires et non alimentaires, tels que le th\u00e9, le caf\u00e9, les chips, les snacks, le chocolat, le riz, les l\u00e9gumes, le pop-corn, les bonbons, le sucre, les pilules, l\u2019huile, le lait, le jus, la boulangerie, les biscuits, etc.<\/p>    <h2 class=\"wp-block-heading\">Ce que nous soutenons<\/h2>    <ul class=\"wp-block-list\"> <li>Syst\u00e8me de cha\u00eene d'approvisionnement continu et stable<\/li>    <li>Syst\u00e8me de tarification complet et comp\u00e9titif<\/li>    <li>Prise en charge totale de la promotion\u00a0: expositions universelles, sites Web officiels, r\u00e9seaux sociaux, publicit\u00e9 mondiale<\/li>    <li>Logistique\u00a0: logistique mondiale et logistique d\u00e9sign\u00e9e par le client<\/li>    <li>Strat\u00e9gie et construction de marque\u00a0: marketing de marque bas\u00e9 sur notre propre marque ou OEM\/ODM<\/li> <\/ul>    <h2 class=\"wp-block-heading\">Comment commencer<\/h2>    <ol class=\"wp-block-list\" style=\"list-style-type:1\"> <li>Informations sur le candidat et intention de le soumettre<\/li>    <li>\u00c9valuation et examen<\/li>    <li>Proposition et plan d'affaires<\/li>    <li>Ex\u00e9cution et traitement des commandes<\/li> <\/ol>    <hr class=\"wp-block-separator has-text-color has-css-opacity has-background is-style-wide\" style=\"background-color:#ff5200;color:#ff5200\"\/>    <p class=\"translation-block\"><strong>HENAN TOP PACKING MACHINERY CO., LTD<\/strong><\/p>    <p class=\"translation-block\">Site Web : <a href=\"https:\/\/toppackingmachine.com\/fr\/\">https:\/\/toppackingmachine.com\/<\/a><\/p>    <p>Courriel\u00a0: info@toppackingmachine.com<\/p>    <p>T\u00e9l\/WhatsApp\u00a0: +86 17329326135<\/p>    <p class=\"has-text-align-center has-palette-color-6-background-color has-background translation-block\"><strong>Besoin de plus d\u2019informations ? Laissez-nous un message<\/strong>.<\/p>    <p>Selon votre message, nous serons tr\u00e8s heureux de r\u00e9pondre \u00e0 toutes vos demandes !<\/p> <\/div><\/div>  <\/div><\/div>","protected":false},"excerpt":{"rendered":"<p>Qui sommes-nous Fond\u00e9s en 1992, nous sommes l'un des principaux fabricants de machines d'emballage professionnelles en Chine. Fortes d'une riche exp\u00e9rience dans la conception, la recherche, la fabrication et la commercialisation d'\u00e9quipements d'emballage, les machines d'emballage Henan Top ont \u00e9t\u00e9 export\u00e9es dans plus de 80 pays et r\u00e9gions du monde. Nous recherchons maintenant des distributeurs comme\u2026<\/p>","protected":false},"author":1,"featured_media":0,"parent":0,"menu_order":0,"comment_status":"closed","ping_status":"closed","template":"","meta":{"_kad_blocks_custom_css":"","_kad_blocks_head_custom_js":"","_kad_blocks_body_custom_js":"","_kad_blocks_footer_custom_js":"","_kadence_starter_templates_imported_post":false,"_kad_post_transparent":"","_kad_post_title":"","_kad_post_layout":"","_kad_post_sidebar_id":"","_kad_post_content_style":"","_kad_post_vertical_padding":"","_kad_post_feature":"","_kad_post_feature_position":"","_kad_post_header":false,"_kad_post_footer":false,"_kad_post_classname":"","footnotes":""},"class_list":["post-1034","page","type-page","status-publish","hentry"],"taxonomy_info":[],"featured_image_src_large":false,"author_info":{"display_name":"Frank","author_link":"https:\/\/toppackingmachine.com\/fr\/author\/admin\/"},"comment_info":0,"_links":{"self":[{"href":"https:\/\/toppackingmachine.com\/fr\/wp-json\/wp\/v2\/pages\/1034","targetHints":{"allow":["GET"]}}],"collection":[{"href":"https:\/\/toppackingmachine.com\/fr\/wp-json\/wp\/v2\/pages"}],"about":[{"href":"https:\/\/toppackingmachine.com\/fr\/wp-json\/wp\/v2\/types\/page"}],"author":[{"embeddable":true,"href":"https:\/\/toppackingmachine.com\/fr\/wp-json\/wp\/v2\/users\/1"}],"replies":[{"embeddable":true,"href":"https:\/\/toppackingmachine.com\/fr\/wp-json\/wp\/v2\/comments?post=1034"}],"version-history":[{"count":0,"href":"https:\/\/toppackingmachine.com\/fr\/wp-json\/wp\/v2\/pages\/1034\/revisions"}],"wp:attachment":[{"href":"https:\/\/toppackingmachine.com\/fr\/wp-json\/wp\/v2\/media?parent=1034"}],"curies":[{"name":"wp","href":"https:\/\/api.w.org\/{rel}","templated":true}]}}