{"id":1068,"date":"2021-08-11T04:27:45","date_gmt":"2021-08-11T04:27:45","guid":{"rendered":"https:\/\/toppackingmachine.com\/?page_id=1068"},"modified":"2024-05-22T17:20:08","modified_gmt":"2024-05-22T09:20:08","slug":"home-2","status":"publish","type":"page","link":"https:\/\/toppackingmachine.com\/fr\/home-2\/","title":{"rendered":"Henan Top Packing Machinery Co., Ltd"},"content":{"rendered":"<h2 class=\"has-text-align-center has-palette-color-4-color has-text-color wp-block-heading\" id=\"featuerd-products\">Produits tendance<\/h2>    <p class=\"has-text-align-center\">Diff\u00e9rents types d'excellentes machines d'emballage pour produits alimentaires et non alimentaires. Petite machine de remplissage et de scellage verticale, machine d'emballage avec peseuse associative super efficace, machine d'emballage sous flux, machine d'emballage sous vide et ligne de remplissage de bouteilles d'eau disponibles. En outre, nous prenons en charge de solides services OEM\/ODM de machines d\u2019emballage.<\/p>    <hr class=\"wp-block-separator has-text-color has-css-opacity has-background\" style=\"background-color:#ff5200;color:#ff5200\" \/>      <h2 class=\"has-text-align-center has-palette-color-4-color has-text-color wp-block-heading\" id=\"who-we-are\">Qui nous sommes<\/h2>    <hr class=\"wp-block-separator has-text-color has-css-opacity has-background\" style=\"background-color:#ff5200;color:#ff5200\" \/>    <div class=\"wp-block-columns is-layout-flex wp-container-core-columns-is-layout-9d6595d7 wp-block-columns-is-layout-flex\"> <div class=\"wp-block-column is-layout-flow wp-block-column-is-layout-flow\"> <figure class=\"wp-block-image size-full\"><img loading=\"lazy\" decoding=\"async\" width=\"750\" height=\"500\" src=\"https:\/\/toppackingmachine.com\/wp-content\/uploads\/2021\/08\/company-about-us-1.jpg\" alt=\"entreprise et usine\" class=\"wp-image-1340\" title=\"\" srcset=\"https:\/\/toppackingmachine.com\/wp-content\/uploads\/2021\/08\/company-about-us-1.jpg 750w, https:\/\/toppackingmachine.com\/wp-content\/uploads\/2021\/08\/company-about-us-1-300x200.jpg 300w\" sizes=\"auto, (max-width: 750px) 100vw, 750px\" \/><\/figure> <\/div>    <div class=\"wp-block-column is-vertically-aligned-center is-layout-flow wp-block-column-is-layout-flow\"> <p>Henan Top Packing Machinery Co., Ltd, a \u00e9t\u00e9 cr\u00e9\u00e9e en 1993, situ\u00e9e dans la ville de Zhengzhou, la capitale de la province du Henan, en Chine. Avec pr\u00e8s de trente ans de d\u00e9veloppement, nous avons introduit un groupe d'experts professionnels \u00e9minents pour concevoir et \u00e9tudier dans l'industrie des machines d'emballage. Nous adh\u00e9rons toujours au principe \u00ab le client d'abord, la qualit\u00e9 d'abord \u00bb, prenons comme mission \u00ab les machines s'internationalisent, les machines chinoises peuvent\u00a0cr\u00e9er un monde meilleur \u00bb\u00a0: am\u00e9liorer la valeur pour les clients et assurer la croissance des employ\u00e9s.<\/p>    <div class=\"wp-block-buttons is-layout-flex wp-block-buttons-is-layout-flex\"> <div class=\"wp-block-button\"><a class=\"wp-block-button__link has-background wp-element-button\" href=\"https:\/\/toppackingmachine.com\/fr\/about-us\/\" style=\"background-color:#0177cf\" target=\"_blank\" rel=\"noreferrer noopener\">Savoir plus<\/a><\/div> <\/div> <\/div> <\/div>    <h2 class=\"has-text-align-center wp-block-heading\" id=\"partners\">Les partenaires<\/h2>    <p><\/p>    <hr class=\"wp-block-separator has-text-color has-css-opacity has-background\" style=\"background-color:#ff5200;color:#ff5200\" \/>      <h2 class=\"has-text-align-center has-palette-color-4-color has-text-color wp-block-heading\" id=\"send-your-requirements\">Contacter maintenant<\/h2>    <p class=\"has-text-align-center\">Avez-vous un projet pour d\u00e9marrer votre entreprise? \u00cates-vous int\u00e9ress\u00e9 par notre \u00e9quipement d\u2019emballage? Si OUI, laissez vos exigences ci-dessous et nous vous r\u00e9pondrons dans les plus brefs d\u00e9lais. Par ailleurs, nous recrutons des agents et des distributeurs dans le monde entier. Rejoignez-nous et commencez votre voyage r\u00e9ussi. <\/p>    <hr class=\"wp-block-separator has-text-color has-css-opacity has-background\" style=\"background-color:#ff5200;color:#ff5200\" \/>","protected":false},"excerpt":{"rendered":"<p>Produits tendance Diff\u00e9rents types d'excellentes machines d'emballage pour les produits alimentaires et non alimentaires. Petite machine de remplissage et de scellage verticale, machine d'emballage avec peseuse associative super efficace, machine d'emballage sous flux, machine d'emballage sous vide et ligne de remplissage de bouteilles d'eau disponibles. En outre, nous prenons en charge de solides services OEM\/ODM de machines d\u2019emballage. Qui nous sommes Henan Top Packing Machinery Co., Ltd, a \u00e9t\u00e9 cr\u00e9\u00e9e en\u2026<\/p>","protected":false},"author":1,"featured_media":1726,"parent":0,"menu_order":0,"comment_status":"closed","ping_status":"closed","template":"","meta":{"_kad_blocks_custom_css":"","_kad_blocks_head_custom_js":"","_kad_blocks_body_custom_js":"","_kad_blocks_footer_custom_js":"","_kadence_starter_templates_imported_post":false,"_kad_post_transparent":"","_kad_post_title":"","_kad_post_layout":"","_kad_post_sidebar_id":"","_kad_post_content_style":"","_kad_post_vertical_padding":"","_kad_post_feature":"","_kad_post_feature_position":"","_kad_post_header":false,"_kad_post_footer":false,"_kad_post_classname":"","footnotes":""},"class_list":["post-1068","page","type-page","status-publish","has-post-thumbnail","hentry"],"taxonomy_info":[],"featured_image_src_large":["https:\/\/toppackingmachine.com\/wp-content\/uploads\/2021\/08\/snacks-granule-packing-machine.jpg",600,450,false],"author_info":{"display_name":"Frank","author_link":"https:\/\/toppackingmachine.com\/fr\/author\/admin\/"},"comment_info":0,"_links":{"self":[{"href":"https:\/\/toppackingmachine.com\/fr\/wp-json\/wp\/v2\/pages\/1068","targetHints":{"allow":["GET"]}}],"collection":[{"href":"https:\/\/toppackingmachine.com\/fr\/wp-json\/wp\/v2\/pages"}],"about":[{"href":"https:\/\/toppackingmachine.com\/fr\/wp-json\/wp\/v2\/types\/page"}],"author":[{"embeddable":true,"href":"https:\/\/toppackingmachine.com\/fr\/wp-json\/wp\/v2\/users\/1"}],"replies":[{"embeddable":true,"href":"https:\/\/toppackingmachine.com\/fr\/wp-json\/wp\/v2\/comments?post=1068"}],"version-history":[{"count":0,"href":"https:\/\/toppackingmachine.com\/fr\/wp-json\/wp\/v2\/pages\/1068\/revisions"}],"wp:featuredmedia":[{"embeddable":true,"href":"https:\/\/toppackingmachine.com\/fr\/wp-json\/wp\/v2\/media\/1726"}],"wp:attachment":[{"href":"https:\/\/toppackingmachine.com\/fr\/wp-json\/wp\/v2\/media?parent=1068"}],"curies":[{"name":"wp","href":"https:\/\/api.w.org\/{rel}","templated":true}]}}