{"id":962,"date":"2021-08-10T12:45:49","date_gmt":"2021-08-10T12:45:49","guid":{"rendered":"https:\/\/toppackingmachine.com\/?page_id=962"},"modified":"2024-05-22T17:20:09","modified_gmt":"2024-05-22T09:20:09","slug":"about-us","status":"publish","type":"page","link":"https:\/\/toppackingmachine.com\/fr\/about-us\/","title":{"rendered":"\u00c0 propos de nous"},"content":{"rendered":"<p>Henan Top Packing Machinery Co., Ltd, fond\u00e9e en 1992 \u00e0 Zhengzhou, se concentre sur les machines d'emballage de qualit\u00e9 mondiale avec pour mission d'am\u00e9liorer la valeur client, la croissance des employ\u00e9s et de d\u00e9fendre les valeurs de sinc\u00e9rit\u00e9, de gratitude et de travail d'\u00e9quipe.<\/p>    <div class=\"wp-block-columns is-layout-flex wp-container-core-columns-is-layout-9d6595d7 wp-block-columns-is-layout-flex\"> <div class=\"wp-block-column is-layout-flow wp-block-column-is-layout-flow\"> <figure class=\"wp-block-image size-full\"><img loading=\"lazy\" decoding=\"async\" width=\"750\" height=\"500\" src=\"https:\/\/toppackingmachine.com\/wp-content\/uploads\/2021\/08\/company-about-us-1.jpg\" alt=\"entreprise et usine\" class=\"wp-image-1340\" title=\"\" srcset=\"https:\/\/toppackingmachine.com\/wp-content\/uploads\/2021\/08\/company-about-us-1.jpg 750w, https:\/\/toppackingmachine.com\/wp-content\/uploads\/2021\/08\/company-about-us-1-300x200.jpg 300w\" sizes=\"auto, (max-width: 750px) 100vw, 750px\" \/><\/figure> <\/div>    <div class=\"wp-block-column is-layout-flow wp-block-column-is-layout-flow\"> <figure class=\"wp-block-image size-full\"><img loading=\"lazy\" decoding=\"async\" width=\"750\" height=\"500\" src=\"https:\/\/toppackingmachine.com\/wp-content\/uploads\/2021\/08\/picture.jpg\" alt=\"image\" class=\"wp-image-1336\" title=\"\" srcset=\"https:\/\/toppackingmachine.com\/wp-content\/uploads\/2021\/08\/picture.jpg 750w, https:\/\/toppackingmachine.com\/wp-content\/uploads\/2021\/08\/picture-300x200.jpg 300w\" sizes=\"auto, (max-width: 750px) 100vw, 750px\" \/><\/figure> <\/div> <\/div>    <p>Notre activit\u00e9 couvre toutes sortes de machines d\u2019emballage, principalement dans l\u2019industrie agroalimentaire. En fonction des mat\u00e9riaux \u00e0 emballer, elle est class\u00e9e en machine d'emballage de poudre, machine d'emballage de granul\u00e9s et machine d'emballage de liquide. Selon la fonction, elle est divis\u00e9e en machine d'emballage sous vide, machine d'emballage d'oreillers, machine d'emballage automatique et machine d'emballage semi-automatique. Il existe certainement d'autres machines, telles que des machines \u00e0 \u00e9tiqueter, des machines \u00e0 sceller et des machines \u00e0 boucher, etc. Toutes les machines peuvent \u00eatre personnalis\u00e9es. En outre, des appareils optionnels tels qu'une imprimante de date, une formeuse de sacs, un dispositif de scellage et de d\u00e9coupe, un dispositif gonflable et d'\u00e9chappement, des bandes de scellage d'une machine sous vide\u00a0sont disponibles. De plus, nos machines ont des certificats CE, ISO. Sa conception et son processus de fabrication sont conformes aux normes internationales.<\/p>    <div class=\"wp-block-columns is-layout-flex wp-container-core-columns-is-layout-9d6595d7 wp-block-columns-is-layout-flex\"> <div class=\"wp-block-column is-layout-flow wp-block-column-is-layout-flow\"> <figure class=\"wp-block-image size-full\"><a href=\"https:\/\/toppackingmachine.com\/fr\/powder-packing-machine\/\"><img loading=\"lazy\" decoding=\"async\" width=\"600\" height=\"450\" src=\"https:\/\/toppackingmachine.com\/wp-content\/uploads\/2021\/08\/0-80-g-powder-packaging-machine-1.jpg\" alt=\"C&#039;est une machine d&#039;emballage dot\u00e9e d&#039;une tr\u00e9mie oblique.\" class=\"wp-image-1234\" title=\"\" srcset=\"https:\/\/toppackingmachine.com\/wp-content\/uploads\/2021\/08\/0-80-g-powder-packaging-machine-1.jpg 600w, https:\/\/toppackingmachine.com\/wp-content\/uploads\/2021\/08\/0-80-g-powder-packaging-machine-1-300x225.jpg 300w\" sizes=\"auto, (max-width: 600px) 100vw, 600px\" \/><\/a><figcaption class=\"wp-element-caption\">Machine de conditionnement de poudre 0-80 G<\/figcaption><\/figure> <\/div>    <div class=\"wp-block-column is-layout-flow wp-block-column-is-layout-flow\"> <figure class=\"wp-block-image size-full\"><a href=\"https:\/\/toppackingmachine.com\/fr\/food-packaging-machine\/\"><img loading=\"lazy\" decoding=\"async\" width=\"600\" height=\"450\" src=\"https:\/\/toppackingmachine.com\/wp-content\/uploads\/2021\/08\/multi-head-weigher-granule-food-packing-machine.jpg\" alt=\"Machine d&#039;emballage \u00e0 peseuse multi-t\u00eates pour divers emballages alimentaires granulaires\" class=\"wp-image-444\" title=\"\" srcset=\"https:\/\/toppackingmachine.com\/wp-content\/uploads\/2021\/08\/multi-head-weigher-granule-food-packing-machine.jpg 600w, https:\/\/toppackingmachine.com\/wp-content\/uploads\/2021\/08\/multi-head-weigher-granule-food-packing-machine-300x225.jpg 300w\" sizes=\"auto, (max-width: 600px) 100vw, 600px\" \/><\/a><figcaption class=\"wp-element-caption\">\u00c9quipement d'emballage alimentaire \u00e0 peseuse multi-t\u00eates<\/figcaption><\/figure> <\/div>    <div class=\"wp-block-column is-layout-flow wp-block-column-is-layout-flow\"> <figure class=\"wp-block-image size-full\"><a href=\"https:\/\/toppackingmachine.com\/fr\/liquid-packing-machine\/\"><img loading=\"lazy\" decoding=\"async\" width=\"600\" height=\"450\" src=\"https:\/\/toppackingmachine.com\/wp-content\/uploads\/2021\/08\/TH-liquid-packaging-machine.jpg\" alt=\"La machine d&#039;emballage de liquides est destin\u00e9e \u00e0 emballer du lait pur, du lait de soja, etc.\" class=\"wp-image-1175\" title=\"\" srcset=\"https:\/\/toppackingmachine.com\/wp-content\/uploads\/2021\/08\/TH-liquid-packaging-machine.jpg 600w, https:\/\/toppackingmachine.com\/wp-content\/uploads\/2021\/08\/TH-liquid-packaging-machine-300x225.jpg 300w\" sizes=\"auto, (max-width: 600px) 100vw, 600px\" \/><\/a><figcaption class=\"wp-element-caption\">Machine d'emballage liquide<\/figcaption><\/figure> <\/div> <\/div>    <div class=\"wp-block-columns is-layout-flex wp-container-core-columns-is-layout-9d6595d7 wp-block-columns-is-layout-flex\"> <div class=\"wp-block-column is-layout-flow wp-block-column-is-layout-flow\"> <figure class=\"wp-block-image size-full\"><a href=\"https:\/\/toppackingmachine.com\/fr\/pillow-packing-machine\/\"><img loading=\"lazy\" decoding=\"async\" width=\"600\" height=\"450\" src=\"https:\/\/toppackingmachine.com\/wp-content\/uploads\/2021\/08\/pillow-food-packaging-equipment.jpg\" alt=\"machine d&#039;emballage horizontale pour les emballages alimentaires, comme les l\u00e9gumes, les g\u00e2teaux de lune, etc.\" class=\"wp-image-443\" title=\"\" srcset=\"https:\/\/toppackingmachine.com\/wp-content\/uploads\/2021\/08\/pillow-food-packaging-equipment.jpg 600w, https:\/\/toppackingmachine.com\/wp-content\/uploads\/2021\/08\/pillow-food-packaging-equipment-300x225.jpg 300w\" sizes=\"auto, (max-width: 600px) 100vw, 600px\" \/><\/a><figcaption class=\"wp-element-caption\">Machine d'emballage alimentaire d'oreiller<\/figcaption><\/figure> <\/div>    <div class=\"wp-block-column is-layout-flow wp-block-column-is-layout-flow\"> <figure class=\"wp-block-image size-full\"><a href=\"https:\/\/toppackingmachine.com\/fr\/granule-packing-machine\/\"><img loading=\"lazy\" decoding=\"async\" width=\"600\" height=\"450\" src=\"https:\/\/toppackingmachine.com\/wp-content\/uploads\/2021\/08\/TH-320-granule-packing-machine.jpg\" alt=\"La machine d&#039;emballage de granul\u00e9s est utilis\u00e9e pour emballer des particules, telles que le mil.\" class=\"wp-image-1144\" title=\"\" srcset=\"https:\/\/toppackingmachine.com\/wp-content\/uploads\/2021\/08\/TH-320-granule-packing-machine.jpg 600w, https:\/\/toppackingmachine.com\/wp-content\/uploads\/2021\/08\/TH-320-granule-packing-machine-300x225.jpg 300w\" sizes=\"auto, (max-width: 600px) 100vw, 600px\" \/><\/a><figcaption class=\"wp-element-caption\">Machine d'emballage de granul\u00e9s Th-320<\/figcaption><\/figure> <\/div>    <div class=\"wp-block-column is-layout-flow wp-block-column-is-layout-flow\"> <figure class=\"wp-block-image size-full\"><a href=\"https:\/\/toppackingmachine.com\/fr\/vacuum-packaging-machine\/\"><img loading=\"lazy\" decoding=\"async\" width=\"600\" height=\"450\" src=\"https:\/\/toppackingmachine.com\/wp-content\/uploads\/2021\/08\/vacuum-vetegable-packaging-machine.jpg\" alt=\"La machine \u00e0 emballer les l\u00e9gumes dispose de deux chambres.\" class=\"wp-image-594\" title=\"\" srcset=\"https:\/\/toppackingmachine.com\/wp-content\/uploads\/2021\/08\/vacuum-vetegable-packaging-machine.jpg 600w, https:\/\/toppackingmachine.com\/wp-content\/uploads\/2021\/08\/vacuum-vetegable-packaging-machine-300x225.jpg 300w\" sizes=\"auto, (max-width: 600px) 100vw, 600px\" \/><\/a><figcaption class=\"wp-element-caption\">Machine de conditionnement de l\u00e9gumes sous vide<\/figcaption><\/figure> <\/div> <\/div>    <p>Nous sommes un fabricant et fournisseur de solutions d\u2019emballage int\u00e9gr\u00e9es. Lorsque vous indiquez vos exigences sp\u00e9cifiques, nous informons directement notre usine pour qu'elle produise les machines correspondantes sans perte de temps ni d'argent. Nos machines sont de qualit\u00e9 sup\u00e9rieure, de performances stables et de structure raisonnable. De plus, vous obtenez la solution parfaite pour votre machine d'emballage que vous avez demand\u00e9e, le cas \u00e9ch\u00e9ant. Et nos machines sont export\u00e9es dans plus de 80 r\u00e9gions et pays, tels que les \u00c9tats-Unis, le Royaume-Uni, le Canada, l'Australie, le Japon, les Philippines, l'Indon\u00e9sie, l'Arabie saoudite, les \u00c9mirats arabes unis, le Mexique, le Br\u00e9sil, etc. Nos empreintes ont parcouru le monde entier. le monde. Henan Top Packing Machinery Co., Ltd se classe parmi les meilleurs dans les domaines des machines d'emballage. Bienvenue \u00e0 nous contacter pour une relation de coop\u00e9ration fiable et longue\u00a0!<\/p>   <div class=\"wp-block-image\"> <figure class=\"aligncenter size-full\"><img loading=\"lazy\" decoding=\"async\" width=\"1024\" height=\"486\" src=\"https:\/\/toppackingmachine.com\/wp-content\/uploads\/2021\/08\/global-market.jpg\" alt=\"march\u00e9 mondial \" class=\"wp-image-1684\" title=\"\" srcset=\"https:\/\/toppackingmachine.com\/wp-content\/uploads\/2021\/08\/global-market.jpg 1024w, https:\/\/toppackingmachine.com\/wp-content\/uploads\/2021\/08\/global-market-300x142.jpg 300w, https:\/\/toppackingmachine.com\/wp-content\/uploads\/2021\/08\/global-market-768x365.jpg 768w\" sizes=\"auto, (max-width: 1024px) 100vw, 1024px\" \/><figcaption class=\"wp-element-caption\">march\u00e9 mondial<\/figcaption><\/figure> <\/div>   <p>Choisir notre machine d'emballage est un choix que vous ne regretterez jamais. Les composants des machines de notre entreprise sont tous de marques connues, de sorte que les machines d'emballage qui nous appartiennent sont de haute collocation, de bonne qualit\u00e9 et de faibles pertes. Plus important encore, nous proposons \u00e9galement des services personnalis\u00e9s. Nous produirons les machines dont vous avez besoin en fonction de vos besoins sp\u00e9cifiques. Si vous avez des questions \u00e0 ce sujet, je pense que l\u2019image suivante en est la meilleure preuve. Il ressort de cela que nos machines sont en effet largement appr\u00e9ci\u00e9es et appr\u00e9ci\u00e9es par les clients du monde entier. Alors venez nous contacter imm\u00e9diatement pour faciliter votre business !<\/p>   <div class=\"wp-block-image\"> <figure class=\"aligncenter size-large\"><img loading=\"lazy\" decoding=\"async\" width=\"1024\" height=\"620\" src=\"https:\/\/toppackingmachine.com\/wp-content\/uploads\/2021\/08\/customer-worldwide-1024x620.jpg\" alt=\"\" class=\"wp-image-1678\" title=\"\" srcset=\"https:\/\/toppackingmachine.com\/wp-content\/uploads\/2021\/08\/customer-worldwide-1024x620.jpg 1024w, https:\/\/toppackingmachine.com\/wp-content\/uploads\/2021\/08\/customer-worldwide-300x182.jpg 300w, https:\/\/toppackingmachine.com\/wp-content\/uploads\/2021\/08\/customer-worldwide-768x465.jpg 768w, https:\/\/toppackingmachine.com\/wp-content\/uploads\/2021\/08\/customer-worldwide.jpg 1210w\" sizes=\"auto, (max-width: 1024px) 100vw, 1024px\" \/><\/figure> <\/div>","protected":false},"excerpt":{"rendered":"<p>Henan Top Packing Machinery Co., Ltd, fond\u00e9e en 1992 \u00e0 Zhengzhou, se concentre sur les machines d'emballage de qualit\u00e9 mondiale avec pour mission d'am\u00e9liorer la valeur client, la croissance des employ\u00e9s et de d\u00e9fendre les valeurs de sinc\u00e9rit\u00e9, de gratitude et de travail d'\u00e9quipe. Notre activit\u00e9 couvre toutes sortes de machines d\u2019emballage, principalement dans l\u2019industrie agroalimentaire. En fonction des mat\u00e9riaux \u00e0 emballer, c'est\u2026<\/p>","protected":false},"author":1,"featured_media":0,"parent":0,"menu_order":0,"comment_status":"closed","ping_status":"closed","template":"","meta":{"_kad_blocks_custom_css":"","_kad_blocks_head_custom_js":"","_kad_blocks_body_custom_js":"","_kad_blocks_footer_custom_js":"","_kadence_starter_templates_imported_post":false,"_kad_post_transparent":"","_kad_post_title":"","_kad_post_layout":"","_kad_post_sidebar_id":"","_kad_post_content_style":"","_kad_post_vertical_padding":"","_kad_post_feature":"","_kad_post_feature_position":"","_kad_post_header":false,"_kad_post_footer":false,"_kad_post_classname":"","footnotes":""},"class_list":["post-962","page","type-page","status-publish","hentry"],"taxonomy_info":[],"featured_image_src_large":false,"author_info":{"display_name":"Frank","author_link":"https:\/\/toppackingmachine.com\/fr\/author\/admin\/"},"comment_info":0,"_links":{"self":[{"href":"https:\/\/toppackingmachine.com\/fr\/wp-json\/wp\/v2\/pages\/962","targetHints":{"allow":["GET"]}}],"collection":[{"href":"https:\/\/toppackingmachine.com\/fr\/wp-json\/wp\/v2\/pages"}],"about":[{"href":"https:\/\/toppackingmachine.com\/fr\/wp-json\/wp\/v2\/types\/page"}],"author":[{"embeddable":true,"href":"https:\/\/toppackingmachine.com\/fr\/wp-json\/wp\/v2\/users\/1"}],"replies":[{"embeddable":true,"href":"https:\/\/toppackingmachine.com\/fr\/wp-json\/wp\/v2\/comments?post=962"}],"version-history":[{"count":0,"href":"https:\/\/toppackingmachine.com\/fr\/wp-json\/wp\/v2\/pages\/962\/revisions"}],"wp:attachment":[{"href":"https:\/\/toppackingmachine.com\/fr\/wp-json\/wp\/v2\/media?parent=962"}],"curies":[{"name":"wp","href":"https:\/\/api.w.org\/{rel}","templated":true}]}}