{"id":964,"date":"2021-08-10T10:30:35","date_gmt":"2021-08-10T10:30:35","guid":{"rendered":"https:\/\/toppackingmachine.com\/?page_id=964"},"modified":"2024-05-21T17:30:42","modified_gmt":"2024-05-21T09:30:42","slug":"faq","status":"publish","type":"page","link":"https:\/\/toppackingmachine.com\/fr\/faq\/","title":{"rendered":"FAQ"},"content":{"rendered":"<style>.kb-row-layout-id964_c6e9e8-c0 > .kt-row-column-wrap{align-content:start;}:where(.kb-row-layout-id964_c6e9e8-c0 > .kt-row-column-wrap) > .wp-block-kadence-column{justify-content:start;}.kb-row-layout-id964_c6e9e8-c0 > .kt-row-column-wrap{column-gap:var(--global-kb-gap-md, 2rem);row-gap:var(--global-kb-gap-md, 2rem);max-width:var( --global-content-width, 1290px );padding-left:var(--global-content-edge-padding);padding-right:var(--global-content-edge-padding);padding-top:var(--global-kb-spacing-sm, 1.5rem);padding-bottom:var(--global-kb-spacing-sm, 1.5rem);grid-template-columns:minmax(0, 1fr);}.kb-row-layout-id964_c6e9e8-c0 > .kt-row-layout-overlay{opacity:0.30;}@media all and (max-width: 1024px){.kb-row-layout-id964_c6e9e8-c0 > .kt-row-column-wrap{grid-template-columns:minmax(0, 1fr);}}@media all and (max-width: 767px){.kb-row-layout-id964_c6e9e8-c0 > .kt-row-column-wrap{grid-template-columns:minmax(0, 1fr);}}<\/style><div class=\"kb-row-layout-wrap kb-row-layout-id964_c6e9e8-c0 alignnone wp-block-kadence-rowlayout\"><div class=\"kt-row-column-wrap kt-has-1-columns kt-row-layout-equal kt-tab-layout-inherit kt-mobile-layout-row kt-row-valign-top kb-theme-content-width\"> <style>.kadence-column964_57de39-3c > .kt-inside-inner-col,.kadence-column964_57de39-3c > .kt-inside-inner-col:before{border-top-left-radius:0px;border-top-right-radius:0px;border-bottom-right-radius:0px;border-bottom-left-radius:0px;}.kadence-column964_57de39-3c > .kt-inside-inner-col{column-gap:var(--global-kb-gap-sm, 1rem);}.kadence-column964_57de39-3c > .kt-inside-inner-col{flex-direction:column;}.kadence-column964_57de39-3c > .kt-inside-inner-col > .aligncenter{width:100%;}.kadence-column964_57de39-3c > .kt-inside-inner-col:before{opacity:0.3;}.kadence-column964_57de39-3c{position:relative;}@media all and (max-width: 1024px){.kadence-column964_57de39-3c > .kt-inside-inner-col{flex-direction:column;justify-content:center;}}@media all and (max-width: 767px){.kadence-column964_57de39-3c > .kt-inside-inner-col{flex-direction:column;justify-content:center;}}<\/style> <div class=\"wp-block-kadence-column kadence-column964_57de39-3c\"><div class=\"kt-inside-inner-col\"> <h5 class=\"wp-block-heading has-text-color\" style=\"color:#0177cf\">Q1\u00a0: Puis-je devenir votre distributeur dans une certaine zone\u00a0?<\/h5>    <p>\u2014-Bien s\u00fbr, nous accueillons les distributeurs, nous fournirons des prix et des services plus comp\u00e9titifs lorsque vous achetez une quantit\u00e9 diff\u00e9rente.<\/p>    <h5 class=\"wp-block-heading has-text-color\" style=\"color:#0177cf\">Q2\u00a0:\u00a0Quel type de film en rouleau peut \u00eatre utilis\u00e9 pour votre machine\u00a0?<\/h5>    <p>\u2014-Polypropyl\u00e8ne\/poly\u00e9thyl\u00e8ne, feuille d'aluminium\/poly\u00e9thyl\u00e8ne, polyester\/aluminium\/poly\u00e9thyl\u00e8ne, nylon\/poly\u00e9thyl\u00e8ne renforc\u00e9, papier\/poly\u00e9thyl\u00e8ne, papier filtre, etc.<\/p>    <h5 class=\"wp-block-heading has-text-color\" style=\"color:#0177cf\">Q3\u00a0:\u00a0Pour la machine d'emballage de granul\u00e9s,\u00a0de combien de poids sera r\u00e9duit\u00a0en retirant une tasse \u00e0 mesurer\u00a0?<\/h5>    <p>\u2014-Les diff\u00e9rents objets sont\u00a0diff\u00e9rents car la densit\u00e9 des objets est diff\u00e9rente. Nous vous ferons des suggestions en fonction de vos produits.<\/p>    <h5 class=\"wp-block-heading has-text-color\" style=\"color:#0177cf\">Q4\u00a0:\u00a0Votre machine d'emballage peut-elle imprimer la date\u00a0?<\/h5>    <p>--Oui. Nous pouvons ajouter un dispositif pour imprimer la date de production\/num\u00e9ro de lot\/date d'expiration.<\/p>    <h5 class=\"wp-block-heading has-text-color\" style=\"color:#0177cf\">Q5 : Ma gamme d'emballage est de 250 \u00e0 1 500 grammes, puis-je utiliser un seul pack de machine ?<\/h5>    <p>\u2014-Nous avons diff\u00e9rents mod\u00e8les de machines pour diff\u00e9rentes gammes d'emballage. Nous vous aidons \u00e0 personnaliser diff\u00e9rentes solutions en fonction de votre situation sp\u00e9cifique.<\/p>    <h5 class=\"wp-block-heading has-text-color\" style=\"color:#0177cf\">Q6\u00a0:\u00a0Pour la machine \u00e0 emballer les oreillers,\u00a0puis-je\u00a0ajuster moi-m\u00eame la largeur du sac\u00a0?<\/h5>    <p>--Bien s\u00fbr. Vous pouvez ajuster la largeur dans une certaine plage. Nous vous donnerons des conseils.<\/p>    <h5 class=\"wp-block-heading has-text-color\" style=\"color:#0177cf\">Q7\u00a0:\u00a0\u00c0 compter de la date des commandes, combien de jours puis-je recevoir les machines\u00a0?<\/h5>    <p>\u2014-Si la machine dont vous avez besoin est disponible, nous pouvons l'organiser imm\u00e9diatement. G\u00e9n\u00e9ralement 7 \u00e0 15 jours, la machine est pr\u00eate. Ce qui suit \u00e0 consid\u00e9rer est le mode de livraison. L'heure d'arriv\u00e9e varie en fonction de la compagnie maritime s\u00e9lectionn\u00e9e. Cela d\u00e9pend de la situation r\u00e9elle.<\/p>    <h5 class=\"wp-block-heading has-text-color\" style=\"color:#0177cf\">Q8\u00a0:\u00a0Comment garantir que je peux obtenir des machines de qualit\u00e9 sup\u00e9rieure ou la m\u00eame machine dont nous avons discut\u00e9 pr\u00e9c\u00e9demment\u00a0?<\/h5>    <p>--Ne t'inqui\u00e8te pas. Avant de produire, nous confirmerons chaque d\u00e9tail de votre part. Lorsque la machine arrive, nous prenons la vid\u00e9o sur la mise en service pour nous assurer que la machine est en bon \u00e9tat. En cas de doute, vous pouvez nous contacter \u00e0 tout moment.<\/p>    <h5 class=\"wp-block-heading has-text-color\" style=\"color:#0177cf\">Q9\u00a0:\u00a0Quel service apr\u00e8s-vente proposez-vous\u00a0?<\/h5>    <p>\u2014-D'une mani\u00e8re g\u00e9n\u00e9rale, 24 mois de garantie et entretien \u00e0 vie. En outre, il existe des conseils d\u2019installation, une assistance vid\u00e9o et une assistance en ligne.<\/p>    <h5 class=\"wp-block-heading has-text-color\" style=\"color:#0177cf\">Q10\u00a0:\u00a0Quel est votre mode de paiement\u00a0?<\/h5>    <p>\u2014-T\/T et carte de cr\u00e9dit. Le paiement anticip\u00e9 50% doit \u00eatre effectu\u00e9 avant la livraison et le solde 50% est pay\u00e9 apr\u00e8s r\u00e9ception des machines. Cependant, le petit montant devrait \u00eatre pay\u00e9 sous la forme de 100%.<\/p> <\/div><\/div>  <\/div><\/div>","protected":false},"excerpt":{"rendered":"<p>Q1\u00a0: Puis-je devenir votre distributeur dans une certaine zone\u00a0? \u2014-Bien s\u00fbr, nous accueillons les distributeurs, nous fournirons des prix et des services plus comp\u00e9titifs lorsque vous achetez une quantit\u00e9 diff\u00e9rente. Q2\u00a0:\u00a0Quel type de film en rouleau peut \u00eatre utilis\u00e9 pour votre machine\u00a0? \u2014-Polypropyl\u00e8ne\/poly\u00e9thyl\u00e8ne, feuille d'aluminium\/poly\u00e9thyl\u00e8ne, polyester\/aluminium\/poly\u00e9thyl\u00e8ne, nylon\/poly\u00e9thyl\u00e8ne renforc\u00e9, papier\/poly\u00e9thyl\u00e8ne, papier filtre, etc. Q3\u00a0:\u00a0Pour la machine d'emballage de granul\u00e9s,\u00a0quel poids sera\u2026<\/p>","protected":false},"author":1,"featured_media":0,"parent":0,"menu_order":0,"comment_status":"closed","ping_status":"closed","template":"","meta":{"_kad_blocks_custom_css":"","_kad_blocks_head_custom_js":"","_kad_blocks_body_custom_js":"","_kad_blocks_footer_custom_js":"","_kadence_starter_templates_imported_post":false,"_kad_post_transparent":"","_kad_post_title":"","_kad_post_layout":"normal","_kad_post_sidebar_id":"","_kad_post_content_style":"","_kad_post_vertical_padding":"","_kad_post_feature":"","_kad_post_feature_position":"","_kad_post_header":false,"_kad_post_footer":false,"_kad_post_classname":"","footnotes":""},"class_list":["post-964","page","type-page","status-publish","hentry"],"taxonomy_info":[],"featured_image_src_large":false,"author_info":{"display_name":"Frank","author_link":"https:\/\/toppackingmachine.com\/fr\/author\/admin\/"},"comment_info":0,"_links":{"self":[{"href":"https:\/\/toppackingmachine.com\/fr\/wp-json\/wp\/v2\/pages\/964","targetHints":{"allow":["GET"]}}],"collection":[{"href":"https:\/\/toppackingmachine.com\/fr\/wp-json\/wp\/v2\/pages"}],"about":[{"href":"https:\/\/toppackingmachine.com\/fr\/wp-json\/wp\/v2\/types\/page"}],"author":[{"embeddable":true,"href":"https:\/\/toppackingmachine.com\/fr\/wp-json\/wp\/v2\/users\/1"}],"replies":[{"embeddable":true,"href":"https:\/\/toppackingmachine.com\/fr\/wp-json\/wp\/v2\/comments?post=964"}],"version-history":[{"count":0,"href":"https:\/\/toppackingmachine.com\/fr\/wp-json\/wp\/v2\/pages\/964\/revisions"}],"wp:attachment":[{"href":"https:\/\/toppackingmachine.com\/fr\/wp-json\/wp\/v2\/media?parent=964"}],"curies":[{"name":"wp","href":"https:\/\/api.w.org\/{rel}","templated":true}]}}