{"id":1034,"date":"2021-08-11T07:06:57","date_gmt":"2021-08-11T07:06:57","guid":{"rendered":"https:\/\/toppackingmachine.com\/?page_id=1034"},"modified":"2024-05-22T10:50:28","modified_gmt":"2024-05-22T02:50:28","slug":"be-agent","status":"publish","type":"page","link":"https:\/\/toppackingmachine.com\/pt\/be-agent\/","title":{"rendered":"Seja agente"},"content":{"rendered":"<style>.kb-row-layout-id1034_da777f-73 > .kt-row-column-wrap{align-content:start;}:where(.kb-row-layout-id1034_da777f-73 > .kt-row-column-wrap) > .wp-block-kadence-column{justify-content:start;}.kb-row-layout-id1034_da777f-73 > .kt-row-column-wrap{column-gap:var(--global-kb-gap-md, 2rem);row-gap:var(--global-kb-gap-md, 2rem);max-width:var( --global-content-width, 1290px );padding-left:var(--global-content-edge-padding);padding-right:var(--global-content-edge-padding);padding-top:var(--global-kb-spacing-sm, 1.5rem);padding-bottom:var(--global-kb-spacing-sm, 1.5rem);grid-template-columns:minmax(0, 1fr);}.kb-row-layout-id1034_da777f-73 > .kt-row-layout-overlay{opacity:0.30;}@media all and (max-width: 1024px){.kb-row-layout-id1034_da777f-73 > .kt-row-column-wrap{grid-template-columns:minmax(0, 1fr);}}@media all and (max-width: 767px){.kb-row-layout-id1034_da777f-73 > .kt-row-column-wrap{grid-template-columns:minmax(0, 1fr);}}<\/style><div class=\"kb-row-layout-wrap kb-row-layout-id1034_da777f-73 alignnone wp-block-kadence-rowlayout\"><div class=\"kt-row-column-wrap kt-has-1-columns kt-row-layout-equal kt-tab-layout-inherit kt-mobile-layout-row kt-row-valign-top kb-theme-content-width\"> <style>.kadence-column1034_ee9d09-3b > .kt-inside-inner-col,.kadence-column1034_ee9d09-3b > .kt-inside-inner-col:before{border-top-left-radius:0px;border-top-right-radius:0px;border-bottom-right-radius:0px;border-bottom-left-radius:0px;}.kadence-column1034_ee9d09-3b > .kt-inside-inner-col{column-gap:var(--global-kb-gap-sm, 1rem);}.kadence-column1034_ee9d09-3b > .kt-inside-inner-col{flex-direction:column;}.kadence-column1034_ee9d09-3b > .kt-inside-inner-col > .aligncenter{width:100%;}.kadence-column1034_ee9d09-3b > .kt-inside-inner-col:before{opacity:0.3;}.kadence-column1034_ee9d09-3b{position:relative;}@media all and (max-width: 1024px){.kadence-column1034_ee9d09-3b > .kt-inside-inner-col{flex-direction:column;justify-content:center;}}@media all and (max-width: 767px){.kadence-column1034_ee9d09-3b > .kt-inside-inner-col{flex-direction:column;justify-content:center;}}<\/style> <div class=\"wp-block-kadence-column kadence-column1034_ee9d09-3b\"><div class=\"kt-inside-inner-col\"> <h2 class=\"wp-block-heading has-palette-color-4-color has-text-color\">Quem n\u00f3s somos<\/h2>    <p>Fundada em 1992, somos um dos principais fabricantes profissionais de m\u00e1quinas de embalagem na China. Com vasta experi\u00eancia em design, pesquisa, fabrica\u00e7\u00e3o e comercializa\u00e7\u00e3o de equipamentos de embalagem, as m\u00e1quinas de embalagem Henan Top foram exportadas para mais de 80 pa\u00edses e regi\u00f5es ao redor do mundo. Agora, procuramos distribuidores como nossos parceiros estrat\u00e9gicos globais para uma situa\u00e7\u00e3o vantajosa para todos.<\/p>    <h2 class=\"wp-block-heading\">O que fornecemos<\/h2>    <p class=\"translation-block\">Somos um fabricante profissional de m\u00e1quinas de embalagem. Nossos produtos incluem <a href=\"https:\/\/toppackingmachine.com\/pt\/powder-packing-machine\/\" target=\"_blank\" rel=\"noreferrer noopener\">m\u00e1quina de embalagem de p\u00f3<\/a>, <a href=\"https:\/\/toppackingmachine.com\/pt\/granule-packing-machine\/\" target=\"_blank\" rel=\"noreferrer noopener\">m\u00e1quina de embalagem de gr\u00e2nulos<\/a>, <a href=\"https:\/\/toppackingmachine.com\/pt\/liquid-packing-machine\/\" target=\"_blank\" rel=\"noreferrer noopener\">m\u00e1quina de embalagem l\u00edquida<\/a>, m\u00e1quina de embalagem de pasta. Quanto \u00e0 estrutura da m\u00e1quina, existem m\u00e1quina de embalagem vertical e <a href=\"https:\/\/toppackingmachine.com\/pt\/pillow-packing-machine\/\" target=\"_blank\" rel=\"noreferrer noopener\">m\u00e1quina de embalagem tipo travesseiro<\/a>. Em outras palavras, fornecemos v\u00e1rios tipos de equipamentos de embalagem para materiais aliment\u00edcios e n\u00e3o aliment\u00edcios, como ch\u00e1, caf\u00e9, chips, lanches, chocolate, arroz, vegetais, pipoca, doces, a\u00e7\u00facar, p\u00edlula, \u00f3leo, leite, suco, panifica\u00e7\u00e3o, biscoito, etc.<\/p>    <h2 class=\"wp-block-heading\">O que apoiamos<\/h2>    <ul class=\"wp-block-list\"> <li>Sistema de cadeia de suprimentos cont\u00ednuo e est\u00e1vel<\/li>    <li>Sistema de pre\u00e7os completo e competitivo<\/li>    <li>Apoie totalmente a promo\u00e7\u00e3o: Exposi\u00e7\u00f5es Mundiais, Sites Oficiais, Redes Sociais, Publicidade Mundial<\/li>    <li>Log\u00edstica: Log\u00edstica mundial e log\u00edstica indicada pelo cliente<\/li>    <li>Estrat\u00e9gia e constru\u00e7\u00e3o de marca: marketing de marca baseado em nossa pr\u00f3pria marca ou OEM\/ODM<\/li> <\/ul>    <h2 class=\"wp-block-heading\">Como come\u00e7ar<\/h2>    <ol class=\"wp-block-list\" style=\"list-style-type:1\"> <li>Informa\u00e7\u00f5es do candidato e envio de inten\u00e7\u00e3o<\/li>    <li>Avalia\u00e7\u00e3o e revis\u00e3o<\/li>    <li>Proposta e plano de neg\u00f3cios<\/li>    <li>Ordem executada e processada<\/li> <\/ol>    <hr class=\"wp-block-separator has-text-color has-css-opacity has-background is-style-wide\" style=\"background-color:#ff5200;color:#ff5200\"\/>    <p class=\"translation-block\"><strong>HENAN TOP PACKING MACHINERY CO., LTD<\/strong><\/p>    <p class=\"translation-block\">Website: <a href=\"https:\/\/toppackingmachine.com\/pt\/\">https:\/\/toppackingmachine.com\/<\/a><\/p>    <p>E-mail: info@toppackingmachine.com<\/p>    <p>Tel\/WhatsApp: +86 17329326135<\/p>    <p class=\"has-text-align-center has-palette-color-6-background-color has-background translation-block\"><strong>Precisando de mais informa\u00e7\u00f5es? Por favor, deixe-nos uma mensagem<\/strong>.<\/p>    <p>De acordo com sua mensagem, teremos o maior prazer em responder todas as suas d\u00favidas!<\/p> <\/div><\/div>  <\/div><\/div>","protected":false},"excerpt":{"rendered":"<p>Quem somos Fundados em 1992, somos um dos principais fabricantes profissionais de m\u00e1quinas de embalagem na China. Com vasta experi\u00eancia em design, pesquisa, fabrica\u00e7\u00e3o e comercializa\u00e7\u00e3o de equipamentos de embalagem, as m\u00e1quinas de embalagem Henan Top foram exportadas para mais de 80 pa\u00edses e regi\u00f5es ao redor do mundo. Agora, procuramos distribuidores como\u2026<\/p>","protected":false},"author":1,"featured_media":0,"parent":0,"menu_order":0,"comment_status":"closed","ping_status":"closed","template":"","meta":{"_kad_blocks_custom_css":"","_kad_blocks_head_custom_js":"","_kad_blocks_body_custom_js":"","_kad_blocks_footer_custom_js":"","_kadence_starter_templates_imported_post":false,"_kad_post_transparent":"","_kad_post_title":"","_kad_post_layout":"","_kad_post_sidebar_id":"","_kad_post_content_style":"","_kad_post_vertical_padding":"","_kad_post_feature":"","_kad_post_feature_position":"","_kad_post_header":false,"_kad_post_footer":false,"_kad_post_classname":"","footnotes":""},"class_list":["post-1034","page","type-page","status-publish","hentry"],"taxonomy_info":[],"featured_image_src_large":false,"author_info":{"display_name":"Frank","author_link":"https:\/\/toppackingmachine.com\/pt\/author\/admin\/"},"comment_info":0,"_links":{"self":[{"href":"https:\/\/toppackingmachine.com\/pt\/wp-json\/wp\/v2\/pages\/1034","targetHints":{"allow":["GET"]}}],"collection":[{"href":"https:\/\/toppackingmachine.com\/pt\/wp-json\/wp\/v2\/pages"}],"about":[{"href":"https:\/\/toppackingmachine.com\/pt\/wp-json\/wp\/v2\/types\/page"}],"author":[{"embeddable":true,"href":"https:\/\/toppackingmachine.com\/pt\/wp-json\/wp\/v2\/users\/1"}],"replies":[{"embeddable":true,"href":"https:\/\/toppackingmachine.com\/pt\/wp-json\/wp\/v2\/comments?post=1034"}],"version-history":[{"count":0,"href":"https:\/\/toppackingmachine.com\/pt\/wp-json\/wp\/v2\/pages\/1034\/revisions"}],"wp:attachment":[{"href":"https:\/\/toppackingmachine.com\/pt\/wp-json\/wp\/v2\/media?parent=1034"}],"curies":[{"name":"wp","href":"https:\/\/api.w.org\/{rel}","templated":true}]}}