{"id":1068,"date":"2021-08-11T04:27:45","date_gmt":"2021-08-11T04:27:45","guid":{"rendered":"https:\/\/toppackingmachine.com\/?page_id=1068"},"modified":"2024-05-22T17:20:08","modified_gmt":"2024-05-22T09:20:08","slug":"home-2","status":"publish","type":"page","link":"https:\/\/toppackingmachine.com\/pt\/home-2\/","title":{"rendered":"M\u00e1quinas de embalagem superior Co. de Henan, Ltd"},"content":{"rendered":"<h2 class=\"has-text-align-center has-palette-color-4-color has-text-color wp-block-heading\" id=\"featuerd-products\">Produtos em alta<\/h2>    <p class=\"has-text-align-center\">V\u00e1rios tipos de excelentes m\u00e1quinas de embalagem para produtos aliment\u00edcios e n\u00e3o aliment\u00edcios. Pequena m\u00e1quina de enchimento e selagem vertical, m\u00e1quina de embalagem com balan\u00e7a multicabe\u00e7a de superefici\u00eancia, m\u00e1quina de embalagem de fluxo, m\u00e1quina de embalagem a v\u00e1cuo e linha de enchimento de garrafas de \u00e1gua dispon\u00edveis. Al\u00e9m disso, oferecemos suporte a servi\u00e7os fortes de OEM \/ ODM para m\u00e1quinas de embalagem.<\/p>    <hr class=\"wp-block-separator has-text-color has-css-opacity has-background\" style=\"background-color:#ff5200;color:#ff5200\" \/>      <h2 class=\"has-text-align-center has-palette-color-4-color has-text-color wp-block-heading\" id=\"who-we-are\">Quem n\u00f3s somos<\/h2>    <hr class=\"wp-block-separator has-text-color has-css-opacity has-background\" style=\"background-color:#ff5200;color:#ff5200\" \/>    <div class=\"wp-block-columns is-layout-flex wp-container-core-columns-is-layout-9d6595d7 wp-block-columns-is-layout-flex\"> <div class=\"wp-block-column is-layout-flow wp-block-column-is-layout-flow\"> <figure class=\"wp-block-image size-full\"><img loading=\"lazy\" decoding=\"async\" width=\"750\" height=\"500\" src=\"https:\/\/toppackingmachine.com\/wp-content\/uploads\/2021\/08\/company-about-us-1.jpg\" alt=\"empresa e f\u00e1brica\" class=\"wp-image-1340\" title=\"\" srcset=\"https:\/\/toppackingmachine.com\/wp-content\/uploads\/2021\/08\/company-about-us-1.jpg 750w, https:\/\/toppackingmachine.com\/wp-content\/uploads\/2021\/08\/company-about-us-1-300x200.jpg 300w\" sizes=\"auto, (max-width: 750px) 100vw, 750px\" \/><\/figure> <\/div>    <div class=\"wp-block-column is-vertically-aligned-center is-layout-flow wp-block-column-is-layout-flow\"> <p>Henan Top Packing Machinery Co., Ltd, foi fundada em 1993, localizada na cidade de Zhengzhou, capital da prov\u00edncia de Henan, China. Com o desenvolvimento de quase trinta anos, introduzimos um grupo de especialistas profissionais proeminentes para projetar e estudar na ind\u00fastria de m\u00e1quinas de embalagem. Sempre aderimos ao princ\u00edpio de \u201ccliente em primeiro lugar, qualidade em primeiro lugar\u201d, consideramos que \u201cas m\u00e1quinas v\u00e3o globalmente, as m\u00e1quinas chinesas podem\u00a0fazer um mundo melhor\u201d\u00a0como nossa miss\u00e3o, melhorar o valor para os clientes e proporcionar crescimento aos funcion\u00e1rios.<\/p>    <div class=\"wp-block-buttons is-layout-flex wp-block-buttons-is-layout-flex\"> <div class=\"wp-block-button\"><a class=\"wp-block-button__link has-background wp-element-button\" href=\"https:\/\/toppackingmachine.com\/pt\/about-us\/\" style=\"background-color:#0177cf\" target=\"_blank\" rel=\"noreferrer noopener\">Saber mais<\/a><\/div> <\/div> <\/div> <\/div>    <h2 class=\"has-text-align-center wp-block-heading\" id=\"partners\">Parceiros<\/h2>    <p><\/p>    <hr class=\"wp-block-separator has-text-color has-css-opacity has-background\" style=\"background-color:#ff5200;color:#ff5200\" \/>      <h2 class=\"has-text-align-center has-palette-color-4-color has-text-color wp-block-heading\" id=\"send-your-requirements\">Contate agora<\/h2>    <p class=\"has-text-align-center\">Voc\u00ea tem um plano para iniciar seu neg\u00f3cio? Voc\u00ea est\u00e1 interessado em nossos equipamentos de embalagem? Se SIM, deixe suas necessidades abaixo e responderemos o mais breve poss\u00edvel. Al\u00e9m disso, estamos recrutando agentes e distribuidores em todo o mundo. Junte-se a n\u00f3s e comece sua jornada de sucesso. <\/p>    <hr class=\"wp-block-separator has-text-color has-css-opacity has-background\" style=\"background-color:#ff5200;color:#ff5200\" \/>","protected":false},"excerpt":{"rendered":"<p>Produtos em alta V\u00e1rios tipos de excelentes m\u00e1quinas de embalagem para produtos aliment\u00edcios e n\u00e3o aliment\u00edcios. Pequena m\u00e1quina de enchimento e selagem vertical, m\u00e1quina de embalagem com balan\u00e7a multicabe\u00e7a de superefici\u00eancia, m\u00e1quina de embalagem de fluxo, m\u00e1quina de embalagem a v\u00e1cuo e linha de enchimento de garrafas de \u00e1gua dispon\u00edveis. Al\u00e9m disso, oferecemos suporte a servi\u00e7os fortes de OEM \/ ODM para m\u00e1quinas de embalagem. Quem somos Henan Top Packing Machinery Co., Ltd, foi fundada em\u2026<\/p>","protected":false},"author":1,"featured_media":1726,"parent":0,"menu_order":0,"comment_status":"closed","ping_status":"closed","template":"","meta":{"_kad_blocks_custom_css":"","_kad_blocks_head_custom_js":"","_kad_blocks_body_custom_js":"","_kad_blocks_footer_custom_js":"","_kadence_starter_templates_imported_post":false,"_kad_post_transparent":"","_kad_post_title":"","_kad_post_layout":"","_kad_post_sidebar_id":"","_kad_post_content_style":"","_kad_post_vertical_padding":"","_kad_post_feature":"","_kad_post_feature_position":"","_kad_post_header":false,"_kad_post_footer":false,"_kad_post_classname":"","footnotes":""},"class_list":["post-1068","page","type-page","status-publish","has-post-thumbnail","hentry"],"taxonomy_info":[],"featured_image_src_large":["https:\/\/toppackingmachine.com\/wp-content\/uploads\/2021\/08\/snacks-granule-packing-machine.jpg",600,450,false],"author_info":{"display_name":"Frank","author_link":"https:\/\/toppackingmachine.com\/pt\/author\/admin\/"},"comment_info":0,"_links":{"self":[{"href":"https:\/\/toppackingmachine.com\/pt\/wp-json\/wp\/v2\/pages\/1068","targetHints":{"allow":["GET"]}}],"collection":[{"href":"https:\/\/toppackingmachine.com\/pt\/wp-json\/wp\/v2\/pages"}],"about":[{"href":"https:\/\/toppackingmachine.com\/pt\/wp-json\/wp\/v2\/types\/page"}],"author":[{"embeddable":true,"href":"https:\/\/toppackingmachine.com\/pt\/wp-json\/wp\/v2\/users\/1"}],"replies":[{"embeddable":true,"href":"https:\/\/toppackingmachine.com\/pt\/wp-json\/wp\/v2\/comments?post=1068"}],"version-history":[{"count":0,"href":"https:\/\/toppackingmachine.com\/pt\/wp-json\/wp\/v2\/pages\/1068\/revisions"}],"wp:featuredmedia":[{"embeddable":true,"href":"https:\/\/toppackingmachine.com\/pt\/wp-json\/wp\/v2\/media\/1726"}],"wp:attachment":[{"href":"https:\/\/toppackingmachine.com\/pt\/wp-json\/wp\/v2\/media?parent=1068"}],"curies":[{"name":"wp","href":"https:\/\/api.w.org\/{rel}","templated":true}]}}