{"id":962,"date":"2021-08-10T12:45:49","date_gmt":"2021-08-10T12:45:49","guid":{"rendered":"https:\/\/toppackingmachine.com\/?page_id=962"},"modified":"2024-05-22T17:20:09","modified_gmt":"2024-05-22T09:20:09","slug":"about-us","status":"publish","type":"page","link":"https:\/\/toppackingmachine.com\/pt\/about-us\/","title":{"rendered":"Sobre n\u00f3s"},"content":{"rendered":"<p>Henan Top Packing Machinery Co., Ltd, fundada em 1992 em Zhengzhou, concentra-se em m\u00e1quinas de embalagem de qualidade global com a miss\u00e3o de aumentar o valor do cliente, o crescimento dos funcion\u00e1rios e defender valores de sinceridade, gratid\u00e3o e trabalho em equipe.<\/p>    <div class=\"wp-block-columns is-layout-flex wp-container-core-columns-is-layout-9d6595d7 wp-block-columns-is-layout-flex\"> <div class=\"wp-block-column is-layout-flow wp-block-column-is-layout-flow\"> <figure class=\"wp-block-image size-full\"><img loading=\"lazy\" decoding=\"async\" width=\"750\" height=\"500\" src=\"https:\/\/toppackingmachine.com\/wp-content\/uploads\/2021\/08\/company-about-us-1.jpg\" alt=\"empresa e f\u00e1brica\" class=\"wp-image-1340\" title=\"\" srcset=\"https:\/\/toppackingmachine.com\/wp-content\/uploads\/2021\/08\/company-about-us-1.jpg 750w, https:\/\/toppackingmachine.com\/wp-content\/uploads\/2021\/08\/company-about-us-1-300x200.jpg 300w\" sizes=\"auto, (max-width: 750px) 100vw, 750px\" \/><\/figure> <\/div>    <div class=\"wp-block-column is-layout-flow wp-block-column-is-layout-flow\"> <figure class=\"wp-block-image size-full\"><img loading=\"lazy\" decoding=\"async\" width=\"750\" height=\"500\" src=\"https:\/\/toppackingmachine.com\/wp-content\/uploads\/2021\/08\/picture.jpg\" alt=\"foto\" class=\"wp-image-1336\" title=\"\" srcset=\"https:\/\/toppackingmachine.com\/wp-content\/uploads\/2021\/08\/picture.jpg 750w, https:\/\/toppackingmachine.com\/wp-content\/uploads\/2021\/08\/picture-300x200.jpg 300w\" sizes=\"auto, (max-width: 750px) 100vw, 750px\" \/><\/figure> <\/div> <\/div>    <p>Nosso neg\u00f3cio abrange todos os tipos de m\u00e1quinas de embalagem, principalmente na ind\u00fastria aliment\u00edcia. Com base nos materiais a serem embalados, ela \u00e9 classificada em m\u00e1quina de embalagem de p\u00f3, m\u00e1quina de embalagem de gr\u00e2nulos e m\u00e1quina de embalagem de l\u00edquidos. De acordo com a fun\u00e7\u00e3o, ela \u00e9 dividida em m\u00e1quina de embalagem a v\u00e1cuo, m\u00e1quina de embalagem de travesseiros, m\u00e1quina de embalagem autom\u00e1tica e m\u00e1quina de embalagem semiautom\u00e1tica. Definitivamente, existem outras m\u00e1quinas, como etiquetadoras, seladoras e tampadoras, etc. Todas as m\u00e1quinas s\u00e3o suportadas para personaliza\u00e7\u00e3o. Al\u00e9m disso, est\u00e3o dispon\u00edveis dispositivos opcionais como\u00a0impressora de data, formador de saco, dispositivo de veda\u00e7\u00e3o e corte, dispositivo infl\u00e1vel e de exaust\u00e3o, tiras de veda\u00e7\u00e3o ou seladora a v\u00e1cuo. Al\u00e9m disso, nossas m\u00e1quinas possuem certificados CE e ISO. Seu projeto e processo de fabrica\u00e7\u00e3o atendem aos padr\u00f5es internacionais.<\/p>    <div class=\"wp-block-columns is-layout-flex wp-container-core-columns-is-layout-9d6595d7 wp-block-columns-is-layout-flex\"> <div class=\"wp-block-column is-layout-flow wp-block-column-is-layout-flow\"> <figure class=\"wp-block-image size-full\"><a href=\"https:\/\/toppackingmachine.com\/pt\/powder-packing-machine\/\"><img loading=\"lazy\" decoding=\"async\" width=\"600\" height=\"450\" src=\"https:\/\/toppackingmachine.com\/wp-content\/uploads\/2021\/08\/0-80-g-powder-packaging-machine-1.jpg\" alt=\"\u00c9 uma embaladora que possui uma tremonha obl\u00edqua.\" class=\"wp-image-1234\" title=\"\" srcset=\"https:\/\/toppackingmachine.com\/wp-content\/uploads\/2021\/08\/0-80-g-powder-packaging-machine-1.jpg 600w, https:\/\/toppackingmachine.com\/wp-content\/uploads\/2021\/08\/0-80-g-powder-packaging-machine-1-300x225.jpg 300w\" sizes=\"auto, (max-width: 600px) 100vw, 600px\" \/><\/a><figcaption class=\"wp-element-caption\">M\u00e1quina de embalagem de p\u00f3 de 0-80 G<\/figcaption><\/figure> <\/div>    <div class=\"wp-block-column is-layout-flow wp-block-column-is-layout-flow\"> <figure class=\"wp-block-image size-full\"><a href=\"https:\/\/toppackingmachine.com\/pt\/food-packaging-machine\/\"><img loading=\"lazy\" decoding=\"async\" width=\"600\" height=\"450\" src=\"https:\/\/toppackingmachine.com\/wp-content\/uploads\/2021\/08\/multi-head-weigher-granule-food-packing-machine.jpg\" alt=\"M\u00e1quina de embalagem com balan\u00e7a de m\u00faltiplas cabe\u00e7as para embalagem de alimentos granulados variados\" class=\"wp-image-444\" title=\"\" srcset=\"https:\/\/toppackingmachine.com\/wp-content\/uploads\/2021\/08\/multi-head-weigher-granule-food-packing-machine.jpg 600w, https:\/\/toppackingmachine.com\/wp-content\/uploads\/2021\/08\/multi-head-weigher-granule-food-packing-machine-300x225.jpg 300w\" sizes=\"auto, (max-width: 600px) 100vw, 600px\" \/><\/a><figcaption class=\"wp-element-caption\">Equipamento de embalagem de alimentos com balan\u00e7a multicabe\u00e7a<\/figcaption><\/figure> <\/div>    <div class=\"wp-block-column is-layout-flow wp-block-column-is-layout-flow\"> <figure class=\"wp-block-image size-full\"><a href=\"https:\/\/toppackingmachine.com\/pt\/liquid-packing-machine\/\"><img loading=\"lazy\" decoding=\"async\" width=\"600\" height=\"450\" src=\"https:\/\/toppackingmachine.com\/wp-content\/uploads\/2021\/08\/TH-liquid-packaging-machine.jpg\" alt=\"A m\u00e1quina de embalagem de l\u00edquidos \u00e9 para embalar leite puro, leite de soja, etc.\" class=\"wp-image-1175\" title=\"\" srcset=\"https:\/\/toppackingmachine.com\/wp-content\/uploads\/2021\/08\/TH-liquid-packaging-machine.jpg 600w, https:\/\/toppackingmachine.com\/wp-content\/uploads\/2021\/08\/TH-liquid-packaging-machine-300x225.jpg 300w\" sizes=\"auto, (max-width: 600px) 100vw, 600px\" \/><\/a><figcaption class=\"wp-element-caption\">M\u00e1quina de embalagem de l\u00edquidos<\/figcaption><\/figure> <\/div> <\/div>    <div class=\"wp-block-columns is-layout-flex wp-container-core-columns-is-layout-9d6595d7 wp-block-columns-is-layout-flex\"> <div class=\"wp-block-column is-layout-flow wp-block-column-is-layout-flow\"> <figure class=\"wp-block-image size-full\"><a href=\"https:\/\/toppackingmachine.com\/pt\/pillow-packing-machine\/\"><img loading=\"lazy\" decoding=\"async\" width=\"600\" height=\"450\" src=\"https:\/\/toppackingmachine.com\/wp-content\/uploads\/2021\/08\/pillow-food-packaging-equipment.jpg\" alt=\"m\u00e1quina de embalagem horizontal para embalagens de alimentos, como vegetais, bolo lunar, etc.\" class=\"wp-image-443\" title=\"\" srcset=\"https:\/\/toppackingmachine.com\/wp-content\/uploads\/2021\/08\/pillow-food-packaging-equipment.jpg 600w, https:\/\/toppackingmachine.com\/wp-content\/uploads\/2021\/08\/pillow-food-packaging-equipment-300x225.jpg 300w\" sizes=\"auto, (max-width: 600px) 100vw, 600px\" \/><\/a><figcaption class=\"wp-element-caption\">M\u00e1quina de embalagem de alimentos para travesseiros<\/figcaption><\/figure> <\/div>    <div class=\"wp-block-column is-layout-flow wp-block-column-is-layout-flow\"> <figure class=\"wp-block-image size-full\"><a href=\"https:\/\/toppackingmachine.com\/pt\/granule-packing-machine\/\"><img loading=\"lazy\" decoding=\"async\" width=\"600\" height=\"450\" src=\"https:\/\/toppackingmachine.com\/wp-content\/uploads\/2021\/08\/TH-320-granule-packing-machine.jpg\" alt=\"A m\u00e1quina de embalagem de gr\u00e2nulos \u00e9 usada para embalar part\u00edculas, como milho.\" class=\"wp-image-1144\" title=\"\" srcset=\"https:\/\/toppackingmachine.com\/wp-content\/uploads\/2021\/08\/TH-320-granule-packing-machine.jpg 600w, https:\/\/toppackingmachine.com\/wp-content\/uploads\/2021\/08\/TH-320-granule-packing-machine-300x225.jpg 300w\" sizes=\"auto, (max-width: 600px) 100vw, 600px\" \/><\/a><figcaption class=\"wp-element-caption\">M\u00e1quina de embalagem de gr\u00e2nulos Th-320<\/figcaption><\/figure> <\/div>    <div class=\"wp-block-column is-layout-flow wp-block-column-is-layout-flow\"> <figure class=\"wp-block-image size-full\"><a href=\"https:\/\/toppackingmachine.com\/pt\/vacuum-packaging-machine\/\"><img loading=\"lazy\" decoding=\"async\" width=\"600\" height=\"450\" src=\"https:\/\/toppackingmachine.com\/wp-content\/uploads\/2021\/08\/vacuum-vetegable-packaging-machine.jpg\" alt=\"A m\u00e1quina embaladora de vegetais possui duas c\u00e2maras.\" class=\"wp-image-594\" title=\"\" srcset=\"https:\/\/toppackingmachine.com\/wp-content\/uploads\/2021\/08\/vacuum-vetegable-packaging-machine.jpg 600w, https:\/\/toppackingmachine.com\/wp-content\/uploads\/2021\/08\/vacuum-vetegable-packaging-machine-300x225.jpg 300w\" sizes=\"auto, (max-width: 600px) 100vw, 600px\" \/><\/a><figcaption class=\"wp-element-caption\">M\u00e1quina de embalagem de vegetais a v\u00e1cuo<\/figcaption><\/figure> <\/div> <\/div>    <p>Somos um fabricante e fornecedor de solu\u00e7\u00f5es integradas de embalagem. Quando voc\u00ea fornece suas necessidades espec\u00edficas, informamos diretamente nossa f\u00e1brica para produzir as m\u00e1quinas correspondentes sem perda de tempo e custo. Nossas m\u00e1quinas s\u00e3o de qualidade superior, desempenho est\u00e1vel e estrutura razo\u00e1vel. Al\u00e9m disso, voc\u00ea obt\u00e9m a solu\u00e7\u00e3o perfeita para sua m\u00e1quina embaladora solicitada por voc\u00ea, se houver. E nossas m\u00e1quinas s\u00e3o exportadas para mais de 80 regi\u00f5es e pa\u00edses, como EUA, Reino Unido, Canad\u00e1, Austr\u00e1lia, Jap\u00e3o, Filipinas, Indon\u00e9sia, Ar\u00e1bia Saudita, Emirados \u00c1rabes Unidos, M\u00e9xico, Brasil, etc. o mundo. Henan Top Packing Machinery Co., Ltd tem sido classificada em primeiro lugar nas \u00e1reas de m\u00e1quinas de embalagem. Bem-vindo a entrar em contato conosco para um relacionamento de coopera\u00e7\u00e3o confi\u00e1vel e longo!<\/p>   <div class=\"wp-block-image\"> <figure class=\"aligncenter size-full\"><img loading=\"lazy\" decoding=\"async\" width=\"1024\" height=\"486\" src=\"https:\/\/toppackingmachine.com\/wp-content\/uploads\/2021\/08\/global-market.jpg\" alt=\"mercado global \" class=\"wp-image-1684\" title=\"\" srcset=\"https:\/\/toppackingmachine.com\/wp-content\/uploads\/2021\/08\/global-market.jpg 1024w, https:\/\/toppackingmachine.com\/wp-content\/uploads\/2021\/08\/global-market-300x142.jpg 300w, https:\/\/toppackingmachine.com\/wp-content\/uploads\/2021\/08\/global-market-768x365.jpg 768w\" sizes=\"auto, (max-width: 1024px) 100vw, 1024px\" \/><figcaption class=\"wp-element-caption\">mercado global<\/figcaption><\/figure> <\/div>   <p>Selecionar nossa m\u00e1quina de embalagem \u00e9 uma escolha da qual voc\u00ea nunca se arrepender\u00e1. Os componentes das m\u00e1quinas da nossa empresa s\u00e3o todos de marcas conhecidas, pelo que as m\u00e1quinas embaladoras que nos pertencem s\u00e3o de elevada coloca\u00e7\u00e3o, boa qualidade e baixas perdas. O que \u00e9 mais importante, tamb\u00e9m oferecemos servi\u00e7os personalizados. Produziremos as m\u00e1quinas que voc\u00ea precisa com base em suas necessidades espec\u00edficas. Se voc\u00ea tiver alguma d\u00favida sobre isso, acredito que a imagem a seguir \u00e9 a melhor prova. Pode-se ver a partir disso que nossas m\u00e1quinas s\u00e3o amplamente elogiadas e amadas por clientes em todo o mundo. Ent\u00e3o entre em contato conosco imediatamente para facilitar o seu neg\u00f3cio!<\/p>   <div class=\"wp-block-image\"> <figure class=\"aligncenter size-large\"><img loading=\"lazy\" decoding=\"async\" width=\"1024\" height=\"620\" src=\"https:\/\/toppackingmachine.com\/wp-content\/uploads\/2021\/08\/customer-worldwide-1024x620.jpg\" alt=\"\" class=\"wp-image-1678\" title=\"\" srcset=\"https:\/\/toppackingmachine.com\/wp-content\/uploads\/2021\/08\/customer-worldwide-1024x620.jpg 1024w, https:\/\/toppackingmachine.com\/wp-content\/uploads\/2021\/08\/customer-worldwide-300x182.jpg 300w, https:\/\/toppackingmachine.com\/wp-content\/uploads\/2021\/08\/customer-worldwide-768x465.jpg 768w, https:\/\/toppackingmachine.com\/wp-content\/uploads\/2021\/08\/customer-worldwide.jpg 1210w\" sizes=\"auto, (max-width: 1024px) 100vw, 1024px\" \/><\/figure> <\/div>","protected":false},"excerpt":{"rendered":"<p>Henan Top Packing Machinery Co., Ltd, fundada em 1992 em Zhengzhou, concentra-se em m\u00e1quinas de embalagem de qualidade global com a miss\u00e3o de aumentar o valor do cliente, o crescimento dos funcion\u00e1rios e defender valores de sinceridade, gratid\u00e3o e trabalho em equipe. Nosso neg\u00f3cio abrange todos os tipos de m\u00e1quinas de embalagem, principalmente na ind\u00fastria aliment\u00edcia. Com base nos materiais a serem embalados, \u00e9\u2026<\/p>","protected":false},"author":1,"featured_media":0,"parent":0,"menu_order":0,"comment_status":"closed","ping_status":"closed","template":"","meta":{"_kad_blocks_custom_css":"","_kad_blocks_head_custom_js":"","_kad_blocks_body_custom_js":"","_kad_blocks_footer_custom_js":"","_kadence_starter_templates_imported_post":false,"_kad_post_transparent":"","_kad_post_title":"","_kad_post_layout":"","_kad_post_sidebar_id":"","_kad_post_content_style":"","_kad_post_vertical_padding":"","_kad_post_feature":"","_kad_post_feature_position":"","_kad_post_header":false,"_kad_post_footer":false,"_kad_post_classname":"","footnotes":""},"class_list":["post-962","page","type-page","status-publish","hentry"],"taxonomy_info":[],"featured_image_src_large":false,"author_info":{"display_name":"Frank","author_link":"https:\/\/toppackingmachine.com\/pt\/author\/admin\/"},"comment_info":0,"_links":{"self":[{"href":"https:\/\/toppackingmachine.com\/pt\/wp-json\/wp\/v2\/pages\/962","targetHints":{"allow":["GET"]}}],"collection":[{"href":"https:\/\/toppackingmachine.com\/pt\/wp-json\/wp\/v2\/pages"}],"about":[{"href":"https:\/\/toppackingmachine.com\/pt\/wp-json\/wp\/v2\/types\/page"}],"author":[{"embeddable":true,"href":"https:\/\/toppackingmachine.com\/pt\/wp-json\/wp\/v2\/users\/1"}],"replies":[{"embeddable":true,"href":"https:\/\/toppackingmachine.com\/pt\/wp-json\/wp\/v2\/comments?post=962"}],"version-history":[{"count":0,"href":"https:\/\/toppackingmachine.com\/pt\/wp-json\/wp\/v2\/pages\/962\/revisions"}],"wp:attachment":[{"href":"https:\/\/toppackingmachine.com\/pt\/wp-json\/wp\/v2\/media?parent=962"}],"curies":[{"name":"wp","href":"https:\/\/api.w.org\/{rel}","templated":true}]}}