{"id":964,"date":"2021-08-10T10:30:35","date_gmt":"2021-08-10T10:30:35","guid":{"rendered":"https:\/\/toppackingmachine.com\/?page_id=964"},"modified":"2024-05-21T17:30:42","modified_gmt":"2024-05-21T09:30:42","slug":"faq","status":"publish","type":"page","link":"https:\/\/toppackingmachine.com\/pt\/faq\/","title":{"rendered":"Perguntas frequentes"},"content":{"rendered":"<style>.kb-row-layout-id964_c6e9e8-c0 > .kt-row-column-wrap{align-content:start;}:where(.kb-row-layout-id964_c6e9e8-c0 > .kt-row-column-wrap) > .wp-block-kadence-column{justify-content:start;}.kb-row-layout-id964_c6e9e8-c0 > .kt-row-column-wrap{column-gap:var(--global-kb-gap-md, 2rem);row-gap:var(--global-kb-gap-md, 2rem);max-width:var( --global-content-width, 1290px );padding-left:var(--global-content-edge-padding);padding-right:var(--global-content-edge-padding);padding-top:var(--global-kb-spacing-sm, 1.5rem);padding-bottom:var(--global-kb-spacing-sm, 1.5rem);grid-template-columns:minmax(0, 1fr);}.kb-row-layout-id964_c6e9e8-c0 > .kt-row-layout-overlay{opacity:0.30;}@media all and (max-width: 1024px){.kb-row-layout-id964_c6e9e8-c0 > .kt-row-column-wrap{grid-template-columns:minmax(0, 1fr);}}@media all and (max-width: 767px){.kb-row-layout-id964_c6e9e8-c0 > .kt-row-column-wrap{grid-template-columns:minmax(0, 1fr);}}<\/style><div class=\"kb-row-layout-wrap kb-row-layout-id964_c6e9e8-c0 alignnone wp-block-kadence-rowlayout\"><div class=\"kt-row-column-wrap kt-has-1-columns kt-row-layout-equal kt-tab-layout-inherit kt-mobile-layout-row kt-row-valign-top kb-theme-content-width\"> <style>.kadence-column964_57de39-3c > .kt-inside-inner-col,.kadence-column964_57de39-3c > .kt-inside-inner-col:before{border-top-left-radius:0px;border-top-right-radius:0px;border-bottom-right-radius:0px;border-bottom-left-radius:0px;}.kadence-column964_57de39-3c > .kt-inside-inner-col{column-gap:var(--global-kb-gap-sm, 1rem);}.kadence-column964_57de39-3c > .kt-inside-inner-col{flex-direction:column;}.kadence-column964_57de39-3c > .kt-inside-inner-col > .aligncenter{width:100%;}.kadence-column964_57de39-3c > .kt-inside-inner-col:before{opacity:0.3;}.kadence-column964_57de39-3c{position:relative;}@media all and (max-width: 1024px){.kadence-column964_57de39-3c > .kt-inside-inner-col{flex-direction:column;justify-content:center;}}@media all and (max-width: 767px){.kadence-column964_57de39-3c > .kt-inside-inner-col{flex-direction:column;justify-content:center;}}<\/style> <div class=\"wp-block-kadence-column kadence-column964_57de39-3c\"><div class=\"kt-inside-inner-col\"> <h5 class=\"wp-block-heading has-text-color\" style=\"color:#0177cf\">Q1: Posso me tornar seu distribuidor em uma determinada \u00e1rea?<\/h5>    <p>\u2014-Claro, damos as boas-vindas aos distribuidores, forneceremos pre\u00e7os e servi\u00e7os mais competitivos quando voc\u00ea comprar uma quantidade diferente.<\/p>    <h5 class=\"wp-block-heading has-text-color\" style=\"color:#0177cf\">P2:\u00a0Que tipo de filme em rolo pode ser usado em sua m\u00e1quina?<\/h5>    <p>\u2014-Polipropileno\/polietileno, folha de alum\u00ednio\/polietileno, poli\u00e9ster\/alum\u00ednio\/polietileno, n\u00e1ilon\/polietileno refor\u00e7ado, papel\/polietileno, papel de filtro, etc.<\/p>    <h5 class=\"wp-block-heading has-text-color\" style=\"color:#0177cf\">Q3:\u00a0Para a m\u00e1quina de embalagem de gr\u00e2nulos,\u00a0quanto peso diminuir\u00e1\u00a0com a remo\u00e7\u00e3o de um copo medidor?<\/h5>    <p>\u2014-Os diferentes objetos s\u00e3o\u00a0diferentes porque a densidade dos objetos \u00e9 diferente. Faremos sugest\u00f5es para voc\u00ea com base em seus produtos.<\/p>    <h5 class=\"wp-block-heading has-text-color\" style=\"color:#0177cf\">P4:\u00a0Sua m\u00e1quina de embalagem pode imprimir a data?<\/h5>    <p>--Sim. Podemos adicionar um dispositivo para impress\u00e3o da data de produ\u00e7\u00e3o\/N\u00famero do lote\/Data de validade.<\/p>    <h5 class=\"wp-block-heading has-text-color\" style=\"color:#0177cf\">Q5: Minha faixa de embalagem \u00e9 de 250-1500 gramas, posso usar um pacote de m\u00e1quina?<\/h5>    <p>\u2014-Temos diferentes modelos de m\u00e1quinas para diferentes gamas de embalagens. Apoiamos a personaliza\u00e7\u00e3o de diferentes solu\u00e7\u00f5es para voc\u00ea de acordo com sua situa\u00e7\u00e3o espec\u00edfica.<\/p>    <h5 class=\"wp-block-heading has-text-color\" style=\"color:#0177cf\">P6:\u00a0Para a m\u00e1quina de embalagem de travesseiros,\u00a0posso\u00a0ajustar a largura do saco sozinho?<\/h5>    <p>--Claro. Voc\u00ea pode ajustar a largura em um determinado intervalo. N\u00f3s lhe daremos conselhos.<\/p>    <h5 class=\"wp-block-heading has-text-color\" style=\"color:#0177cf\">P7:\u00a0A partir da data dos pedidos, em quantos dias posso receber as m\u00e1quinas?<\/h5>    <p>\u2014-Se a m\u00e1quina que voc\u00ea precisa estiver dispon\u00edvel, podemos providenci\u00e1-la imediatamente. Geralmente de 7 a 15 dias a m\u00e1quina est\u00e1 pronta. O seguinte a ser considerado \u00e9 a forma de entrega. O hor\u00e1rio de chegada varia de acordo com a transportadora selecionada. Depende da situa\u00e7\u00e3o real.<\/p>    <h5 class=\"wp-block-heading has-text-color\" style=\"color:#0177cf\">P8:\u00a0Como garantir que poderei obter m\u00e1quinas de qualidade superior ou a mesma m\u00e1quina que discutimos antes?<\/h5>    <p>--N\u00e3o se preocupe. Antes de produzir, confirmaremos cada detalhe seu. Quando a m\u00e1quina chega, gravamos o v\u00eddeo sobre o comissionamento para garantir que a m\u00e1quina esteja em boas condi\u00e7\u00f5es. Qualquer d\u00favida voc\u00ea pode entrar em contato conosco a qualquer momento.<\/p>    <h5 class=\"wp-block-heading has-text-color\" style=\"color:#0177cf\">P9:\u00a0Que servi\u00e7o p\u00f3s-venda voc\u00ea oferece?<\/h5>    <p>\u2014-De modo geral, 24 meses de garantia e manuten\u00e7\u00e3o vital\u00edcia. Al\u00e9m disso, h\u00e1 orienta\u00e7\u00e3o de instala\u00e7\u00e3o, suporte de v\u00eddeo, suporte online.<\/p>    <h5 class=\"wp-block-heading has-text-color\" style=\"color:#0177cf\">Q10:\u00a0Qual \u00e9 a sua forma de pagamento?<\/h5>    <p>\u2014-T\/T e cart\u00e3o de cr\u00e9dito. O adiantamento 50% deve ser feito antes da entrega, e o saldo 50% \u00e9 pago ap\u00f3s o recebimento das m\u00e1quinas. Por\u00e9m, o pequeno valor dever\u00e1 ser pago na forma de 100%.<\/p> <\/div><\/div>  <\/div><\/div>","protected":false},"excerpt":{"rendered":"<p>Q1: Posso me tornar seu distribuidor em uma determinada \u00e1rea? \u2014-Claro, damos as boas-vindas aos distribuidores, forneceremos pre\u00e7os e servi\u00e7os mais competitivos quando voc\u00ea comprar uma quantidade diferente. P2:\u00a0Que tipo de filme em rolo pode ser usado em sua m\u00e1quina? \u2014-Polipropileno\/polietileno,\u00a0folha de alum\u00ednio\/polietileno,\u00a0poli\u00e9ster\/alum\u00ednio\/polietileno, n\u00e1ilon\/polietileno refor\u00e7ado, papel\/polietileno, papel de filtro, etc. Q3:\u00a0Para a m\u00e1quina de embalagem de gr\u00e2nulos,\u00a0quanto peso ser\u00e1\u2026<\/p>","protected":false},"author":1,"featured_media":0,"parent":0,"menu_order":0,"comment_status":"closed","ping_status":"closed","template":"","meta":{"_kad_blocks_custom_css":"","_kad_blocks_head_custom_js":"","_kad_blocks_body_custom_js":"","_kad_blocks_footer_custom_js":"","_kadence_starter_templates_imported_post":false,"_kad_post_transparent":"","_kad_post_title":"","_kad_post_layout":"normal","_kad_post_sidebar_id":"","_kad_post_content_style":"","_kad_post_vertical_padding":"","_kad_post_feature":"","_kad_post_feature_position":"","_kad_post_header":false,"_kad_post_footer":false,"_kad_post_classname":"","footnotes":""},"class_list":["post-964","page","type-page","status-publish","hentry"],"taxonomy_info":[],"featured_image_src_large":false,"author_info":{"display_name":"Frank","author_link":"https:\/\/toppackingmachine.com\/pt\/author\/admin\/"},"comment_info":0,"_links":{"self":[{"href":"https:\/\/toppackingmachine.com\/pt\/wp-json\/wp\/v2\/pages\/964","targetHints":{"allow":["GET"]}}],"collection":[{"href":"https:\/\/toppackingmachine.com\/pt\/wp-json\/wp\/v2\/pages"}],"about":[{"href":"https:\/\/toppackingmachine.com\/pt\/wp-json\/wp\/v2\/types\/page"}],"author":[{"embeddable":true,"href":"https:\/\/toppackingmachine.com\/pt\/wp-json\/wp\/v2\/users\/1"}],"replies":[{"embeddable":true,"href":"https:\/\/toppackingmachine.com\/pt\/wp-json\/wp\/v2\/comments?post=964"}],"version-history":[{"count":0,"href":"https:\/\/toppackingmachine.com\/pt\/wp-json\/wp\/v2\/pages\/964\/revisions"}],"wp:attachment":[{"href":"https:\/\/toppackingmachine.com\/pt\/wp-json\/wp\/v2\/media?parent=964"}],"curies":[{"name":"wp","href":"https:\/\/api.w.org\/{rel}","templated":true}]}}