{"id":980,"date":"2021-08-10T12:49:50","date_gmt":"2021-08-10T12:49:50","guid":{"rendered":"https:\/\/toppackingmachine.com\/?page_id=980"},"modified":"2024-05-22T17:20:10","modified_gmt":"2024-05-22T09:20:10","slug":"contact-us","status":"publish","type":"page","link":"https:\/\/toppackingmachine.com\/pt\/contact-us\/","title":{"rendered":"Contate-nos"},"content":{"rendered":"<h2 class=\"wp-block-heading has-text-align-center\">Informa\u00e7\u00f5es de contato<\/h2>    <div class=\"wp-block-columns is-layout-flex wp-container-core-columns-is-layout-9d6595d7 wp-block-columns-is-layout-flex\"> <div class=\"wp-block-column is-layout-flow wp-block-column-is-layout-flow\"><div class=\"wp-block-image\"> <figure class=\"aligncenter size-full\"><img loading=\"lazy\" decoding=\"async\" width=\"115\" height=\"115\" src=\"https:\/\/toppackingmachine.com\/wp-content\/uploads\/2021\/08\/icon-three.png\" alt=\"\" class=\"wp-image-1384\" title=\"\"><figcaption class=\"wp-element-caption\">VISITE-NOS<\/figcaption><\/figure> <\/div>   <p class=\"has-text-align-center\">Estrada N\u00e1utica Leste, Zona de Desenvolvimento Econ\u00f4mico de Zhengzhou.<\/p>    <h6 class=\"wp-block-heading has-text-align-center has-text-color\" style=\"color:#0177cf\">Cidade de Zhengzhou, Henan, China<\/h6> <\/div>    <div class=\"wp-block-column is-layout-flow wp-block-column-is-layout-flow\"><div class=\"wp-block-image\"> <figure class=\"aligncenter size-full\"><img loading=\"lazy\" decoding=\"async\" width=\"135\" height=\"123\" src=\"https:\/\/toppackingmachine.com\/wp-content\/uploads\/2021\/08\/icon-two.png\" alt=\"\" class=\"wp-image-1383\" title=\"\"><figcaption class=\"wp-element-caption\">ENVIA-NOS UM EMAIL<\/figcaption><\/figure> <\/div>   <p class=\"has-text-align-center\">Precisa de um or\u00e7amento gratuito ou de mais perfis de produtos? Envie-nos um e-mail hoje.<\/p>    <h6 class=\"wp-block-heading has-text-align-center has-text-color\" style=\"color:#0177cf\"><a href=\"mailto:sales@toppackingmachine.com\">sales@toppackingmachine.com<\/a><\/h6> <\/div>    <div class=\"wp-block-column is-layout-flow wp-block-column-is-layout-flow\"><div class=\"wp-block-image\"> <figure class=\"aligncenter size-full\"><img loading=\"lazy\" decoding=\"async\" width=\"123\" height=\"115\" src=\"https:\/\/toppackingmachine.com\/wp-content\/uploads\/2021\/08\/icon-one.png\" alt=\"\" class=\"wp-image-1382\" title=\"\"><figcaption class=\"wp-element-caption\">LIGUE PARA N\u00d3S<\/figcaption><\/figure> <\/div>   <p class=\"has-text-align-center\">Interessado em m\u00e1quinas de embalagem de qualidade e acess\u00edveis? Ligue para n\u00f3s<\/p>    <h6 class=\"wp-block-heading has-text-align-center has-text-color\" style=\"color:#0177cf\"><a href=\"tel:8617329326135\">Tel: 8617320158259<\/a><\/h6>    <p class=\"has-text-align-center\">WhatsApp: 8617329326135<\/p> <\/div> <\/div>      <p><\/p>","protected":false},"excerpt":{"rendered":"<p>Informa\u00e7\u00f5es de contato Estrada N\u00e1utica Leste, Zona de Desenvolvimento Econ\u00f4mico de Zhengzhou. Cidade de Zhengzhou, Henan, China Precisa de um or\u00e7amento gratuito ou de mais perfis de produtos? Envie-nos um e-mail hoje. sales@toppackingmachine.com Interessado em m\u00e1quinas de embalagem de qualidade e acess\u00edveis? Ligue-nos Tel: 8617320158259 WhatsApp: 8617329326135<\/p>","protected":false},"author":1,"featured_media":0,"parent":0,"menu_order":0,"comment_status":"closed","ping_status":"closed","template":"","meta":{"_kad_blocks_custom_css":"","_kad_blocks_head_custom_js":"","_kad_blocks_body_custom_js":"","_kad_blocks_footer_custom_js":"","_kadence_starter_templates_imported_post":false,"_kad_post_transparent":"","_kad_post_title":"","_kad_post_layout":"","_kad_post_sidebar_id":"","_kad_post_content_style":"","_kad_post_vertical_padding":"","_kad_post_feature":"","_kad_post_feature_position":"","_kad_post_header":false,"_kad_post_footer":false,"_kad_post_classname":"","footnotes":""},"class_list":["post-980","page","type-page","status-publish","hentry"],"taxonomy_info":[],"featured_image_src_large":false,"author_info":{"display_name":"Frank","author_link":"https:\/\/toppackingmachine.com\/pt\/author\/admin\/"},"comment_info":0,"_links":{"self":[{"href":"https:\/\/toppackingmachine.com\/pt\/wp-json\/wp\/v2\/pages\/980","targetHints":{"allow":["GET"]}}],"collection":[{"href":"https:\/\/toppackingmachine.com\/pt\/wp-json\/wp\/v2\/pages"}],"about":[{"href":"https:\/\/toppackingmachine.com\/pt\/wp-json\/wp\/v2\/types\/page"}],"author":[{"embeddable":true,"href":"https:\/\/toppackingmachine.com\/pt\/wp-json\/wp\/v2\/users\/1"}],"replies":[{"embeddable":true,"href":"https:\/\/toppackingmachine.com\/pt\/wp-json\/wp\/v2\/comments?post=980"}],"version-history":[{"count":0,"href":"https:\/\/toppackingmachine.com\/pt\/wp-json\/wp\/v2\/pages\/980\/revisions"}],"wp:attachment":[{"href":"https:\/\/toppackingmachine.com\/pt\/wp-json\/wp\/v2\/media?parent=980"}],"curies":[{"name":"wp","href":"https:\/\/api.w.org\/{rel}","templated":true}]}}