{"id":1034,"date":"2021-08-11T07:06:57","date_gmt":"2021-08-11T07:06:57","guid":{"rendered":"https:\/\/toppackingmachine.com\/?page_id=1034"},"modified":"2024-05-22T10:50:28","modified_gmt":"2024-05-22T02:50:28","slug":"be-agent","status":"publish","type":"page","link":"https:\/\/toppackingmachine.com\/vi\/be-agent\/","title":{"rendered":"L\u00e0m \u0111\u1ea1i l\u00fd"},"content":{"rendered":"<style>.kb-row-layout-id1034_da777f-73 > .kt-row-column-wrap{align-content:start;}:where(.kb-row-layout-id1034_da777f-73 > .kt-row-column-wrap) > .wp-block-kadence-column{justify-content:start;}.kb-row-layout-id1034_da777f-73 > .kt-row-column-wrap{column-gap:var(--global-kb-gap-md, 2rem);row-gap:var(--global-kb-gap-md, 2rem);max-width:var( --global-content-width, 1290px );padding-left:var(--global-content-edge-padding);padding-right:var(--global-content-edge-padding);padding-top:var(--global-kb-spacing-sm, 1.5rem);padding-bottom:var(--global-kb-spacing-sm, 1.5rem);grid-template-columns:minmax(0, 1fr);}.kb-row-layout-id1034_da777f-73 > .kt-row-layout-overlay{opacity:0.30;}@media all and (max-width: 1024px){.kb-row-layout-id1034_da777f-73 > .kt-row-column-wrap{grid-template-columns:minmax(0, 1fr);}}@media all and (max-width: 767px){.kb-row-layout-id1034_da777f-73 > .kt-row-column-wrap{grid-template-columns:minmax(0, 1fr);}}<\/style><div class=\"kb-row-layout-wrap kb-row-layout-id1034_da777f-73 alignnone wp-block-kadence-rowlayout\"><div class=\"kt-row-column-wrap kt-has-1-columns kt-row-layout-equal kt-tab-layout-inherit kt-mobile-layout-row kt-row-valign-top kb-theme-content-width\"> <style>.kadence-column1034_ee9d09-3b > .kt-inside-inner-col,.kadence-column1034_ee9d09-3b > .kt-inside-inner-col:before{border-top-left-radius:0px;border-top-right-radius:0px;border-bottom-right-radius:0px;border-bottom-left-radius:0px;}.kadence-column1034_ee9d09-3b > .kt-inside-inner-col{column-gap:var(--global-kb-gap-sm, 1rem);}.kadence-column1034_ee9d09-3b > .kt-inside-inner-col{flex-direction:column;}.kadence-column1034_ee9d09-3b > .kt-inside-inner-col > .aligncenter{width:100%;}.kadence-column1034_ee9d09-3b > .kt-inside-inner-col:before{opacity:0.3;}.kadence-column1034_ee9d09-3b{position:relative;}@media all and (max-width: 1024px){.kadence-column1034_ee9d09-3b > .kt-inside-inner-col{flex-direction:column;justify-content:center;}}@media all and (max-width: 767px){.kadence-column1034_ee9d09-3b > .kt-inside-inner-col{flex-direction:column;justify-content:center;}}<\/style> <div class=\"wp-block-kadence-column kadence-column1034_ee9d09-3b\"><div class=\"kt-inside-inner-col\"> <h2 class=\"wp-block-heading has-palette-color-4-color has-text-color\">Ch\u00fang ta l\u00e0 ai<\/h2>    <p>\u0110\u01b0\u1ee3c th\u00e0nh l\u1eadp v\u00e0o n\u0103m 1992, ch\u00fang t\u00f4i l\u00e0 m\u1ed9t trong nh\u1eefng nh\u00e0 s\u1ea3n xu\u1ea5t m\u00e1y \u0111\u00f3ng g\u00f3i chuy\u00ean nghi\u1ec7p h\u00e0ng \u0111\u1ea7u t\u1ea1i Trung Qu\u1ed1c. V\u1edbi kinh nghi\u1ec7m phong ph\u00fa trong thi\u1ebft k\u1ebf, nghi\u00ean c\u1ee9u, s\u1ea3n xu\u1ea5t v\u00e0 ti\u1ebfp th\u1ecb thi\u1ebft b\u1ecb \u0111\u00f3ng g\u00f3i, m\u00e1y \u0111\u00f3ng g\u00f3i Henan Top \u0111\u00e3 \u0111\u01b0\u1ee3c xu\u1ea5t kh\u1ea9u sang h\u01a1n 80 qu\u1ed1c gia v\u00e0 khu v\u1ef1c tr\u00ean th\u1ebf gi\u1edbi. Hi\u1ec7n nay, ch\u00fang t\u00f4i \u0111ang t\u00ecm ki\u1ebfm c\u00e1c nh\u00e0 ph\u00e2n ph\u1ed1i l\u00e0m \u0111\u1ed1i t\u00e1c chi\u1ebfn l\u01b0\u1ee3c to\u00e0n c\u1ea7u c\u1ee7a m\u00ecnh \u0111\u1ec3 \u0111\u1ea1t \u0111\u01b0\u1ee3c t\u00ecnh h\u00ecnh \u0111\u00f4i b\u00ean c\u00f9ng c\u00f3 l\u1ee3i.<\/p>    <h2 class=\"wp-block-heading\">Nh\u1eefng g\u00ec ch\u00fang t\u00f4i cung c\u1ea5p<\/h2>    <p class=\"translation-block\">Ch\u00fang t\u00f4i l\u00e0 nh\u00e0 s\u1ea3n xu\u1ea5t m\u00e1y \u0111\u00f3ng g\u00f3i chuy\u00ean nghi\u1ec7p. S\u1ea3n ph\u1ea9m c\u1ee7a ch\u00fang t\u00f4i bao g\u1ed3m <a href=\"https:\/\/toppackingmachine.com\/vi\/powder-packing-machine\/\" target=\"_blank\" rel=\"noreferrer noopener\">m\u00e1y \u0111\u00f3ng g\u00f3i b\u1ed9t<\/a>, <a href=\"https:\/\/toppackingmachine.com\/vi\/granule-packing-machine\/\" target=\"_blank\" rel=\"noreferrer noopener\">m\u00e1y \u0111\u00f3ng g\u00f3i h\u1ea1t<\/a>, <a href=\"https:\/\/toppackingmachine.com\/vi\/liquid-packing-machine\/\" target=\"_blank\" rel=\"noreferrer noopener\">m\u00e1y \u0111\u00f3ng g\u00f3i ch\u1ea5t l\u1ecfng<\/a>, m\u00e1y \u0111\u00f3ng g\u00f3i s\u1ec7t. V\u1ec1 c\u1ea5u tr\u00fac m\u00e1y, c\u00f3 <a href=\"https:\/\/toppackingmachine.com\/vi\/pillow-packing-machine\/\" target=\"_blank\" rel=\"noreferrer noopener\">m\u00e1y \u0111\u00f3ng g\u00f3i \u0111\u1ee9ng<\/a> v\u00e0 m\u00e1y \u0111\u00f3ng g\u00f3i g\u1ed1i. N\u00f3i c\u00e1ch kh\u00e1c, ch\u00fang t\u00f4i cung c\u1ea5p nhi\u1ec1u lo\u1ea1i thi\u1ebft b\u1ecb \u0111\u00f3ng g\u00f3i cho nguy\u00ean li\u1ec7u th\u1ef1c ph\u1ea9m v\u00e0 phi th\u1ef1c ph\u1ea9m, ch\u1eb3ng h\u1ea1n nh\u01b0 tr\u00e0, c\u00e0 ph\u00ea, khoai t\u00e2y chi\u00ean, \u0111\u1ed3 \u0103n nh\u1eb9, s\u00f4 c\u00f4 la, g\u1ea1o, rau, b\u1ecfng ng\u00f4, k\u1eb9o, \u0111\u01b0\u1eddng, thu\u1ed1c vi\u00ean, d\u1ea7u, s\u1eefa, n\u01b0\u1edbc tr\u00e1i c\u00e2y, b\u00e1nh m\u00ec, b\u00e1nh quy, v.v.<\/p>    <h2 class=\"wp-block-heading\">Nh\u1eefng g\u00ec ch\u00fang t\u00f4i h\u1ed7 tr\u1ee3<\/h2>    <ul class=\"wp-block-list\"> <li>H\u1ec7 th\u1ed1ng chu\u1ed7i cung \u1ee9ng li\u00ean t\u1ee5c v\u00e0 \u1ed5n \u0111\u1ecbnh<\/li>    <li>H\u1ec7 th\u1ed1ng \u0111\u1ecbnh gi\u00e1 ho\u00e0n ch\u1ec9nh v\u00e0 c\u1ea1nh tranh<\/li>    <li>H\u1ed7 tr\u1ee3 \u0111\u1ea7y \u0111\u1ee7 qu\u1ea3ng b\u00e1: Tri\u1ec3n l\u00e3m th\u1ebf gi\u1edbi, Website ch\u00ednh th\u1ee9c, M\u1ea1ng x\u00e3 h\u1ed9i, Qu\u1ea3ng c\u00e1o to\u00e0n c\u1ea7u<\/li>    <li>H\u1eadu c\u1ea7n: H\u1eadu c\u1ea7n tr\u00ean to\u00e0n th\u1ebf gi\u1edbi v\u00e0 h\u1eadu c\u1ea7n do kh\u00e1ch h\u00e0ng ch\u1ec9 \u0111\u1ecbnh<\/li>    <li>Chi\u1ebfn l\u01b0\u1ee3c v\u00e0 x\u00e2y d\u1ef1ng th\u01b0\u01a1ng hi\u1ec7u: ti\u1ebfp th\u1ecb th\u01b0\u01a1ng hi\u1ec7u d\u1ef1a tr\u00ean th\u01b0\u01a1ng hi\u1ec7u c\u1ee7a ch\u00fang t\u00f4i ho\u1eb7c OEM\/ODM<\/li> <\/ul>    <h2 class=\"wp-block-heading\">L\u00e0m th\u1ebf n\u00e0o \u0111\u1ec3 b\u1eaft \u0111\u1ea7u<\/h2>    <ol class=\"wp-block-list\" style=\"list-style-type:1\"> <li>Th\u00f4ng tin ng\u01b0\u1eddi n\u1ed9p \u0111\u01a1n v\u00e0 \u00fd \u0111\u1ecbnh g\u1eedi<\/li>    <li>\u0110\u00e1nh gi\u00e1 v\u00e0 xem x\u00e9t<\/li>    <li>\u0110\u1ec1 xu\u1ea5t v\u00e0 k\u1ebf ho\u1ea1ch kinh doanh<\/li>    <li>Th\u1ef1c hi\u1ec7n v\u00e0 x\u1eed l\u00fd \u0111\u01a1n h\u00e0ng<\/li> <\/ol>    <hr class=\"wp-block-separator has-text-color has-css-opacity has-background is-style-wide\" style=\"background-color:#ff5200;color:#ff5200\"\/>    <p class=\"translation-block\"><strong>HENAN TOP PACKING MACHINERY CO., LTD<\/strong><\/p>    <p class=\"translation-block\">Website: <a href=\"https:\/\/toppackingmachine.com\/vi\/\">https:\/\/toppackingmachine.com\/<\/a><\/p>    <p>Email: info@toppackingmachine.com<\/p>    <p>\u0110i\u1ec7n tho\u1ea1i\/WhatsApp: +86 17329326135<\/p>    <p class=\"has-text-align-center has-palette-color-6-background-color has-background translation-block\"><strong>C\u1ea7n th\u00eam th\u00f4ng tin? Vui l\u00f2ng \u0111\u1ec3 l\u1ea1i tin nh\u1eafn cho ch\u00fang t\u00f4i<\/strong>.<\/p>    <p>Theo tin nh\u1eafn c\u1ee7a b\u1ea1n, ch\u00fang t\u00f4i s\u1ebd r\u1ea5t vui l\u00f2ng tr\u1ea3 l\u1eddi m\u1ecdi th\u1eafc m\u1eafc c\u1ee7a b\u1ea1n!<\/p> <\/div><\/div>  <\/div><\/div>","protected":false},"excerpt":{"rendered":"<p>Ch\u00fang t\u00f4i l\u00e0 ai \u0110\u01b0\u1ee3c th\u00e0nh l\u1eadp v\u00e0o n\u0103m 1992, ch\u00fang t\u00f4i l\u00e0 m\u1ed9t trong nh\u1eefng nh\u00e0 s\u1ea3n xu\u1ea5t m\u00e1y \u0111\u00f3ng g\u00f3i chuy\u00ean nghi\u1ec7p h\u00e0ng \u0111\u1ea7u t\u1ea1i Trung Qu\u1ed1c. V\u1edbi kinh nghi\u1ec7m phong ph\u00fa trong thi\u1ebft k\u1ebf, nghi\u00ean c\u1ee9u, s\u1ea3n xu\u1ea5t v\u00e0 ti\u1ebfp th\u1ecb thi\u1ebft b\u1ecb \u0111\u00f3ng g\u00f3i, m\u00e1y \u0111\u00f3ng g\u00f3i Henan Top \u0111\u00e3 \u0111\u01b0\u1ee3c xu\u1ea5t kh\u1ea9u sang h\u01a1n 80 qu\u1ed1c gia v\u00e0 khu v\u1ef1c tr\u00ean th\u1ebf gi\u1edbi. Hi\u1ec7n nay ch\u00fang t\u00f4i \u0111ang t\u00ecm ki\u1ebfm nh\u00e0 ph\u00e2n ph\u1ed1i\u2026<\/p>","protected":false},"author":1,"featured_media":0,"parent":0,"menu_order":0,"comment_status":"closed","ping_status":"closed","template":"","meta":{"_kad_blocks_custom_css":"","_kad_blocks_head_custom_js":"","_kad_blocks_body_custom_js":"","_kad_blocks_footer_custom_js":"","_kadence_starter_templates_imported_post":false,"_kad_post_transparent":"","_kad_post_title":"","_kad_post_layout":"","_kad_post_sidebar_id":"","_kad_post_content_style":"","_kad_post_vertical_padding":"","_kad_post_feature":"","_kad_post_feature_position":"","_kad_post_header":false,"_kad_post_footer":false,"_kad_post_classname":"","footnotes":""},"class_list":["post-1034","page","type-page","status-publish","hentry"],"taxonomy_info":[],"featured_image_src_large":false,"author_info":{"display_name":"Frank","author_link":"https:\/\/toppackingmachine.com\/vi\/author\/admin\/"},"comment_info":0,"_links":{"self":[{"href":"https:\/\/toppackingmachine.com\/vi\/wp-json\/wp\/v2\/pages\/1034","targetHints":{"allow":["GET"]}}],"collection":[{"href":"https:\/\/toppackingmachine.com\/vi\/wp-json\/wp\/v2\/pages"}],"about":[{"href":"https:\/\/toppackingmachine.com\/vi\/wp-json\/wp\/v2\/types\/page"}],"author":[{"embeddable":true,"href":"https:\/\/toppackingmachine.com\/vi\/wp-json\/wp\/v2\/users\/1"}],"replies":[{"embeddable":true,"href":"https:\/\/toppackingmachine.com\/vi\/wp-json\/wp\/v2\/comments?post=1034"}],"version-history":[{"count":0,"href":"https:\/\/toppackingmachine.com\/vi\/wp-json\/wp\/v2\/pages\/1034\/revisions"}],"wp:attachment":[{"href":"https:\/\/toppackingmachine.com\/vi\/wp-json\/wp\/v2\/media?parent=1034"}],"curies":[{"name":"wp","href":"https:\/\/api.w.org\/{rel}","templated":true}]}}