{"id":1068,"date":"2021-08-11T04:27:45","date_gmt":"2021-08-11T04:27:45","guid":{"rendered":"https:\/\/toppackingmachine.com\/?page_id=1068"},"modified":"2024-05-22T17:20:08","modified_gmt":"2024-05-22T09:20:08","slug":"home-2","status":"publish","type":"page","link":"https:\/\/toppackingmachine.com\/vi\/home-2\/","title":{"rendered":"C\u00f4ng ty TNHH M\u00e1y \u0111\u00f3ng g\u00f3i h\u00e0ng \u0111\u1ea7u H\u00e0 Nam"},"content":{"rendered":"<h2 class=\"has-text-align-center has-palette-color-4-color has-text-color wp-block-heading\" id=\"featuerd-products\">S\u1ea3n ph\u1ea9m th\u1ecbnh h\u00e0nh<\/h2>    <p class=\"has-text-align-center\">C\u00e1c lo\u1ea1i m\u00e1y \u0111\u00f3ng g\u00f3i ho\u00e0n h\u1ea3o cho th\u1ef1c ph\u1ea9m v\u00e0 phi th\u1ef1c ph\u1ea9m. M\u00e1y \u0111\u00f3ng g\u00f3i d\u1ea1ng \u0111\u1ee9ng nh\u1ecf, m\u00e1y \u0111\u00f3ng g\u00f3i c\u00e2n \u0111\u1ecbnh l\u01b0\u1ee3ng nhi\u1ec1u \u0111\u1ea7u si\u00eau hi\u1ec7u qu\u1ea3, m\u00e1y \u0111\u00f3ng g\u00f3i d\u00f2ng ch\u1ea3y, m\u00e1y \u0111\u00f3ng g\u00f3i ch\u00e2n kh\u00f4ng v\u00e0 d\u00e2y chuy\u1ec1n r\u00f3t chai n\u01b0\u1edbc \u0111\u1ec1u c\u00f3 s\u1eb5n. B\u00ean c\u1ea1nh \u0111\u00f3, ch\u00fang t\u00f4i h\u1ed7 tr\u1ee3 c\u00e1c d\u1ecbch v\u1ee5 OEM \/ ODM m\u00e1y \u0111\u00f3ng g\u00f3i m\u1ea1nh m\u1ebd.<\/p>    <hr class=\"wp-block-separator has-text-color has-css-opacity has-background\" style=\"background-color:#ff5200;color:#ff5200\" \/>      <h2 class=\"has-text-align-center has-palette-color-4-color has-text-color wp-block-heading\" id=\"who-we-are\">Ch\u00fang ta l\u00e0 ai<\/h2>    <hr class=\"wp-block-separator has-text-color has-css-opacity has-background\" style=\"background-color:#ff5200;color:#ff5200\" \/>    <div class=\"wp-block-columns is-layout-flex wp-container-core-columns-is-layout-9d6595d7 wp-block-columns-is-layout-flex\"> <div class=\"wp-block-column is-layout-flow wp-block-column-is-layout-flow\"> <figure class=\"wp-block-image size-full\"><img loading=\"lazy\" decoding=\"async\" width=\"750\" height=\"500\" src=\"https:\/\/toppackingmachine.com\/wp-content\/uploads\/2021\/08\/company-about-us-1.jpg\" alt=\"c\u00f4ng ty v\u00e0 nh\u00e0 m\u00e1y\" class=\"wp-image-1340\" title=\"\" srcset=\"https:\/\/toppackingmachine.com\/wp-content\/uploads\/2021\/08\/company-about-us-1.jpg 750w, https:\/\/toppackingmachine.com\/wp-content\/uploads\/2021\/08\/company-about-us-1-300x200.jpg 300w\" sizes=\"auto, (max-width: 750px) 100vw, 750px\" \/><\/figure> <\/div>    <div class=\"wp-block-column is-vertically-aligned-center is-layout-flow wp-block-column-is-layout-flow\"> <p>C\u00f4ng ty TNHH M\u00e1y \u0111\u00f3ng g\u00f3i h\u00e0ng \u0111\u1ea7u H\u00e0 Nam, \u0111\u01b0\u1ee3c th\u00e0nh l\u1eadp v\u00e0o n\u0103m 1993, t\u1ecda l\u1ea1c t\u1ea1i th\u00e0nh ph\u1ed1 Tr\u1ecbnh Ch\u00e2u, th\u1ee7 ph\u1ee7 c\u1ee7a t\u1ec9nh H\u00e0 Nam, Trung Qu\u1ed1c. V\u1edbi g\u1ea7n ba m\u01b0\u01a1i n\u0103m ph\u00e1t tri\u1ec3n, ch\u00fang t\u00f4i \u0111\u00e3 gi\u1edbi thi\u1ec7u m\u1ed9t nh\u00f3m c\u00e1c chuy\u00ean gia chuy\u00ean nghi\u1ec7p n\u1ed5i ti\u1ebfng \u0111\u1ebfn thi\u1ebft k\u1ebf v\u00e0 nghi\u00ean c\u1ee9u trong ng\u00e0nh m\u00e1y \u0111\u00f3ng g\u00f3i. Ch\u00fang t\u00f4i lu\u00f4n tu\u00e2n th\u1ee7 nguy\u00ean t\u1eafc \u201ckh\u00e1ch h\u00e0ng l\u00e0 tr\u00ean h\u1ebft, ch\u1ea5t l\u01b0\u1ee3ng l\u00e0 tr\u00ean h\u1ebft\u201d, l\u1ea5y \u201cm\u00e1y m\u00f3c \u0111i ra to\u00e0n c\u1ea7u, m\u00e1y m\u00f3c c\u1ee7a Trung Qu\u1ed1c c\u00f3 th\u1ec3 t\u1ea1o n\u00ean m\u1ed9t th\u1ebf gi\u1edbi t\u1ed1t \u0111\u1eb9p h\u01a1n\u201d l\u00e0m s\u1ee9 m\u1ec7nh c\u1ee7a m\u00ecnh, n\u00e2ng cao gi\u00e1 tr\u1ecb cho kh\u00e1ch h\u00e0ng, mang l\u1ea1i s\u1ef1 ph\u00e1t tri\u1ec3n cho nh\u00e2n vi\u00ean.<\/p>    <div class=\"wp-block-buttons is-layout-flex wp-block-buttons-is-layout-flex\"> <div class=\"wp-block-button\"><a class=\"wp-block-button__link has-background wp-element-button\" href=\"https:\/\/toppackingmachine.com\/vi\/about-us\/\" style=\"background-color:#0177cf\" target=\"_blank\" rel=\"noreferrer noopener\">Bi\u00eat nhi\u00eau h\u01a1n<\/a><\/div> <\/div> <\/div> <\/div>    <h2 class=\"has-text-align-center wp-block-heading\" id=\"partners\">\u0110\u1ed1i t\u00e1c<\/h2>    <p><\/p>    <hr class=\"wp-block-separator has-text-color has-css-opacity has-background\" style=\"background-color:#ff5200;color:#ff5200\" \/>      <h2 class=\"has-text-align-center has-palette-color-4-color has-text-color wp-block-heading\" id=\"send-your-requirements\">Li\u00ean h\u1ec7 ngay<\/h2>    <p class=\"has-text-align-center\">B\u1ea1n c\u00f3 k\u1ebf ho\u1ea1ch \u0111\u1ec3 b\u1eaft \u0111\u1ea7u kinh doanh c\u1ee7a b\u1ea1n? B\u1ea1n c\u00f3 quan t\u00e2m \u0111\u1ebfn thi\u1ebft b\u1ecb \u0111\u00f3ng g\u00f3i c\u1ee7a ch\u00fang t\u00f4i? N\u1ebfu C\u00d3, h\u00e3y \u0111\u1ec3 l\u1ea1i y\u00eau c\u1ea7u c\u1ee7a b\u1ea1n b\u00ean d\u01b0\u1edbi, ch\u00fang t\u00f4i s\u1ebd tr\u1ea3 l\u1eddi b\u1ea1n trong th\u1eddi gian s\u1edbm nh\u1ea5t. Ngo\u00e0i ra ch\u00fang t\u00f4i \u0111ang tuy\u1ec3n th\u00eam \u0111\u1ea1i l\u00fd v\u00e0 nh\u00e0 ph\u00e2n ph\u1ed1i tr\u00ean to\u00e0n th\u1ebf gi\u1edbi. H\u00e3y tham gia c\u00f9ng ch\u00fang t\u00f4i v\u00e0 b\u1eaft \u0111\u1ea7u h\u00e0nh tr\u00ecnh th\u00e0nh c\u00f4ng c\u1ee7a b\u1ea1n. <\/p>    <hr class=\"wp-block-separator has-text-color has-css-opacity has-background\" style=\"background-color:#ff5200;color:#ff5200\" \/>","protected":false},"excerpt":{"rendered":"<p>S\u1ea3n ph\u1ea9m th\u1ecbnh h\u00e0nh C\u00e1c lo\u1ea1i m\u00e1y \u0111\u00f3ng g\u00f3i \u01b0u vi\u1ec7t cho th\u1ef1c ph\u1ea9m v\u00e0 phi th\u1ef1c ph\u1ea9m. M\u00e1y \u0111\u00f3ng g\u00f3i d\u1ea1ng \u0111\u1ee9ng nh\u1ecf, m\u00e1y \u0111\u00f3ng g\u00f3i c\u00e2n \u0111\u1ecbnh l\u01b0\u1ee3ng nhi\u1ec1u \u0111\u1ea7u si\u00eau hi\u1ec7u qu\u1ea3, m\u00e1y \u0111\u00f3ng g\u00f3i d\u00f2ng ch\u1ea3y, m\u00e1y \u0111\u00f3ng g\u00f3i ch\u00e2n kh\u00f4ng v\u00e0 d\u00e2y chuy\u1ec1n r\u00f3t chai n\u01b0\u1edbc \u0111\u1ec1u c\u00f3 s\u1eb5n. B\u00ean c\u1ea1nh \u0111\u00f3, ch\u00fang t\u00f4i h\u1ed7 tr\u1ee3 c\u00e1c d\u1ecbch v\u1ee5 OEM \/ ODM m\u00e1y \u0111\u00f3ng g\u00f3i m\u1ea1nh m\u1ebd. Ch\u00fang t\u00f4i l\u00e0 ai C\u00f4ng ty TNHH M\u00e1y \u0111\u00f3ng g\u00f3i h\u00e0ng \u0111\u1ea7u H\u00e0 Nam, \u0111\u01b0\u1ee3c th\u00e0nh l\u1eadp v\u00e0o\u2026<\/p>","protected":false},"author":1,"featured_media":1726,"parent":0,"menu_order":0,"comment_status":"closed","ping_status":"closed","template":"","meta":{"_kad_blocks_custom_css":"","_kad_blocks_head_custom_js":"","_kad_blocks_body_custom_js":"","_kad_blocks_footer_custom_js":"","_kadence_starter_templates_imported_post":false,"_kad_post_transparent":"","_kad_post_title":"","_kad_post_layout":"","_kad_post_sidebar_id":"","_kad_post_content_style":"","_kad_post_vertical_padding":"","_kad_post_feature":"","_kad_post_feature_position":"","_kad_post_header":false,"_kad_post_footer":false,"_kad_post_classname":"","footnotes":""},"class_list":["post-1068","page","type-page","status-publish","has-post-thumbnail","hentry"],"taxonomy_info":[],"featured_image_src_large":["https:\/\/toppackingmachine.com\/wp-content\/uploads\/2021\/08\/snacks-granule-packing-machine.jpg",600,450,false],"author_info":{"display_name":"Frank","author_link":"https:\/\/toppackingmachine.com\/vi\/author\/admin\/"},"comment_info":0,"_links":{"self":[{"href":"https:\/\/toppackingmachine.com\/vi\/wp-json\/wp\/v2\/pages\/1068","targetHints":{"allow":["GET"]}}],"collection":[{"href":"https:\/\/toppackingmachine.com\/vi\/wp-json\/wp\/v2\/pages"}],"about":[{"href":"https:\/\/toppackingmachine.com\/vi\/wp-json\/wp\/v2\/types\/page"}],"author":[{"embeddable":true,"href":"https:\/\/toppackingmachine.com\/vi\/wp-json\/wp\/v2\/users\/1"}],"replies":[{"embeddable":true,"href":"https:\/\/toppackingmachine.com\/vi\/wp-json\/wp\/v2\/comments?post=1068"}],"version-history":[{"count":0,"href":"https:\/\/toppackingmachine.com\/vi\/wp-json\/wp\/v2\/pages\/1068\/revisions"}],"wp:featuredmedia":[{"embeddable":true,"href":"https:\/\/toppackingmachine.com\/vi\/wp-json\/wp\/v2\/media\/1726"}],"wp:attachment":[{"href":"https:\/\/toppackingmachine.com\/vi\/wp-json\/wp\/v2\/media?parent=1068"}],"curies":[{"name":"wp","href":"https:\/\/api.w.org\/{rel}","templated":true}]}}