{"id":962,"date":"2021-08-10T12:45:49","date_gmt":"2021-08-10T12:45:49","guid":{"rendered":"https:\/\/toppackingmachine.com\/?page_id=962"},"modified":"2024-05-22T17:20:09","modified_gmt":"2024-05-22T09:20:09","slug":"about-us","status":"publish","type":"page","link":"https:\/\/toppackingmachine.com\/vi\/about-us\/","title":{"rendered":"V\u1ec1 ch\u00fang t\u00f4i"},"content":{"rendered":"<p>Henan Top Packing Machinery Co., Ltd, \u0111\u01b0\u1ee3c th\u00e0nh l\u1eadp v\u00e0o n\u0103m 1992 t\u1ea1i Zhengzhou, t\u1eadp trung v\u00e0o c\u00e1c m\u00e1y \u0111\u00f3ng g\u00f3i ch\u1ea5t l\u01b0\u1ee3ng to\u00e0n c\u1ea7u v\u1edbi s\u1ee9 m\u1ec7nh n\u00e2ng cao gi\u00e1 tr\u1ecb kh\u00e1ch h\u00e0ng, s\u1ef1 ph\u00e1t tri\u1ec3n c\u1ee7a nh\u00e2n vi\u00ean v\u00e0 \u0111\u1ec1 cao c\u00e1c gi\u00e1 tr\u1ecb c\u1ee7a s\u1ef1 ch\u00e2n th\u00e0nh, l\u00f2ng bi\u1ebft \u01a1n v\u00e0 tinh th\u1ea7n \u0111\u1ed3ng \u0111\u1ed9i.<\/p>    <div class=\"wp-block-columns is-layout-flex wp-container-core-columns-is-layout-9d6595d7 wp-block-columns-is-layout-flex\"> <div class=\"wp-block-column is-layout-flow wp-block-column-is-layout-flow\"> <figure class=\"wp-block-image size-full\"><img loading=\"lazy\" decoding=\"async\" width=\"750\" height=\"500\" src=\"https:\/\/toppackingmachine.com\/wp-content\/uploads\/2021\/08\/company-about-us-1.jpg\" alt=\"c\u00f4ng ty v\u00e0 nh\u00e0 m\u00e1y\" class=\"wp-image-1340\" title=\"\" srcset=\"https:\/\/toppackingmachine.com\/wp-content\/uploads\/2021\/08\/company-about-us-1.jpg 750w, https:\/\/toppackingmachine.com\/wp-content\/uploads\/2021\/08\/company-about-us-1-300x200.jpg 300w\" sizes=\"auto, (max-width: 750px) 100vw, 750px\" \/><\/figure> <\/div>    <div class=\"wp-block-column is-layout-flow wp-block-column-is-layout-flow\"> <figure class=\"wp-block-image size-full\"><img loading=\"lazy\" decoding=\"async\" width=\"750\" height=\"500\" src=\"https:\/\/toppackingmachine.com\/wp-content\/uploads\/2021\/08\/picture.jpg\" alt=\"h\u00ecnh \u1ea3nh\" class=\"wp-image-1336\" title=\"\" srcset=\"https:\/\/toppackingmachine.com\/wp-content\/uploads\/2021\/08\/picture.jpg 750w, https:\/\/toppackingmachine.com\/wp-content\/uploads\/2021\/08\/picture-300x200.jpg 300w\" sizes=\"auto, (max-width: 750px) 100vw, 750px\" \/><\/figure> <\/div> <\/div>    <p>Ho\u1ea1t \u0111\u1ed9ng kinh doanh c\u1ee7a ch\u00fang t\u00f4i bao g\u1ed3m t\u1ea5t c\u1ea3 c\u00e1c lo\u1ea1i m\u00e1y \u0111\u00f3ng g\u00f3i, ch\u1ee7 y\u1ebfu trong ng\u00e0nh th\u1ef1c ph\u1ea9m. D\u1ef1a tr\u00ean v\u1eadt li\u1ec7u c\u1ea7n \u0111\u00f3ng g\u00f3i, ng\u01b0\u1eddi ta ph\u00e2n lo\u1ea1i th\u00e0nh m\u00e1y \u0111\u00f3ng g\u00f3i b\u1ed9t, m\u00e1y \u0111\u00f3ng g\u00f3i h\u1ea1t v\u00e0 m\u00e1y \u0111\u00f3ng g\u00f3i ch\u1ea5t l\u1ecfng. Theo ch\u1ee9c n\u0103ng, n\u00f3 \u0111\u01b0\u1ee3c chia th\u00e0nh m\u00e1y \u0111\u00f3ng g\u00f3i ch\u00e2n kh\u00f4ng, m\u00e1y \u0111\u00f3ng g\u00f3i g\u1ed1i, m\u00e1y \u0111\u00f3ng g\u00f3i t\u1ef1 \u0111\u1ed9ng v\u00e0 m\u00e1y \u0111\u00f3ng g\u00f3i b\u00e1n t\u1ef1 \u0111\u1ed9ng. Ch\u1eafc ch\u1eafn l\u00e0 c\u00f2n c\u00f3 c\u00e1c lo\u1ea1i m\u00e1y kh\u00e1c, ch\u1eb3ng h\u1ea1n nh\u01b0 m\u00e1y d\u00e1n nh\u00e3n, m\u00e1y ni\u00eam phong v\u00e0 m\u00e1y \u0111\u00f3ng n\u1eafp, v.v. T\u1ea5t c\u1ea3 c\u00e1c m\u00e1y \u0111\u1ec1u \u0111\u01b0\u1ee3c h\u1ed7 tr\u1ee3 t\u00f9y ch\u1ec9nh. Ngo\u00e0i ra, c\u00f2n c\u00f3 c\u00e1c thi\u1ebft b\u1ecb t\u00f9y ch\u1ecdn nh\u01b0\u00a0m\u00e1y in ng\u00e0y th\u00e1ng, m\u00e1y t\u1ea1o h\u00ecnh t\u00fai, thi\u1ebft b\u1ecb h\u00e0n v\u00e0 c\u1eaft, thi\u1ebft b\u1ecb b\u01a1m h\u01a1i v\u00e0 x\u1ea3 kh\u00ed, d\u1ea3i ni\u00eam phong c\u1ee7a m\u00e1y h\u00fat ch\u00e2n kh\u00f4ng. Ngo\u00e0i ra, m\u00e1y c\u1ee7a ch\u00fang t\u00f4i c\u00f3 ch\u1ee9ng ch\u1ec9 CE, ISO. Quy tr\u00ecnh thi\u1ebft k\u1ebf v\u00e0 s\u1ea3n xu\u1ea5t c\u1ee7a n\u00f3 tu\u00e2n th\u1ee7 c\u00e1c ti\u00eau chu\u1ea9n qu\u1ed1c t\u1ebf.<\/p>    <div class=\"wp-block-columns is-layout-flex wp-container-core-columns-is-layout-9d6595d7 wp-block-columns-is-layout-flex\"> <div class=\"wp-block-column is-layout-flow wp-block-column-is-layout-flow\"> <figure class=\"wp-block-image size-full\"><a href=\"https:\/\/toppackingmachine.com\/vi\/powder-packing-machine\/\"><img loading=\"lazy\" decoding=\"async\" width=\"600\" height=\"450\" src=\"https:\/\/toppackingmachine.com\/wp-content\/uploads\/2021\/08\/0-80-g-powder-packaging-machine-1.jpg\" alt=\"\u0110\u00f3 l\u00e0 m\u1ed9t m\u00e1y \u0111\u00f3ng g\u00f3i c\u00f3 ph\u1ec5u xi\u00ean.\" class=\"wp-image-1234\" title=\"\" srcset=\"https:\/\/toppackingmachine.com\/wp-content\/uploads\/2021\/08\/0-80-g-powder-packaging-machine-1.jpg 600w, https:\/\/toppackingmachine.com\/wp-content\/uploads\/2021\/08\/0-80-g-powder-packaging-machine-1-300x225.jpg 300w\" sizes=\"auto, (max-width: 600px) 100vw, 600px\" \/><\/a><figcaption class=\"wp-element-caption\">M\u00e1y \u0111\u00f3ng g\u00f3i b\u1ed9t 0-80 G<\/figcaption><\/figure> <\/div>    <div class=\"wp-block-column is-layout-flow wp-block-column-is-layout-flow\"> <figure class=\"wp-block-image size-full\"><a href=\"https:\/\/toppackingmachine.com\/vi\/food-packaging-machine\/\"><img loading=\"lazy\" decoding=\"async\" width=\"600\" height=\"450\" src=\"https:\/\/toppackingmachine.com\/wp-content\/uploads\/2021\/08\/multi-head-weigher-granule-food-packing-machine.jpg\" alt=\"m\u00e1y \u0111\u00f3ng g\u00f3i c\u00e2n nhi\u1ec1u \u0111\u1ea7u \u0111\u1ec3 \u0111\u00f3ng g\u00f3i th\u1ef1c ph\u1ea9m d\u1ea1ng h\u1ea1t kh\u00e1c nhau\" class=\"wp-image-444\" title=\"\" srcset=\"https:\/\/toppackingmachine.com\/wp-content\/uploads\/2021\/08\/multi-head-weigher-granule-food-packing-machine.jpg 600w, https:\/\/toppackingmachine.com\/wp-content\/uploads\/2021\/08\/multi-head-weigher-granule-food-packing-machine-300x225.jpg 300w\" sizes=\"auto, (max-width: 600px) 100vw, 600px\" \/><\/a><figcaption class=\"wp-element-caption\">Thi\u1ebft b\u1ecb \u0111\u00f3ng g\u00f3i th\u1ef1c ph\u1ea9m c\u00e2n nhi\u1ec1u \u0111\u1ea7u<\/figcaption><\/figure> <\/div>    <div class=\"wp-block-column is-layout-flow wp-block-column-is-layout-flow\"> <figure class=\"wp-block-image size-full\"><a href=\"https:\/\/toppackingmachine.com\/vi\/liquid-packing-machine\/\"><img loading=\"lazy\" decoding=\"async\" width=\"600\" height=\"450\" src=\"https:\/\/toppackingmachine.com\/wp-content\/uploads\/2021\/08\/TH-liquid-packaging-machine.jpg\" alt=\"M\u00e1y \u0111\u00f3ng g\u00f3i ch\u1ea5t l\u1ecfng d\u00f9ng \u0111\u1ec3 \u0111\u00f3ng g\u00f3i s\u1eefa nguy\u00ean ch\u1ea5t, s\u1eefa \u0111\u1eadu n\u00e0nh, v.v.\" class=\"wp-image-1175\" title=\"\" srcset=\"https:\/\/toppackingmachine.com\/wp-content\/uploads\/2021\/08\/TH-liquid-packaging-machine.jpg 600w, https:\/\/toppackingmachine.com\/wp-content\/uploads\/2021\/08\/TH-liquid-packaging-machine-300x225.jpg 300w\" sizes=\"auto, (max-width: 600px) 100vw, 600px\" \/><\/a><figcaption class=\"wp-element-caption\">M\u00e1y \u0111\u00f3ng g\u00f3i ch\u1ea5t l\u1ecfng<\/figcaption><\/figure> <\/div> <\/div>    <div class=\"wp-block-columns is-layout-flex wp-container-core-columns-is-layout-9d6595d7 wp-block-columns-is-layout-flex\"> <div class=\"wp-block-column is-layout-flow wp-block-column-is-layout-flow\"> <figure class=\"wp-block-image size-full\"><a href=\"https:\/\/toppackingmachine.com\/vi\/pillow-packing-machine\/\"><img loading=\"lazy\" decoding=\"async\" width=\"600\" height=\"450\" src=\"https:\/\/toppackingmachine.com\/wp-content\/uploads\/2021\/08\/pillow-food-packaging-equipment.jpg\" alt=\"m\u00e1y \u0111\u00f3ng g\u00f3i ngang \u0111\u1ec3 \u0111\u00f3ng g\u00f3i th\u1ef1c ph\u1ea9m, nh\u01b0 rau, b\u00e1nh trung thu, v.v.\" class=\"wp-image-443\" title=\"\" srcset=\"https:\/\/toppackingmachine.com\/wp-content\/uploads\/2021\/08\/pillow-food-packaging-equipment.jpg 600w, https:\/\/toppackingmachine.com\/wp-content\/uploads\/2021\/08\/pillow-food-packaging-equipment-300x225.jpg 300w\" sizes=\"auto, (max-width: 600px) 100vw, 600px\" \/><\/a><figcaption class=\"wp-element-caption\">M\u00e1y \u0111\u00f3ng g\u00f3i th\u1ef1c ph\u1ea9m g\u1ed1i<\/figcaption><\/figure> <\/div>    <div class=\"wp-block-column is-layout-flow wp-block-column-is-layout-flow\"> <figure class=\"wp-block-image size-full\"><a href=\"https:\/\/toppackingmachine.com\/vi\/granule-packing-machine\/\"><img loading=\"lazy\" decoding=\"async\" width=\"600\" height=\"450\" src=\"https:\/\/toppackingmachine.com\/wp-content\/uploads\/2021\/08\/TH-320-granule-packing-machine.jpg\" alt=\"M\u00e1y \u0111\u00f3ng g\u00f3i h\u1ea1t \u0111\u01b0\u1ee3c s\u1eed d\u1ee5ng \u0111\u1ec3 \u0111\u00f3ng g\u00f3i c\u00e1c h\u1ea1t, ch\u1eb3ng h\u1ea1n nh\u01b0 h\u1ea1t k\u00ea.\" class=\"wp-image-1144\" title=\"\" srcset=\"https:\/\/toppackingmachine.com\/wp-content\/uploads\/2021\/08\/TH-320-granule-packing-machine.jpg 600w, https:\/\/toppackingmachine.com\/wp-content\/uploads\/2021\/08\/TH-320-granule-packing-machine-300x225.jpg 300w\" sizes=\"auto, (max-width: 600px) 100vw, 600px\" \/><\/a><figcaption class=\"wp-element-caption\">M\u00e1y \u0111\u00f3ng g\u00f3i h\u1ea1t Th-320<\/figcaption><\/figure> <\/div>    <div class=\"wp-block-column is-layout-flow wp-block-column-is-layout-flow\"> <figure class=\"wp-block-image size-full\"><a href=\"https:\/\/toppackingmachine.com\/vi\/vacuum-packaging-machine\/\"><img loading=\"lazy\" decoding=\"async\" width=\"600\" height=\"450\" src=\"https:\/\/toppackingmachine.com\/wp-content\/uploads\/2021\/08\/vacuum-vetegable-packaging-machine.jpg\" alt=\"M\u00e1y \u0111\u00f3ng g\u00f3i rau c\u00f3 hai bu\u1ed3ng.\" class=\"wp-image-594\" title=\"\" srcset=\"https:\/\/toppackingmachine.com\/wp-content\/uploads\/2021\/08\/vacuum-vetegable-packaging-machine.jpg 600w, https:\/\/toppackingmachine.com\/wp-content\/uploads\/2021\/08\/vacuum-vetegable-packaging-machine-300x225.jpg 300w\" sizes=\"auto, (max-width: 600px) 100vw, 600px\" \/><\/a><figcaption class=\"wp-element-caption\">M\u00e1y \u0111\u00f3ng g\u00f3i rau ch\u00e2n kh\u00f4ng<\/figcaption><\/figure> <\/div> <\/div>    <p>Ch\u00fang t\u00f4i l\u00e0 nh\u00e0 s\u1ea3n xu\u1ea5t v\u00e0 cung c\u1ea5p gi\u1ea3i ph\u00e1p \u0111\u00f3ng g\u00f3i t\u00edch h\u1ee3p. Khi b\u1ea1n \u0111\u01b0a ra y\u00eau c\u1ea7u c\u1ee5 th\u1ec3, ch\u00fang t\u00f4i s\u1ebd tr\u1ef1c ti\u1ebfp th\u00f4ng b\u00e1o cho nh\u00e0 m\u00e1y c\u1ee7a ch\u00fang t\u00f4i \u0111\u1ec3 s\u1ea3n xu\u1ea5t c\u00e1c lo\u1ea1i m\u00e1y t\u01b0\u01a1ng \u1ee9ng m\u00e0 kh\u00f4ng l\u00e3ng ph\u00ed th\u1eddi gian v\u00e0 chi ph\u00ed. M\u00e1y c\u1ee7a ch\u00fang t\u00f4i c\u00f3 ch\u1ea5t l\u01b0\u1ee3ng v\u01b0\u1ee3t tr\u1ed9i, hi\u1ec7u su\u1ea5t \u1ed5n \u0111\u1ecbnh v\u00e0 c\u1ea5u tr\u00fac h\u1ee3p l\u00fd. Ngo\u00e0i ra, b\u1ea1n c\u00f2n c\u00f3 \u0111\u01b0\u1ee3c gi\u1ea3i ph\u00e1p ho\u00e0n h\u1ea3o cho m\u00e1y \u0111\u00f3ng g\u00f3i do ch\u00ednh b\u1ea1n y\u00eau c\u1ea7u, n\u1ebfu c\u00f3. V\u00e0 m\u00e1y m\u00f3c c\u1ee7a ch\u00fang t\u00f4i \u0111\u01b0\u1ee3c xu\u1ea5t kh\u1ea9u t\u1edbi h\u01a1n 80 khu v\u1ef1c v\u00e0 qu\u1ed1c gia, ch\u1eb3ng h\u1ea1n nh\u01b0 M\u1ef9, Anh, Canada, \u00dac, Nh\u1eadt B\u1ea3n, Philippines, Indonesia, \u1ea2 R\u1eadp Saudi, C\u00e1c Ti\u1ec3u v\u01b0\u01a1ng qu\u1ed1c \u1ea2 R\u1eadp Th\u1ed1ng nh\u1ea5t, Mexico, Brazil, v.v. D\u1ea5u ch\u00e2n c\u1ee7a ch\u00fang t\u00f4i \u0111\u00e3 lan r\u1ed9ng kh\u1eafp n\u01a1i th\u1ebf gi\u1edbi. C\u00f4ng ty TNHH M\u00e1y \u0111\u00f3ng g\u00f3i h\u00e0ng \u0111\u1ea7u H\u00e0 Nam \u0111\u00e3 \u0111\u01b0\u1ee3c x\u1ebfp h\u1ea1ng h\u00e0ng \u0111\u1ea7u trong l\u0129nh v\u1ef1c m\u00e1y \u0111\u00f3ng g\u00f3i. Ch\u00e0o m\u1eebng b\u1ea1n \u0111\u1ebfn li\u00ean h\u1ec7 v\u1edbi ch\u00fang t\u00f4i \u0111\u1ec3 c\u00f3 m\u1ed1i quan h\u1ec7 h\u1ee3p t\u00e1c l\u00e2u d\u00e0i v\u00e0 \u0111\u00e1ng tin c\u1eady!<\/p>   <div class=\"wp-block-image\"> <figure class=\"aligncenter size-full\"><img loading=\"lazy\" decoding=\"async\" width=\"1024\" height=\"486\" src=\"https:\/\/toppackingmachine.com\/wp-content\/uploads\/2021\/08\/global-market.jpg\" alt=\"th\u1ecb tr\u01b0\u1eddng to\u00e0n c\u1ea7u \" class=\"wp-image-1684\" title=\"\" srcset=\"https:\/\/toppackingmachine.com\/wp-content\/uploads\/2021\/08\/global-market.jpg 1024w, https:\/\/toppackingmachine.com\/wp-content\/uploads\/2021\/08\/global-market-300x142.jpg 300w, https:\/\/toppackingmachine.com\/wp-content\/uploads\/2021\/08\/global-market-768x365.jpg 768w\" sizes=\"auto, (max-width: 1024px) 100vw, 1024px\" \/><figcaption class=\"wp-element-caption\">th\u1ecb tr\u01b0\u1eddng to\u00e0n c\u1ea7u<\/figcaption><\/figure> <\/div>   <p>L\u1ef1a ch\u1ecdn m\u00e1y \u0111\u00f3ng g\u00f3i c\u1ee7a ch\u00fang t\u00f4i l\u00e0 s\u1ef1 l\u1ef1a ch\u1ecdn m\u00e0 b\u1ea1n s\u1ebd kh\u00f4ng bao gi\u1edd h\u1ed1i ti\u1ebfc. Linh ki\u1ec7n m\u00e1y m\u00f3c c\u1ee7a c\u00f4ng ty ch\u00fang t\u00f4i \u0111\u1ec1u l\u00e0 nh\u1eefng h\u00e3ng n\u1ed5i ti\u1ebfng n\u00ean m\u00e1y \u0111\u00f3ng g\u00f3i c\u1ee7a ch\u00fang t\u00f4i c\u00f3 t\u00ednh s\u1eafp x\u1ebfp cao, ch\u1ea5t l\u01b0\u1ee3ng t\u1ed1t v\u00e0 hao h\u1ee5t \u00edt. \u0110i\u1ec1u quan tr\u1ecdng h\u01a1n l\u00e0 ch\u00fang t\u00f4i c\u0169ng cung c\u1ea5p c\u00e1c d\u1ecbch v\u1ee5 t\u00f9y ch\u1ec9nh. Ch\u00fang t\u00f4i s\u1ebd s\u1ea3n xu\u1ea5t c\u00e1c m\u00e1y b\u1ea1n c\u1ea7n tr\u00ean c\u01a1 s\u1edf nhu c\u1ea7u c\u1ee5 th\u1ec3 c\u1ee7a b\u1ea1n. N\u1ebfu b\u1ea1n c\u00f3 b\u1ea5t k\u1ef3 c\u00e2u h\u1ecfi n\u00e0o v\u1ec1 \u0111i\u1ec1u n\u00e0y, t\u00f4i tin r\u1eb1ng b\u1ee9c \u1ea3nh sau \u0111\u00e2y l\u00e0 b\u1eb1ng ch\u1ee9ng t\u1ed1t nh\u1ea5t. C\u00f3 th\u1ec3 th\u1ea5y r\u1eb1ng m\u00e1y m\u00f3c c\u1ee7a ch\u00fang t\u00f4i th\u1ef1c s\u1ef1 \u0111\u00e3 \u0111\u01b0\u1ee3c kh\u00e1ch h\u00e0ng tr\u00ean to\u00e0n th\u1ebf gi\u1edbi \u0111\u00e1nh gi\u00e1 cao v\u00e0 y\u00eau th\u00edch. V\u00ec v\u1eady, h\u00e3y \u0111\u1ebfn v\u00e0 li\u00ean h\u1ec7 ngay v\u1edbi ch\u00fang t\u00f4i \u0111\u1ec3 t\u1ea1o \u0111i\u1ec1u ki\u1ec7n thu\u1eadn l\u1ee3i cho doanh nghi\u1ec7p c\u1ee7a b\u1ea1n!<\/p>   <div class=\"wp-block-image\"> <figure class=\"aligncenter size-large\"><img loading=\"lazy\" decoding=\"async\" width=\"1024\" height=\"620\" src=\"https:\/\/toppackingmachine.com\/wp-content\/uploads\/2021\/08\/customer-worldwide-1024x620.jpg\" alt=\"\" class=\"wp-image-1678\" title=\"\" srcset=\"https:\/\/toppackingmachine.com\/wp-content\/uploads\/2021\/08\/customer-worldwide-1024x620.jpg 1024w, https:\/\/toppackingmachine.com\/wp-content\/uploads\/2021\/08\/customer-worldwide-300x182.jpg 300w, https:\/\/toppackingmachine.com\/wp-content\/uploads\/2021\/08\/customer-worldwide-768x465.jpg 768w, https:\/\/toppackingmachine.com\/wp-content\/uploads\/2021\/08\/customer-worldwide.jpg 1210w\" sizes=\"auto, (max-width: 1024px) 100vw, 1024px\" \/><\/figure> <\/div>","protected":false},"excerpt":{"rendered":"<p>Henan Top Packing Machinery Co., Ltd, \u0111\u01b0\u1ee3c th\u00e0nh l\u1eadp v\u00e0o n\u0103m 1992 t\u1ea1i Zhengzhou, t\u1eadp trung v\u00e0o c\u00e1c m\u00e1y \u0111\u00f3ng g\u00f3i ch\u1ea5t l\u01b0\u1ee3ng to\u00e0n c\u1ea7u v\u1edbi s\u1ee9 m\u1ec7nh n\u00e2ng cao gi\u00e1 tr\u1ecb kh\u00e1ch h\u00e0ng, s\u1ef1 ph\u00e1t tri\u1ec3n c\u1ee7a nh\u00e2n vi\u00ean v\u00e0 \u0111\u1ec1 cao c\u00e1c gi\u00e1 tr\u1ecb c\u1ee7a s\u1ef1 ch\u00e2n th\u00e0nh, l\u00f2ng bi\u1ebft \u01a1n v\u00e0 tinh th\u1ea7n \u0111\u1ed3ng \u0111\u1ed9i. Ho\u1ea1t \u0111\u1ed9ng kinh doanh c\u1ee7a ch\u00fang t\u00f4i bao g\u1ed3m t\u1ea5t c\u1ea3 c\u00e1c lo\u1ea1i m\u00e1y \u0111\u00f3ng g\u00f3i, ch\u1ee7 y\u1ebfu trong ng\u00e0nh th\u1ef1c ph\u1ea9m. D\u1ef1a tr\u00ean c\u00e1c v\u1eadt li\u1ec7u \u0111\u01b0\u1ee3c \u0111\u00f3ng g\u00f3i, n\u00f3\u2026<\/p>","protected":false},"author":1,"featured_media":0,"parent":0,"menu_order":0,"comment_status":"closed","ping_status":"closed","template":"","meta":{"_kad_blocks_custom_css":"","_kad_blocks_head_custom_js":"","_kad_blocks_body_custom_js":"","_kad_blocks_footer_custom_js":"","_kadence_starter_templates_imported_post":false,"_kad_post_transparent":"","_kad_post_title":"","_kad_post_layout":"","_kad_post_sidebar_id":"","_kad_post_content_style":"","_kad_post_vertical_padding":"","_kad_post_feature":"","_kad_post_feature_position":"","_kad_post_header":false,"_kad_post_footer":false,"_kad_post_classname":"","footnotes":""},"class_list":["post-962","page","type-page","status-publish","hentry"],"taxonomy_info":[],"featured_image_src_large":false,"author_info":{"display_name":"Frank","author_link":"https:\/\/toppackingmachine.com\/vi\/author\/admin\/"},"comment_info":0,"_links":{"self":[{"href":"https:\/\/toppackingmachine.com\/vi\/wp-json\/wp\/v2\/pages\/962","targetHints":{"allow":["GET"]}}],"collection":[{"href":"https:\/\/toppackingmachine.com\/vi\/wp-json\/wp\/v2\/pages"}],"about":[{"href":"https:\/\/toppackingmachine.com\/vi\/wp-json\/wp\/v2\/types\/page"}],"author":[{"embeddable":true,"href":"https:\/\/toppackingmachine.com\/vi\/wp-json\/wp\/v2\/users\/1"}],"replies":[{"embeddable":true,"href":"https:\/\/toppackingmachine.com\/vi\/wp-json\/wp\/v2\/comments?post=962"}],"version-history":[{"count":0,"href":"https:\/\/toppackingmachine.com\/vi\/wp-json\/wp\/v2\/pages\/962\/revisions"}],"wp:attachment":[{"href":"https:\/\/toppackingmachine.com\/vi\/wp-json\/wp\/v2\/media?parent=962"}],"curies":[{"name":"wp","href":"https:\/\/api.w.org\/{rel}","templated":true}]}}