{"id":964,"date":"2021-08-10T10:30:35","date_gmt":"2021-08-10T10:30:35","guid":{"rendered":"https:\/\/toppackingmachine.com\/?page_id=964"},"modified":"2024-05-21T17:30:42","modified_gmt":"2024-05-21T09:30:42","slug":"faq","status":"publish","type":"page","link":"https:\/\/toppackingmachine.com\/vi\/faq\/","title":{"rendered":"C\u00e2u h\u1ecfi th\u01b0\u1eddng g\u1eb7p"},"content":{"rendered":"<style>.kb-row-layout-id964_c6e9e8-c0 > .kt-row-column-wrap{align-content:start;}:where(.kb-row-layout-id964_c6e9e8-c0 > .kt-row-column-wrap) > .wp-block-kadence-column{justify-content:start;}.kb-row-layout-id964_c6e9e8-c0 > .kt-row-column-wrap{column-gap:var(--global-kb-gap-md, 2rem);row-gap:var(--global-kb-gap-md, 2rem);max-width:var( --global-content-width, 1290px );padding-left:var(--global-content-edge-padding);padding-right:var(--global-content-edge-padding);padding-top:var(--global-kb-spacing-sm, 1.5rem);padding-bottom:var(--global-kb-spacing-sm, 1.5rem);grid-template-columns:minmax(0, 1fr);}.kb-row-layout-id964_c6e9e8-c0 > .kt-row-layout-overlay{opacity:0.30;}@media all and (max-width: 1024px){.kb-row-layout-id964_c6e9e8-c0 > .kt-row-column-wrap{grid-template-columns:minmax(0, 1fr);}}@media all and (max-width: 767px){.kb-row-layout-id964_c6e9e8-c0 > .kt-row-column-wrap{grid-template-columns:minmax(0, 1fr);}}<\/style><div class=\"kb-row-layout-wrap kb-row-layout-id964_c6e9e8-c0 alignnone wp-block-kadence-rowlayout\"><div class=\"kt-row-column-wrap kt-has-1-columns kt-row-layout-equal kt-tab-layout-inherit kt-mobile-layout-row kt-row-valign-top kb-theme-content-width\"> <style>.kadence-column964_57de39-3c > .kt-inside-inner-col,.kadence-column964_57de39-3c > .kt-inside-inner-col:before{border-top-left-radius:0px;border-top-right-radius:0px;border-bottom-right-radius:0px;border-bottom-left-radius:0px;}.kadence-column964_57de39-3c > .kt-inside-inner-col{column-gap:var(--global-kb-gap-sm, 1rem);}.kadence-column964_57de39-3c > .kt-inside-inner-col{flex-direction:column;}.kadence-column964_57de39-3c > .kt-inside-inner-col > .aligncenter{width:100%;}.kadence-column964_57de39-3c > .kt-inside-inner-col:before{opacity:0.3;}.kadence-column964_57de39-3c{position:relative;}@media all and (max-width: 1024px){.kadence-column964_57de39-3c > .kt-inside-inner-col{flex-direction:column;justify-content:center;}}@media all and (max-width: 767px){.kadence-column964_57de39-3c > .kt-inside-inner-col{flex-direction:column;justify-content:center;}}<\/style> <div class=\"wp-block-kadence-column kadence-column964_57de39-3c\"><div class=\"kt-inside-inner-col\"> <h5 class=\"wp-block-heading has-text-color\" style=\"color:#0177cf\">Q1: T\u00f4i c\u00f3 th\u1ec3 tr\u1edf th\u00e0nh nh\u00e0 ph\u00e2n ph\u1ed1i c\u1ee7a b\u1ea1n \u1edf m\u1ed9t khu v\u1ef1c nh\u1ea5t \u0111\u1ecbnh kh\u00f4ng?<\/h5>    <p>----T\u1ea5t nhi\u00ean, ch\u00fang t\u00f4i hoan ngh\u00eanh c\u00e1c nh\u00e0 ph\u00e2n ph\u1ed1i, ch\u00fang t\u00f4i s\u1ebd cung c\u1ea5p gi\u00e1 c\u1ea3 v\u00e0 d\u1ecbch v\u1ee5 c\u1ea1nh tranh h\u01a1n khi b\u1ea1n mua s\u1ed1 l\u01b0\u1ee3ng kh\u00e1c nhau.<\/p>    <h5 class=\"wp-block-heading has-text-color\" style=\"color:#0177cf\">C\u00e2u h\u1ecfi 2:\u00a0Lo\u1ea1i m\u00e0ng cu\u1ed9n n\u00e0o c\u00f3 th\u1ec3 \u0111\u01b0\u1ee3c s\u1eed d\u1ee5ng cho m\u00e1y c\u1ee7a b\u1ea1n?<\/h5>    <p>\u2014-Polypropylene\/polyethylene,\u00a0nh\u00f4m\u00a0l\u00e1\/polyethylene,\u00a0polyester\/nh\u00f4m\/polyethylene, nylon\/polyethylene gia c\u1ed1, gi\u1ea5y\/polyethylene, gi\u1ea5y l\u1ecdc, v.v.<\/p>    <h5 class=\"wp-block-heading has-text-color\" style=\"color:#0177cf\">C\u00e2u h\u1ecfi 3:\u00a0\u0110\u1ed1i v\u1edbi m\u00e1y \u0111\u00f3ng g\u00f3i h\u1ea1t,\u00a0s\u1ebd gi\u1ea3m bao nhi\u00eau tr\u1ecdng l\u01b0\u1ee3ng\u00a0khi th\u00e1o c\u1ed1c \u0111ong?<\/h5>    <p>\u2014-C\u00e1c v\u1eadt th\u1ec3 kh\u00e1c nhau\u00a0kh\u00e1c nhau v\u00ec m\u1eadt \u0111\u1ed9 c\u1ee7a c\u00e1c v\u1eadt th\u1ec3 kh\u00e1c nhau. Ch\u00fang t\u00f4i s\u1ebd \u0111\u01b0a ra g\u1ee3i \u00fd cho b\u1ea1n d\u1ef1a tr\u00ean s\u1ea3n ph\u1ea9m c\u1ee7a b\u1ea1n.<\/p>    <h5 class=\"wp-block-heading has-text-color\" style=\"color:#0177cf\">C\u00e2u 4:\u00a0M\u00e1y \u0111\u00f3ng g\u00f3i c\u1ee7a b\u1ea1n c\u00f3 th\u1ec3 in ng\u00e0y th\u00e1ng kh\u00f4ng?<\/h5>    <p>--\u0110\u00fang. Ch\u00fang ta c\u00f3 th\u1ec3 th\u00eam m\u1ed9t thi\u1ebft b\u1ecb \u0111\u1ec3 in ng\u00e0y s\u1ea3n xu\u1ea5t\/S\u1ed1 l\u00f4\/Ng\u00e0y h\u1ebft h\u1ea1n.<\/p>    <h5 class=\"wp-block-heading has-text-color\" style=\"color:#0177cf\">C\u00e2u 5: Ph\u1ea1m vi \u0111\u00f3ng g\u00f3i c\u1ee7a t\u00f4i l\u00e0 250-1500 gram, t\u00f4i c\u00f3 th\u1ec3 s\u1eed d\u1ee5ng m\u1ed9t g\u00f3i m\u00e1y kh\u00f4ng?<\/h5>    <p>\u2014-Ch\u00fang t\u00f4i c\u00f3 c\u00e1c m\u1eabu m\u00e1y kh\u00e1c nhau cho c\u00e1c ph\u1ea1m vi \u0111\u00f3ng g\u00f3i kh\u00e1c nhau. Ch\u00fang t\u00f4i h\u1ed7 tr\u1ee3 t\u00f9y ch\u1ec9nh c\u00e1c gi\u1ea3i ph\u00e1p kh\u00e1c nhau cho b\u1ea1n t\u00f9y theo t\u00ecnh hu\u1ed1ng c\u1ee5 th\u1ec3 c\u1ee7a b\u1ea1n.<\/p>    <h5 class=\"wp-block-heading has-text-color\" style=\"color:#0177cf\">C\u00e2u h\u1ecfi 6:\u00a0\u0110\u1ed1i v\u1edbi m\u00e1y \u0111\u00f3ng g\u00f3i g\u1ed1i,\u00a0t\u00f4i c\u00f3 th\u1ec3 t\u1ef1 \u0111i\u1ec1u ch\u1ec9nh \u0111\u1ed9 r\u1ed9ng c\u1ee7a t\u00fai kh\u00f4ng?<\/h5>    <p>--T\u1ea5t nhi\u00ean r\u1ed3i. B\u1ea1n c\u00f3 th\u1ec3 \u0111i\u1ec1u ch\u1ec9nh \u0111\u1ed9 r\u1ed9ng trong m\u1ed9t ph\u1ea1m vi nh\u1ea5t \u0111\u1ecbnh. Ch\u00fang t\u00f4i s\u1ebd cho b\u1ea1n l\u1eddi khuy\u00ean.<\/p>    <h5 class=\"wp-block-heading has-text-color\" style=\"color:#0177cf\">Q7:\u00a0K\u1ec3 t\u1eeb ng\u00e0y \u0111\u1eb7t h\u00e0ng, t\u00f4i c\u00f3 th\u1ec3 nh\u1eadn \u0111\u01b0\u1ee3c m\u00e1y trong bao nhi\u00eau ng\u00e0y?<\/h5>    <p>----N\u1ebfu m\u00e1y b\u1ea1n c\u1ea7n c\u00f3 s\u1eb5n, ch\u00fang t\u00f4i c\u00f3 th\u1ec3 s\u1eafp x\u1ebfp ngay l\u1eadp t\u1ee9c. N\u00f3i chung 7-15 ng\u00e0y m\u00e1y \u0111\u00e3 s\u1eb5n s\u00e0ng. Sau \u0111\u00e2y c\u1ea7n \u0111\u01b0\u1ee3c xem x\u00e9t l\u00e0 c\u00e1ch giao h\u00e0ng. Th\u1eddi gian \u0111\u1ebfn thay \u0111\u1ed5i t\u00f9y theo c\u00f4ng ty v\u1eadn chuy\u1ec3n \u0111\u00e3 ch\u1ecdn. N\u00f3 ph\u1ee5 thu\u1ed9c v\u00e0o t\u00ecnh h\u00ecnh th\u1ef1c t\u1ebf.<\/p>    <h5 class=\"wp-block-heading has-text-color\" style=\"color:#0177cf\">C\u00e2u h\u1ecfi 8:\u00a0L\u00e0m th\u1ebf n\u00e0o \u0111\u1ec3 \u0111\u1ea3m b\u1ea3o r\u1eb1ng t\u00f4i c\u00f3 th\u1ec3 c\u00f3 \u0111\u01b0\u1ee3c nh\u1eefng chi\u1ebfc m\u00e1y c\u00f3 ch\u1ea5t l\u01b0\u1ee3ng v\u01b0\u1ee3t tr\u1ed9i ho\u1eb7c c\u00f9ng lo\u1ea1i m\u00e1y m\u00e0 ch\u00fang ta \u0111\u00e3 th\u1ea3o lu\u1eadn tr\u01b0\u1edbc \u0111\u00e2y?<\/h5>    <p>--\u0110\u1eebng lo l\u1eafng. Tr\u01b0\u1edbc khi s\u1ea3n xu\u1ea5t, ch\u00fang t\u00f4i s\u1ebd x\u00e1c nh\u1eadn m\u1ecdi chi ti\u1ebft t\u1eeb b\u1ea1n. Khi m\u00e1y \u0111\u1ebfn, ch\u00fang t\u00f4i quay video v\u1ec1 qu\u00e1 tr\u00ecnh v\u1eadn h\u00e0nh \u0111\u1ec3 \u0111\u1ea3m b\u1ea3o m\u00e1y \u1edf t\u00ecnh tr\u1ea1ng t\u1ed1t. B\u1ea5t k\u1ef3 nghi ng\u1edd g\u00ec b\u1ea1n c\u00f3 th\u1ec3 li\u00ean h\u1ec7 v\u1edbi ch\u00fang t\u00f4i b\u1ea5t c\u1ee9 l\u00fac n\u00e0o.<\/p>    <h5 class=\"wp-block-heading has-text-color\" style=\"color:#0177cf\">C\u00e2u h\u1ecfi 9:\u00a0B\u1ea1n cung c\u1ea5p d\u1ecbch v\u1ee5 h\u1eadu m\u00e3i n\u00e0o?<\/h5>    <p>----N\u00f3i chung, b\u1ea3o h\u00e0nh 24 th\u00e1ng v\u00e0 b\u1ea3o tr\u00ec tr\u1ecdn \u0111\u1eddi. Ngo\u00e0i ra c\u00f2n c\u00f3 h\u01b0\u1edbng d\u1eabn c\u00e0i \u0111\u1eb7t, h\u1ed7 tr\u1ee3 video, h\u1ed7 tr\u1ee3 tr\u1ef1c tuy\u1ebfn.<\/p>    <h5 class=\"wp-block-heading has-text-color\" style=\"color:#0177cf\">C\u00e2u h\u1ecfi 10:\u00a0Ph\u01b0\u01a1ng th\u1ee9c thanh to\u00e1n c\u1ee7a b\u1ea1n l\u00e0 g\u00ec?<\/h5>    <p>----T\/T v\u00e0 th\u1ebb t\u00edn d\u1ee5ng. Ph\u1ea3i thanh to\u00e1n t\u1ea1m \u1ee9ng 50% tr\u01b0\u1edbc khi giao h\u00e0ng v\u00e0 s\u1ed1 d\u01b0 50% \u0111\u01b0\u1ee3c thanh to\u00e1n sau khi nh\u1eadn m\u00e1y. Tuy nhi\u00ean, s\u1ed1 ti\u1ec1n nh\u1ecf ph\u1ea3i \u0111\u01b0\u1ee3c thanh to\u00e1n theo c\u00e1ch 100%.<\/p> <\/div><\/div>  <\/div><\/div>","protected":false},"excerpt":{"rendered":"<p>Q1: T\u00f4i c\u00f3 th\u1ec3 tr\u1edf th\u00e0nh nh\u00e0 ph\u00e2n ph\u1ed1i c\u1ee7a b\u1ea1n \u1edf m\u1ed9t khu v\u1ef1c nh\u1ea5t \u0111\u1ecbnh kh\u00f4ng? ----T\u1ea5t nhi\u00ean, ch\u00fang t\u00f4i hoan ngh\u00eanh c\u00e1c nh\u00e0 ph\u00e2n ph\u1ed1i, ch\u00fang t\u00f4i s\u1ebd cung c\u1ea5p gi\u00e1 c\u1ea3 v\u00e0 d\u1ecbch v\u1ee5 c\u1ea1nh tranh h\u01a1n khi b\u1ea1n mua s\u1ed1 l\u01b0\u1ee3ng kh\u00e1c nhau. C\u00e2u h\u1ecfi 2:\u00a0Lo\u1ea1i m\u00e0ng cu\u1ed9n n\u00e0o c\u00f3 th\u1ec3 \u0111\u01b0\u1ee3c s\u1eed d\u1ee5ng cho m\u00e1y c\u1ee7a b\u1ea1n? \u2014-Polypropylene\/polyethylene,\u00a0nh\u00f4m\u00a0l\u00e1\/polyethylene,\u00a0polyester\/nh\u00f4m\/polyethylene, nylon\/polyethylene gia c\u1ed1, gi\u1ea5y\/polyethylene, gi\u1ea5y l\u1ecdc, v.v. C\u00e2u 3:\u00a0\u0110\u1ed1i v\u1edbi m\u00e1y \u0111\u00f3ng g\u00f3i h\u1ea1t,\u00a0tr\u1ecdng l\u01b0\u1ee3ng s\u1ebd l\u00e0 bao nhi\u00eau\u2026<\/p>","protected":false},"author":1,"featured_media":0,"parent":0,"menu_order":0,"comment_status":"closed","ping_status":"closed","template":"","meta":{"_kad_blocks_custom_css":"","_kad_blocks_head_custom_js":"","_kad_blocks_body_custom_js":"","_kad_blocks_footer_custom_js":"","_kadence_starter_templates_imported_post":false,"_kad_post_transparent":"","_kad_post_title":"","_kad_post_layout":"normal","_kad_post_sidebar_id":"","_kad_post_content_style":"","_kad_post_vertical_padding":"","_kad_post_feature":"","_kad_post_feature_position":"","_kad_post_header":false,"_kad_post_footer":false,"_kad_post_classname":"","footnotes":""},"class_list":["post-964","page","type-page","status-publish","hentry"],"taxonomy_info":[],"featured_image_src_large":false,"author_info":{"display_name":"Frank","author_link":"https:\/\/toppackingmachine.com\/vi\/author\/admin\/"},"comment_info":0,"_links":{"self":[{"href":"https:\/\/toppackingmachine.com\/vi\/wp-json\/wp\/v2\/pages\/964","targetHints":{"allow":["GET"]}}],"collection":[{"href":"https:\/\/toppackingmachine.com\/vi\/wp-json\/wp\/v2\/pages"}],"about":[{"href":"https:\/\/toppackingmachine.com\/vi\/wp-json\/wp\/v2\/types\/page"}],"author":[{"embeddable":true,"href":"https:\/\/toppackingmachine.com\/vi\/wp-json\/wp\/v2\/users\/1"}],"replies":[{"embeddable":true,"href":"https:\/\/toppackingmachine.com\/vi\/wp-json\/wp\/v2\/comments?post=964"}],"version-history":[{"count":0,"href":"https:\/\/toppackingmachine.com\/vi\/wp-json\/wp\/v2\/pages\/964\/revisions"}],"wp:attachment":[{"href":"https:\/\/toppackingmachine.com\/vi\/wp-json\/wp\/v2\/media?parent=964"}],"curies":[{"name":"wp","href":"https:\/\/api.w.org\/{rel}","templated":true}]}}