{"id":980,"date":"2021-08-10T12:49:50","date_gmt":"2021-08-10T12:49:50","guid":{"rendered":"https:\/\/toppackingmachine.com\/?page_id=980"},"modified":"2024-05-22T17:20:10","modified_gmt":"2024-05-22T09:20:10","slug":"contact-us","status":"publish","type":"page","link":"https:\/\/toppackingmachine.com\/vi\/contact-us\/","title":{"rendered":"Li\u00ean h\u1ec7 ch\u00fang t\u00f4i"},"content":{"rendered":"<h2 class=\"wp-block-heading has-text-align-center\">Th\u00f4ng tin li\u00ean l\u1ea1c<\/h2>    <div class=\"wp-block-columns is-layout-flex wp-container-core-columns-is-layout-9d6595d7 wp-block-columns-is-layout-flex\"> <div class=\"wp-block-column is-layout-flow wp-block-column-is-layout-flow\"><div class=\"wp-block-image\"> <figure class=\"aligncenter size-full\"><img loading=\"lazy\" decoding=\"async\" width=\"115\" height=\"115\" src=\"https:\/\/toppackingmachine.com\/wp-content\/uploads\/2021\/08\/icon-three.png\" alt=\"\" class=\"wp-image-1384\" title=\"\"><figcaption class=\"wp-element-caption\">GH\u00c9 TH\u0102M CH\u00daNG T\u00d4I<\/figcaption><\/figure> <\/div>   <p class=\"has-text-align-center\">\u0110\u01b0\u1eddng H\u1ea3i l\u00fd ph\u00eda \u0110\u00f4ng, Khu ph\u00e1t tri\u1ec3n kinh t\u1ebf Tr\u1ecbnh Ch\u00e2u.<\/p>    <h6 class=\"wp-block-heading has-text-align-center has-text-color\" style=\"color:#0177cf\">Th\u00e0nh ph\u1ed1 Tr\u1ecbnh Ch\u00e2u, H\u00e0 Nam, Trung Qu\u1ed1c<\/h6> <\/div>    <div class=\"wp-block-column is-layout-flow wp-block-column-is-layout-flow\"><div class=\"wp-block-image\"> <figure class=\"aligncenter size-full\"><img loading=\"lazy\" decoding=\"async\" width=\"135\" height=\"123\" src=\"https:\/\/toppackingmachine.com\/wp-content\/uploads\/2021\/08\/icon-two.png\" alt=\"\" class=\"wp-image-1383\" title=\"\"><figcaption class=\"wp-element-caption\">G\u1eecI EMAIL CHO CH\u00daNG T\u00d4I<\/figcaption><\/figure> <\/div>   <p class=\"has-text-align-center\">C\u1ea7n b\u00e1o gi\u00e1 mi\u1ec5n ph\u00ed ho\u1eb7c th\u00eam h\u1ed3 s\u01a1 s\u1ea3n ph\u1ea9m? G\u1eedi email cho ch\u00fang t\u00f4i ngay h\u00f4m nay.<\/p>    <h6 class=\"wp-block-heading has-text-align-center has-text-color\" style=\"color:#0177cf\"><a href=\"mailto:sales@toppackingmachine.com\">sales@toppackingmachine.com<\/a><\/h6> <\/div>    <div class=\"wp-block-column is-layout-flow wp-block-column-is-layout-flow\"><div class=\"wp-block-image\"> <figure class=\"aligncenter size-full\"><img loading=\"lazy\" decoding=\"async\" width=\"123\" height=\"115\" src=\"https:\/\/toppackingmachine.com\/wp-content\/uploads\/2021\/08\/icon-one.png\" alt=\"\" class=\"wp-image-1382\" title=\"\"><figcaption class=\"wp-element-caption\">G\u1eccI CHO CH\u00daNG T\u00d4I<\/figcaption><\/figure> <\/div>   <p class=\"has-text-align-center\">B\u1ea1n quan t\u00e2m \u0111\u1ebfn m\u00e1y \u0111\u00f3ng g\u00f3i ch\u1ea5t l\u01b0\u1ee3ng v\u00e0 gi\u00e1 c\u1ea3 ph\u1ea3i ch\u0103ng? G\u1ecdi cho ch\u00fang t\u00f4i<\/p>    <h6 class=\"wp-block-heading has-text-align-center has-text-color\" style=\"color:#0177cf\"><a href=\"tel:8617329326135\">\u0110T: 8617320158259<\/a><\/h6>    <p class=\"has-text-align-center\">WhatsApp: 8617329326135<\/p> <\/div> <\/div>      <p><\/p>","protected":false},"excerpt":{"rendered":"<p>Th\u00f4ng tin li\u00ean h\u1ec7 \u0110\u01b0\u1eddng H\u1ea3i l\u00fd ph\u00eda \u0110\u00f4ng, Khu ph\u00e1t tri\u1ec3n kinh t\u1ebf Tr\u1ecbnh Ch\u00e2u. Th\u00e0nh ph\u1ed1 Zhengzhou, H\u00e0 Nam, Trung Qu\u1ed1c C\u1ea7n b\u00e1o gi\u00e1 mi\u1ec5n ph\u00ed ho\u1eb7c th\u00eam h\u1ed3 s\u01a1 s\u1ea3n ph\u1ea9m? G\u1eedi email cho ch\u00fang t\u00f4i ngay h\u00f4m nay. sales@toppackingmachine.com B\u1ea1n quan t\u00e2m \u0111\u1ebfn m\u00e1y \u0111\u00f3ng g\u00f3i ch\u1ea5t l\u01b0\u1ee3ng v\u00e0 gi\u00e1 c\u1ea3 ph\u1ea3i ch\u0103ng? H\u00e3y g\u1ecdi cho ch\u00fang t\u00f4i \u0110T: 8617320158259 WhatsApp: 8617329326135<\/p>","protected":false},"author":1,"featured_media":0,"parent":0,"menu_order":0,"comment_status":"closed","ping_status":"closed","template":"","meta":{"_kad_blocks_custom_css":"","_kad_blocks_head_custom_js":"","_kad_blocks_body_custom_js":"","_kad_blocks_footer_custom_js":"","_kadence_starter_templates_imported_post":false,"_kad_post_transparent":"","_kad_post_title":"","_kad_post_layout":"","_kad_post_sidebar_id":"","_kad_post_content_style":"","_kad_post_vertical_padding":"","_kad_post_feature":"","_kad_post_feature_position":"","_kad_post_header":false,"_kad_post_footer":false,"_kad_post_classname":"","footnotes":""},"class_list":["post-980","page","type-page","status-publish","hentry"],"taxonomy_info":[],"featured_image_src_large":false,"author_info":{"display_name":"Frank","author_link":"https:\/\/toppackingmachine.com\/vi\/author\/admin\/"},"comment_info":0,"_links":{"self":[{"href":"https:\/\/toppackingmachine.com\/vi\/wp-json\/wp\/v2\/pages\/980","targetHints":{"allow":["GET"]}}],"collection":[{"href":"https:\/\/toppackingmachine.com\/vi\/wp-json\/wp\/v2\/pages"}],"about":[{"href":"https:\/\/toppackingmachine.com\/vi\/wp-json\/wp\/v2\/types\/page"}],"author":[{"embeddable":true,"href":"https:\/\/toppackingmachine.com\/vi\/wp-json\/wp\/v2\/users\/1"}],"replies":[{"embeddable":true,"href":"https:\/\/toppackingmachine.com\/vi\/wp-json\/wp\/v2\/comments?post=980"}],"version-history":[{"count":0,"href":"https:\/\/toppackingmachine.com\/vi\/wp-json\/wp\/v2\/pages\/980\/revisions"}],"wp:attachment":[{"href":"https:\/\/toppackingmachine.com\/vi\/wp-json\/wp\/v2\/media?parent=980"}],"curies":[{"name":"wp","href":"https:\/\/api.w.org\/{rel}","templated":true}]}}